{"id":9976,"date":"2025-09-17T17:56:03","date_gmt":"2025-09-17T14:56:03","guid":{"rendered":"https:\/\/siljart.fi\/?post_type=product&#038;p=9976"},"modified":"2026-03-21T00:55:41","modified_gmt":"2026-03-20T22:55:41","slug":"teos-kankaalle-a-story-of-wonder","status":"publish","type":"product","link":"https:\/\/siljart.fi\/en\/product\/teos-kankaalle-a-story-of-wonder\/","title":{"rendered":"Artwork on canvas \u201dA Story of Wonder\u201d 135cm x 75cm"},"content":{"rendered":"<p>Artwork on canvas<\/p>\n<p>2025<\/p>\n<p>Height: 135 cm, Width: 75 cm, Depth: 4 cm<\/p>\n<p>Paint base: pinko deepedge<\/p>\n<p>Ready to hang, signed, certificate of authenticity on the back<\/p>\n<p>Acrylic, mixed media<\/p>\n<p>Free door-to-door delivery in Finland within 3-5 working days<\/p>\n<p><iframe loading=\"lazy\" title=\"Uusin teokseni kantaa nime\u00e4 &quot;A Story of Wonder&quot;. Mit\u00e4 mielt\u00e4 olet?\ud83d\ude0d #inspirationalart  #finnishart\" width=\"563\" height=\"1000\" src=\"https:\/\/www.youtube.com\/embed\/FuchiqyUxx4?feature=oembed\"  allow=\"accelerometer; autoplay; clipboard-write; encrypted-media; gyroscope; picture-in-picture; web-share\" referrerpolicy=\"strict-origin-when-cross-origin\" allowfullscreen><\/iframe><\/p>\n<span class=\"et_bloom_bottom_trigger\"><\/span>","protected":false},"excerpt":{"rendered":"<p>Teos kankaalle 2025 korkeus: 135cm leveys: 75cm paksuus: 4cm Maalauspohja: Pinko deepedge Ripustusvalmis, signeerattu, aitoustodistus takana Akryyli, sekatekniikka Hintaan sis\u00e4ltyy kotiovelle toimitus Suomessa 3-5 arkip\u00e4iv\u00e4ss\u00e4<\/p>","protected":false},"featured_media":9977,"template":"","meta":{"_et_pb_use_builder":"","_et_pb_old_content":"","_et_gb_content_width":""},"product_brand":[],"product_cat":[55],"product_tag":[134,42],"class_list":{"0":"post-9976","1":"product","2":"type-product","3":"status-publish","4":"has-post-thumbnail","6":"product_cat-teokset-kankaalle","7":"product_tag-134","8":"product_tag-teos-kankaalle","10":"first","11":"instock","12":"sold-individually","13":"taxable","14":"shipping-taxable","15":"purchasable","16":"product-type-simple"},"yoast_head":"<!-- This site is optimized with the Yoast SEO plugin v27.4 - https:\/\/yoast.com\/product\/yoast-seo-wordpress\/ -->\n<title>Teos kankaalle &quot;A Story of Wonder&quot; 135cm x 75cm &#8211; Siljart<\/title>\n<meta name=\"robots\" content=\"index, follow, max-snippet:-1, max-image-preview:large, max-video-preview:-1\" \/>\n<link rel=\"canonical\" href=\"https:\/\/siljart.fi\/en\/product\/teos-kankaalle-a-story-of-wonder\/\" \/>\n<meta property=\"og:locale\" content=\"en_GB\" \/>\n<meta property=\"og:type\" content=\"article\" \/>\n<meta property=\"og:title\" content=\"Teos kankaalle &quot;A Story of Wonder&quot; 135cm x 75cm &#8211; Siljart\" \/>\n<meta property=\"og:description\" content=\"Teos kankaalle 2025 korkeus: 135cm leveys: 75cm paksuus: 4cm Maalauspohja: Pinko deepedge Ripustusvalmis, signeerattu, aitoustodistus takana Akryyli, sekatekniikka Hintaan sis\u00e4ltyy kotiovelle toimitus Suomessa 3-5 arkip\u00e4iv\u00e4ss\u00e4\" \/>\n<meta property=\"og:url\" content=\"https:\/\/siljart.fi\/en\/product\/teos-kankaalle-a-story-of-wonder\/\" \/>\n<meta property=\"og:site_name\" content=\"Siljart\" \/>\n<meta property=\"article:publisher\" content=\"https:\/\/www.facebook.com\/Siljalitalo\/\" \/>\n<meta property=\"article:modified_time\" content=\"2026-03-20T22:55:41+00:00\" \/>\n<meta property=\"og:image\" content=\"https:\/\/siljart.fi\/wp-content\/uploads\/2025\/09\/SiljArt-A-Story-of-Wonder.jpg\" \/>\n\t<meta property=\"og:image:width\" content=\"1440\" \/>\n\t<meta property=\"og:image:height\" content=\"1920\" \/>\n\t<meta property=\"og:image:type\" content=\"image\/jpeg\" \/>\n<meta name=\"twitter:card\" content=\"summary_large_image\" \/>\n<meta name=\"twitter:label1\" content=\"Estimated reading time\" \/>\n\t<meta name=\"twitter:data1\" content=\"1 minute\" \/>\n<script type=\"application\/ld+json\" class=\"yoast-schema-graph\">{\"@context\":\"https:\\\/\\\/schema.org\",\"@graph\":[{\"@type\":\"WebPage\",\"@id\":\"https:\\\/\\\/siljart.fi\\\/tuote\\\/teos-kankaalle-a-story-of-wonder\\\/\",\"url\":\"https:\\\/\\\/siljart.fi\\\/tuote\\\/teos-kankaalle-a-story-of-wonder\\\/\",\"name\":\"Teos kankaalle \\\"A Story of Wonder\\\" 135cm x 75cm &#8211; Siljart\",\"isPartOf\":{\"@id\":\"https:\\\/\\\/siljart.fi\\\/#website\"},\"primaryImageOfPage\":{\"@id\":\"https:\\\/\\\/siljart.fi\\\/tuote\\\/teos-kankaalle-a-story-of-wonder\\\/#primaryimage\"},\"image\":{\"@id\":\"https:\\\/\\\/siljart.fi\\\/tuote\\\/teos-kankaalle-a-story-of-wonder\\\/#primaryimage\"},\"thumbnailUrl\":\"https:\\\/\\\/siljart.fi\\\/wp-content\\\/uploads\\\/2025\\\/09\\\/SiljArt-A-Story-of-Wonder.jpg\",\"datePublished\":\"2025-09-17T14:56:03+00:00\",\"dateModified\":\"2026-03-20T22:55:41+00:00\",\"breadcrumb\":{\"@id\":\"https:\\\/\\\/siljart.fi\\\/tuote\\\/teos-kankaalle-a-story-of-wonder\\\/#breadcrumb\"},\"inLanguage\":\"en-GB\",\"potentialAction\":[{\"@type\":\"ReadAction\",\"target\":[\"https:\\\/\\\/siljart.fi\\\/tuote\\\/teos-kankaalle-a-story-of-wonder\\\/\"]}]},{\"@type\":\"ImageObject\",\"inLanguage\":\"en-GB\",\"@id\":\"https:\\\/\\\/siljart.fi\\\/tuote\\\/teos-kankaalle-a-story-of-wonder\\\/#primaryimage\",\"url\":\"https:\\\/\\\/siljart.fi\\\/wp-content\\\/uploads\\\/2025\\\/09\\\/SiljArt-A-Story-of-Wonder.jpg\",\"contentUrl\":\"https:\\\/\\\/siljart.fi\\\/wp-content\\\/uploads\\\/2025\\\/09\\\/SiljArt-A-Story-of-Wonder.jpg\",\"width\":1440,\"height\":1920,\"caption\":\"SiljArt - A Story of Wonder\"},{\"@type\":\"BreadcrumbList\",\"@id\":\"https:\\\/\\\/siljart.fi\\\/tuote\\\/teos-kankaalle-a-story-of-wonder\\\/#breadcrumb\",\"itemListElement\":[{\"@type\":\"ListItem\",\"position\":1,\"name\":\"Etusivu\",\"item\":\"https:\\\/\\\/siljart.fi\\\/\"},{\"@type\":\"ListItem\",\"position\":2,\"name\":\"Kauppa\",\"item\":\"https:\\\/\\\/siljart.fi\\\/kauppa\\\/\"},{\"@type\":\"ListItem\",\"position\":3,\"name\":\"Teos kankaalle &#8221;A Story of Wonder&#8221; 135cm x 75cm\"}]},{\"@type\":\"WebSite\",\"@id\":\"https:\\\/\\\/siljart.fi\\\/#website\",\"url\":\"https:\\\/\\\/siljart.fi\\\/\",\"name\":\"Siljart\",\"description\":\"Abstraktia taidetta akustiikkalevylle sek&auml; kankaalle\",\"publisher\":{\"@id\":\"https:\\\/\\\/siljart.fi\\\/#organization\"},\"potentialAction\":[{\"@type\":\"SearchAction\",\"target\":{\"@type\":\"EntryPoint\",\"urlTemplate\":\"https:\\\/\\\/siljart.fi\\\/?s={search_term_string}\"},\"query-input\":{\"@type\":\"PropertyValueSpecification\",\"valueRequired\":true,\"valueName\":\"search_term_string\"}}],\"inLanguage\":\"en-GB\"},{\"@type\":\"Organization\",\"@id\":\"https:\\\/\\\/siljart.fi\\\/#organization\",\"name\":\"Siljart\",\"url\":\"https:\\\/\\\/siljart.fi\\\/\",\"logo\":{\"@type\":\"ImageObject\",\"inLanguage\":\"en-GB\",\"@id\":\"https:\\\/\\\/siljart.fi\\\/#\\\/schema\\\/logo\\\/image\\\/\",\"url\":\"https:\\\/\\\/siljart.fi\\\/wp-content\\\/uploads\\\/2020\\\/11\\\/siljart-logo.png\",\"contentUrl\":\"https:\\\/\\\/siljart.fi\\\/wp-content\\\/uploads\\\/2020\\\/11\\\/siljart-logo.png\",\"width\":300,\"height\":194,\"caption\":\"Siljart\"},\"image\":{\"@id\":\"https:\\\/\\\/siljart.fi\\\/#\\\/schema\\\/logo\\\/image\\\/\"},\"sameAs\":[\"https:\\\/\\\/www.facebook.com\\\/Siljalitalo\\\/\",\"https:\\\/\\\/www.instagram.com\\\/artby.siljart\\\/?hl=fi\",\"https:\\\/\\\/fi.pinterest.com\\\/siljaalitalo\\\/_created\\\/\"]}]}<\/script>\n<!-- \/ Yoast SEO plugin. -->","yoast_head_json":{"title":"Teos kankaalle \"A Story of Wonder\" 135cm x 75cm &#8211; Siljart","robots":{"index":"index","follow":"follow","max-snippet":"max-snippet:-1","max-image-preview":"max-image-preview:large","max-video-preview":"max-video-preview:-1"},"canonical":"https:\/\/siljart.fi\/en\/product\/teos-kankaalle-a-story-of-wonder\/","og_locale":"en_GB","og_type":"article","og_title":"Teos kankaalle \"A Story of Wonder\" 135cm x 75cm &#8211; Siljart","og_description":"Teos kankaalle 2025 korkeus: 135cm leveys: 75cm paksuus: 4cm Maalauspohja: Pinko deepedge Ripustusvalmis, signeerattu, aitoustodistus takana Akryyli, sekatekniikka Hintaan sis\u00e4ltyy kotiovelle toimitus Suomessa 3-5 arkip\u00e4iv\u00e4ss\u00e4","og_url":"https:\/\/siljart.fi\/en\/product\/teos-kankaalle-a-story-of-wonder\/","og_site_name":"Siljart","article_publisher":"https:\/\/www.facebook.com\/Siljalitalo\/","article_modified_time":"2026-03-20T22:55:41+00:00","og_image":[{"width":1440,"height":1920,"url":"https:\/\/siljart.fi\/wp-content\/uploads\/2025\/09\/SiljArt-A-Story-of-Wonder.jpg","type":"image\/jpeg"}],"twitter_card":"summary_large_image","twitter_misc":{"Estimated reading time":"1 minute"},"schema":{"@context":"https:\/\/schema.org","@graph":[{"@type":"WebPage","@id":"https:\/\/siljart.fi\/tuote\/teos-kankaalle-a-story-of-wonder\/","url":"https:\/\/siljart.fi\/tuote\/teos-kankaalle-a-story-of-wonder\/","name":"Teos kankaalle \"A Story of Wonder\" 135cm x 75cm &#8211; Siljart","isPartOf":{"@id":"https:\/\/siljart.fi\/#website"},"primaryImageOfPage":{"@id":"https:\/\/siljart.fi\/tuote\/teos-kankaalle-a-story-of-wonder\/#primaryimage"},"image":{"@id":"https:\/\/siljart.fi\/tuote\/teos-kankaalle-a-story-of-wonder\/#primaryimage"},"thumbnailUrl":"https:\/\/siljart.fi\/wp-content\/uploads\/2025\/09\/SiljArt-A-Story-of-Wonder.jpg","datePublished":"2025-09-17T14:56:03+00:00","dateModified":"2026-03-20T22:55:41+00:00","breadcrumb":{"@id":"https:\/\/siljart.fi\/tuote\/teos-kankaalle-a-story-of-wonder\/#breadcrumb"},"inLanguage":"en-GB","potentialAction":[{"@type":"ReadAction","target":["https:\/\/siljart.fi\/tuote\/teos-kankaalle-a-story-of-wonder\/"]}]},{"@type":"ImageObject","inLanguage":"en-GB","@id":"https:\/\/siljart.fi\/tuote\/teos-kankaalle-a-story-of-wonder\/#primaryimage","url":"https:\/\/siljart.fi\/wp-content\/uploads\/2025\/09\/SiljArt-A-Story-of-Wonder.jpg","contentUrl":"https:\/\/siljart.fi\/wp-content\/uploads\/2025\/09\/SiljArt-A-Story-of-Wonder.jpg","width":1440,"height":1920,"caption":"SiljArt - A Story of Wonder"},{"@type":"BreadcrumbList","@id":"https:\/\/siljart.fi\/tuote\/teos-kankaalle-a-story-of-wonder\/#breadcrumb","itemListElement":[{"@type":"ListItem","position":1,"name":"Etusivu","item":"https:\/\/siljart.fi\/"},{"@type":"ListItem","position":2,"name":"Kauppa","item":"https:\/\/siljart.fi\/kauppa\/"},{"@type":"ListItem","position":3,"name":"Teos kankaalle &#8221;A Story of Wonder&#8221; 135cm x 75cm"}]},{"@type":"WebSite","@id":"https:\/\/siljart.fi\/#website","url":"https:\/\/siljart.fi\/","name":"Siljart","description":"Abstraktia taidetta akustiikkalevylle sek&auml; kankaalle","publisher":{"@id":"https:\/\/siljart.fi\/#organization"},"potentialAction":[{"@type":"SearchAction","target":{"@type":"EntryPoint","urlTemplate":"https:\/\/siljart.fi\/?s={search_term_string}"},"query-input":{"@type":"PropertyValueSpecification","valueRequired":true,"valueName":"search_term_string"}}],"inLanguage":"en-GB"},{"@type":"Organization","@id":"https:\/\/siljart.fi\/#organization","name":"Siljart","url":"https:\/\/siljart.fi\/","logo":{"@type":"ImageObject","inLanguage":"en-GB","@id":"https:\/\/siljart.fi\/#\/schema\/logo\/image\/","url":"https:\/\/siljart.fi\/wp-content\/uploads\/2020\/11\/siljart-logo.png","contentUrl":"https:\/\/siljart.fi\/wp-content\/uploads\/2020\/11\/siljart-logo.png","width":300,"height":194,"caption":"Siljart"},"image":{"@id":"https:\/\/siljart.fi\/#\/schema\/logo\/image\/"},"sameAs":["https:\/\/www.facebook.com\/Siljalitalo\/","https:\/\/www.instagram.com\/artby.siljart\/?hl=fi","https:\/\/fi.pinterest.com\/siljaalitalo\/_created\/"]}]}},"jetpack_sharing_enabled":true,"_links":{"self":[{"href":"https:\/\/siljart.fi\/en\/wp-json\/wp\/v2\/product\/9976","targetHints":{"allow":["GET"]}}],"collection":[{"href":"https:\/\/siljart.fi\/en\/wp-json\/wp\/v2\/product"}],"about":[{"href":"https:\/\/siljart.fi\/en\/wp-json\/wp\/v2\/types\/product"}],"wp:featuredmedia":[{"embeddable":true,"href":"https:\/\/siljart.fi\/en\/wp-json\/wp\/v2\/media\/9977"}],"wp:attachment":[{"href":"https:\/\/siljart.fi\/en\/wp-json\/wp\/v2\/media?parent=9976"}],"wp:term":[{"taxonomy":"product_brand","embeddable":true,"href":"https:\/\/siljart.fi\/en\/wp-json\/wp\/v2\/product_brand?post=9976"},{"taxonomy":"product_cat","embeddable":true,"href":"https:\/\/siljart.fi\/en\/wp-json\/wp\/v2\/product_cat?post=9976"},{"taxonomy":"product_tag","embeddable":true,"href":"https:\/\/siljart.fi\/en\/wp-json\/wp\/v2\/product_tag?post=9976"}],"curies":[{"name":"wp","href":"https:\/\/api.w.org\/{rel}","templated":true}]}}