{"id":9712,"date":"2025-03-23T18:00:36","date_gmt":"2025-03-23T16:00:36","guid":{"rendered":"https:\/\/siljart.fi\/?post_type=product&#038;p=9712"},"modified":"2026-02-06T10:36:41","modified_gmt":"2026-02-06T08:36:41","slug":"fall-in-love-kokonaisuus-2","status":"publish","type":"product","link":"https:\/\/siljart.fi\/en\/product\/fall-in-love-kokonaisuus-2\/","title":{"rendered":"Fall In Love Artwork collection II"},"content":{"rendered":"<p>FALL in love teoskokonaisuus II<\/p>\n<p>Sis\u00e4lt\u00e4\u00e4 nelj\u00e4 teosta \/\u00e0 40cm x 40cm<\/p>\n<p>Jokainen teos on uniikki ja sis\u00e4lt\u00e4\u00e4 oman tarinansa<\/p>\n<p>Maalauspohja: 3,5cm paksu m\u00e4ntykehys, 100% puuvillakangas<\/p>\n<p>Acrylic, mixed media<\/p>\n<p>Ripustusvalmiit (sahalaitaripustin), signeerattu, aitoustodistus mukana<\/p>\n<p>Year of completion 2024<\/p>\n<p>Hintaan sis\u00e4ltyy toimitus l\u00e4himp\u00e4\u00e4n Postin tai Matkahuollon toimipisteeseen 3-5 arkip\u00e4iv\u00e4ss\u00e4<\/p>\n<span class=\"et_bloom_bottom_trigger\"><\/span>","protected":false},"excerpt":{"rendered":"<p>FALL in love teoskokonaisuus II Sis\u00e4lt\u00e4\u00e4 nelj\u00e4 teosta \/\u00e0 40cm x 40cm Jokainen teos on uniikki ja sis\u00e4lt\u00e4\u00e4 oman tarinansa Maalauspohja: 3,5cm paksu m\u00e4ntykehys, 100% puuvillakangas Akryyli, sekatekniikka Ripustusvalmiit (sahalaitaripustin), signeerattu, aitoustodistus mukana Valmistusvuosi 2024 Hintaan sis\u00e4ltyy toimitus l\u00e4himp\u00e4\u00e4n Postin tai Matkahuollon toimipisteeseen 3-5 arkip\u00e4iv\u00e4ss\u00e4<\/p>","protected":false},"featured_media":9713,"template":"","meta":{"_et_pb_use_builder":"","_et_pb_old_content":"","_et_gb_content_width":""},"product_brand":[],"product_cat":[130],"product_tag":[131],"class_list":{"0":"post-9712","1":"product","2":"type-product","3":"status-publish","4":"has-post-thumbnail","6":"product_cat-fall-in-love-teossarja","7":"product_tag-fall-in-love","9":"first","10":"instock","11":"taxable","12":"shipping-taxable","13":"purchasable","14":"product-type-simple"},"yoast_head":"<!-- This site is optimized with the Yoast SEO plugin v27.4 - https:\/\/yoast.com\/product\/yoast-seo-wordpress\/ -->\n<title>Fall In Love kokonaisuus II &#8211; Siljart<\/title>\n<meta name=\"robots\" content=\"index, follow, max-snippet:-1, max-image-preview:large, max-video-preview:-1\" \/>\n<link rel=\"canonical\" href=\"https:\/\/siljart.fi\/en\/product\/fall-in-love-kokonaisuus-2\/\" \/>\n<meta property=\"og:locale\" content=\"en_GB\" \/>\n<meta property=\"og:type\" content=\"article\" \/>\n<meta property=\"og:title\" content=\"Fall In Love kokonaisuus II &#8211; Siljart\" \/>\n<meta property=\"og:description\" content=\"FALL in love teoskokonaisuus II Sis\u00e4lt\u00e4\u00e4 nelj\u00e4 teosta \/\u00e0 40cm x 40cm Jokainen teos on uniikki ja sis\u00e4lt\u00e4\u00e4 oman tarinansa Maalauspohja: 3,5cm paksu m\u00e4ntykehys, 100% puuvillakangas Akryyli, sekatekniikka Ripustusvalmiit (sahalaitaripustin), signeerattu, aitoustodistus mukana Valmistusvuosi 2024 Hintaan sis\u00e4ltyy toimitus l\u00e4himp\u00e4\u00e4n Postin tai Matkahuollon toimipisteeseen 3-5 arkip\u00e4iv\u00e4ss\u00e4\" \/>\n<meta property=\"og:url\" content=\"https:\/\/siljart.fi\/en\/product\/fall-in-love-kokonaisuus-2\/\" \/>\n<meta property=\"og:site_name\" content=\"Siljart\" \/>\n<meta property=\"article:publisher\" content=\"https:\/\/www.facebook.com\/Siljalitalo\/\" \/>\n<meta property=\"article:modified_time\" content=\"2026-02-06T08:36:41+00:00\" \/>\n<meta property=\"og:image\" content=\"https:\/\/siljart.fi\/wp-content\/uploads\/2025\/03\/SiljArt-Fall-In-Love-kokonaisuus-ll.jpg\" \/>\n\t<meta property=\"og:image:width\" content=\"1920\" \/>\n\t<meta property=\"og:image:height\" content=\"1280\" \/>\n\t<meta property=\"og:image:type\" content=\"image\/jpeg\" \/>\n<meta name=\"twitter:card\" content=\"summary_large_image\" \/>\n<meta name=\"twitter:label1\" content=\"Estimated reading time\" \/>\n\t<meta name=\"twitter:data1\" content=\"1 minute\" \/>\n<script type=\"application\/ld+json\" class=\"yoast-schema-graph\">{\"@context\":\"https:\\\/\\\/schema.org\",\"@graph\":[{\"@type\":\"WebPage\",\"@id\":\"https:\\\/\\\/siljart.fi\\\/tuote\\\/fall-in-love-kokonaisuus-2\\\/\",\"url\":\"https:\\\/\\\/siljart.fi\\\/tuote\\\/fall-in-love-kokonaisuus-2\\\/\",\"name\":\"Fall In Love kokonaisuus II &#8211; Siljart\",\"isPartOf\":{\"@id\":\"https:\\\/\\\/siljart.fi\\\/#website\"},\"primaryImageOfPage\":{\"@id\":\"https:\\\/\\\/siljart.fi\\\/tuote\\\/fall-in-love-kokonaisuus-2\\\/#primaryimage\"},\"image\":{\"@id\":\"https:\\\/\\\/siljart.fi\\\/tuote\\\/fall-in-love-kokonaisuus-2\\\/#primaryimage\"},\"thumbnailUrl\":\"https:\\\/\\\/siljart.fi\\\/wp-content\\\/uploads\\\/2025\\\/03\\\/SiljArt-Fall-In-Love-kokonaisuus-ll.jpg\",\"datePublished\":\"2025-03-23T16:00:36+00:00\",\"dateModified\":\"2026-02-06T08:36:41+00:00\",\"breadcrumb\":{\"@id\":\"https:\\\/\\\/siljart.fi\\\/tuote\\\/fall-in-love-kokonaisuus-2\\\/#breadcrumb\"},\"inLanguage\":\"en-GB\",\"potentialAction\":[{\"@type\":\"ReadAction\",\"target\":[\"https:\\\/\\\/siljart.fi\\\/tuote\\\/fall-in-love-kokonaisuus-2\\\/\"]}]},{\"@type\":\"ImageObject\",\"inLanguage\":\"en-GB\",\"@id\":\"https:\\\/\\\/siljart.fi\\\/tuote\\\/fall-in-love-kokonaisuus-2\\\/#primaryimage\",\"url\":\"https:\\\/\\\/siljart.fi\\\/wp-content\\\/uploads\\\/2025\\\/03\\\/SiljArt-Fall-In-Love-kokonaisuus-ll.jpg\",\"contentUrl\":\"https:\\\/\\\/siljart.fi\\\/wp-content\\\/uploads\\\/2025\\\/03\\\/SiljArt-Fall-In-Love-kokonaisuus-ll.jpg\",\"width\":1920,\"height\":1280,\"caption\":\"SiljArt - Fall In Love kokonaisuus ll\"},{\"@type\":\"BreadcrumbList\",\"@id\":\"https:\\\/\\\/siljart.fi\\\/tuote\\\/fall-in-love-kokonaisuus-2\\\/#breadcrumb\",\"itemListElement\":[{\"@type\":\"ListItem\",\"position\":1,\"name\":\"Etusivu\",\"item\":\"https:\\\/\\\/siljart.fi\\\/\"},{\"@type\":\"ListItem\",\"position\":2,\"name\":\"Kauppa\",\"item\":\"https:\\\/\\\/siljart.fi\\\/kauppa\\\/\"},{\"@type\":\"ListItem\",\"position\":3,\"name\":\"Fall In Love kokonaisuus II\"}]},{\"@type\":\"WebSite\",\"@id\":\"https:\\\/\\\/siljart.fi\\\/#website\",\"url\":\"https:\\\/\\\/siljart.fi\\\/\",\"name\":\"Siljart\",\"description\":\"Abstraktia taidetta akustiikkalevylle sek&auml; kankaalle\",\"publisher\":{\"@id\":\"https:\\\/\\\/siljart.fi\\\/#organization\"},\"potentialAction\":[{\"@type\":\"SearchAction\",\"target\":{\"@type\":\"EntryPoint\",\"urlTemplate\":\"https:\\\/\\\/siljart.fi\\\/?s={search_term_string}\"},\"query-input\":{\"@type\":\"PropertyValueSpecification\",\"valueRequired\":true,\"valueName\":\"search_term_string\"}}],\"inLanguage\":\"en-GB\"},{\"@type\":\"Organization\",\"@id\":\"https:\\\/\\\/siljart.fi\\\/#organization\",\"name\":\"Siljart\",\"url\":\"https:\\\/\\\/siljart.fi\\\/\",\"logo\":{\"@type\":\"ImageObject\",\"inLanguage\":\"en-GB\",\"@id\":\"https:\\\/\\\/siljart.fi\\\/#\\\/schema\\\/logo\\\/image\\\/\",\"url\":\"https:\\\/\\\/siljart.fi\\\/wp-content\\\/uploads\\\/2020\\\/11\\\/siljart-logo.png\",\"contentUrl\":\"https:\\\/\\\/siljart.fi\\\/wp-content\\\/uploads\\\/2020\\\/11\\\/siljart-logo.png\",\"width\":300,\"height\":194,\"caption\":\"Siljart\"},\"image\":{\"@id\":\"https:\\\/\\\/siljart.fi\\\/#\\\/schema\\\/logo\\\/image\\\/\"},\"sameAs\":[\"https:\\\/\\\/www.facebook.com\\\/Siljalitalo\\\/\",\"https:\\\/\\\/www.instagram.com\\\/artby.siljart\\\/?hl=fi\",\"https:\\\/\\\/fi.pinterest.com\\\/siljaalitalo\\\/_created\\\/\"]}]}<\/script>\n<!-- \/ Yoast SEO plugin. -->","yoast_head_json":{"title":"Fall In Love kokonaisuus II &#8211; Siljart","robots":{"index":"index","follow":"follow","max-snippet":"max-snippet:-1","max-image-preview":"max-image-preview:large","max-video-preview":"max-video-preview:-1"},"canonical":"https:\/\/siljart.fi\/en\/product\/fall-in-love-kokonaisuus-2\/","og_locale":"en_GB","og_type":"article","og_title":"Fall In Love kokonaisuus II &#8211; Siljart","og_description":"FALL in love teoskokonaisuus II Sis\u00e4lt\u00e4\u00e4 nelj\u00e4 teosta \/\u00e0 40cm x 40cm Jokainen teos on uniikki ja sis\u00e4lt\u00e4\u00e4 oman tarinansa Maalauspohja: 3,5cm paksu m\u00e4ntykehys, 100% puuvillakangas Akryyli, sekatekniikka Ripustusvalmiit (sahalaitaripustin), signeerattu, aitoustodistus mukana Valmistusvuosi 2024 Hintaan sis\u00e4ltyy toimitus l\u00e4himp\u00e4\u00e4n Postin tai Matkahuollon toimipisteeseen 3-5 arkip\u00e4iv\u00e4ss\u00e4","og_url":"https:\/\/siljart.fi\/en\/product\/fall-in-love-kokonaisuus-2\/","og_site_name":"Siljart","article_publisher":"https:\/\/www.facebook.com\/Siljalitalo\/","article_modified_time":"2026-02-06T08:36:41+00:00","og_image":[{"width":1920,"height":1280,"url":"https:\/\/siljart.fi\/wp-content\/uploads\/2025\/03\/SiljArt-Fall-In-Love-kokonaisuus-ll.jpg","type":"image\/jpeg"}],"twitter_card":"summary_large_image","twitter_misc":{"Estimated reading time":"1 minute"},"schema":{"@context":"https:\/\/schema.org","@graph":[{"@type":"WebPage","@id":"https:\/\/siljart.fi\/tuote\/fall-in-love-kokonaisuus-2\/","url":"https:\/\/siljart.fi\/tuote\/fall-in-love-kokonaisuus-2\/","name":"Fall In Love kokonaisuus II &#8211; Siljart","isPartOf":{"@id":"https:\/\/siljart.fi\/#website"},"primaryImageOfPage":{"@id":"https:\/\/siljart.fi\/tuote\/fall-in-love-kokonaisuus-2\/#primaryimage"},"image":{"@id":"https:\/\/siljart.fi\/tuote\/fall-in-love-kokonaisuus-2\/#primaryimage"},"thumbnailUrl":"https:\/\/siljart.fi\/wp-content\/uploads\/2025\/03\/SiljArt-Fall-In-Love-kokonaisuus-ll.jpg","datePublished":"2025-03-23T16:00:36+00:00","dateModified":"2026-02-06T08:36:41+00:00","breadcrumb":{"@id":"https:\/\/siljart.fi\/tuote\/fall-in-love-kokonaisuus-2\/#breadcrumb"},"inLanguage":"en-GB","potentialAction":[{"@type":"ReadAction","target":["https:\/\/siljart.fi\/tuote\/fall-in-love-kokonaisuus-2\/"]}]},{"@type":"ImageObject","inLanguage":"en-GB","@id":"https:\/\/siljart.fi\/tuote\/fall-in-love-kokonaisuus-2\/#primaryimage","url":"https:\/\/siljart.fi\/wp-content\/uploads\/2025\/03\/SiljArt-Fall-In-Love-kokonaisuus-ll.jpg","contentUrl":"https:\/\/siljart.fi\/wp-content\/uploads\/2025\/03\/SiljArt-Fall-In-Love-kokonaisuus-ll.jpg","width":1920,"height":1280,"caption":"SiljArt - Fall In Love kokonaisuus ll"},{"@type":"BreadcrumbList","@id":"https:\/\/siljart.fi\/tuote\/fall-in-love-kokonaisuus-2\/#breadcrumb","itemListElement":[{"@type":"ListItem","position":1,"name":"Etusivu","item":"https:\/\/siljart.fi\/"},{"@type":"ListItem","position":2,"name":"Kauppa","item":"https:\/\/siljart.fi\/kauppa\/"},{"@type":"ListItem","position":3,"name":"Fall In Love kokonaisuus II"}]},{"@type":"WebSite","@id":"https:\/\/siljart.fi\/#website","url":"https:\/\/siljart.fi\/","name":"Siljart","description":"Abstraktia taidetta akustiikkalevylle sek&auml; kankaalle","publisher":{"@id":"https:\/\/siljart.fi\/#organization"},"potentialAction":[{"@type":"SearchAction","target":{"@type":"EntryPoint","urlTemplate":"https:\/\/siljart.fi\/?s={search_term_string}"},"query-input":{"@type":"PropertyValueSpecification","valueRequired":true,"valueName":"search_term_string"}}],"inLanguage":"en-GB"},{"@type":"Organization","@id":"https:\/\/siljart.fi\/#organization","name":"Siljart","url":"https:\/\/siljart.fi\/","logo":{"@type":"ImageObject","inLanguage":"en-GB","@id":"https:\/\/siljart.fi\/#\/schema\/logo\/image\/","url":"https:\/\/siljart.fi\/wp-content\/uploads\/2020\/11\/siljart-logo.png","contentUrl":"https:\/\/siljart.fi\/wp-content\/uploads\/2020\/11\/siljart-logo.png","width":300,"height":194,"caption":"Siljart"},"image":{"@id":"https:\/\/siljart.fi\/#\/schema\/logo\/image\/"},"sameAs":["https:\/\/www.facebook.com\/Siljalitalo\/","https:\/\/www.instagram.com\/artby.siljart\/?hl=fi","https:\/\/fi.pinterest.com\/siljaalitalo\/_created\/"]}]}},"jetpack_sharing_enabled":true,"_links":{"self":[{"href":"https:\/\/siljart.fi\/en\/wp-json\/wp\/v2\/product\/9712","targetHints":{"allow":["GET"]}}],"collection":[{"href":"https:\/\/siljart.fi\/en\/wp-json\/wp\/v2\/product"}],"about":[{"href":"https:\/\/siljart.fi\/en\/wp-json\/wp\/v2\/types\/product"}],"wp:featuredmedia":[{"embeddable":true,"href":"https:\/\/siljart.fi\/en\/wp-json\/wp\/v2\/media\/9713"}],"wp:attachment":[{"href":"https:\/\/siljart.fi\/en\/wp-json\/wp\/v2\/media?parent=9712"}],"wp:term":[{"taxonomy":"product_brand","embeddable":true,"href":"https:\/\/siljart.fi\/en\/wp-json\/wp\/v2\/product_brand?post=9712"},{"taxonomy":"product_cat","embeddable":true,"href":"https:\/\/siljart.fi\/en\/wp-json\/wp\/v2\/product_cat?post=9712"},{"taxonomy":"product_tag","embeddable":true,"href":"https:\/\/siljart.fi\/en\/wp-json\/wp\/v2\/product_tag?post=9712"}],"curies":[{"name":"wp","href":"https:\/\/api.w.org\/{rel}","templated":true}]}}