{"id":9523,"date":"2024-10-18T17:49:59","date_gmt":"2024-10-18T14:49:59","guid":{"rendered":"https:\/\/siljart.fi\/?post_type=product&#038;p=9523"},"modified":"2026-02-06T10:37:03","modified_gmt":"2026-02-06T08:37:03","slug":"akustiikkateos-hiljaisuuden-kenno","status":"publish","type":"product","link":"https:\/\/siljart.fi\/en\/product\/akustiikkateos-hiljaisuuden-kenno\/","title":{"rendered":"Acoustic artwork diptych  \u201dHiljaisuuden kenno\u201d \u220580 ja \u220590"},"content":{"rendered":"<p>Akustiikkateos diptyykki<\/p>\n<p>Halkaisijat 80cm ja 90cm, paksuus 3cm<\/p>\n<p>Maalauspohjat: Konto Hexagonin muotoiset akustiikkalevyt<\/p>\n<p>Acrylic, mixed media<\/p>\n<p>Ripustusvalmiit, signeeratut, aitoustodistukset takana<\/p>\n<p>Year of completion 2024<\/p>\n<p>Free door-to-door delivery in Finland within 3-5 working days<\/p>\n<span class=\"et_bloom_bottom_trigger\"><\/span>","protected":false},"excerpt":{"rendered":"<p>Akustiikkateos diptyykki Halkaisijat 80cm ja 90cm, paksuus 3cm Maalauspohjat: Konto Hexagonin muotoiset akustiikkalevyt Akryyli, sekatekniikka Ripustusvalmiit, signeeratut, aitoustodistukset takana Valmistusvuosi 2024 Ilmainen kotiovelle toimitus Suomessa 3-5 arkip\u00e4iv\u00e4ss\u00e4<\/p>","protected":false},"featured_media":9526,"template":"","meta":{"_et_pb_use_builder":"","_et_pb_old_content":"","_et_gb_content_width":""},"product_brand":[],"product_cat":[53],"product_tag":[35,77],"class_list":{"0":"post-9523","1":"product","2":"type-product","3":"status-publish","4":"has-post-thumbnail","6":"product_cat-akustiikkateokset","7":"product_tag-akustiikkateos","8":"product_tag-hexagon","10":"first","11":"instock","12":"sale","13":"taxable","14":"shipping-taxable","15":"purchasable","16":"product-type-simple"},"yoast_head":"<!-- This site is optimized with the Yoast SEO plugin v27.4 - https:\/\/yoast.com\/product\/yoast-seo-wordpress\/ -->\n<title>Akustiikkateos diptyykki &quot;Hiljaisuuden kenno&quot; \u220580 ja \u220590 &#8211; Siljart<\/title>\n<meta name=\"description\" content=\"SiljArt - Akustiikkateos - Diptyykki - Hiljaisuuden kenno\" \/>\n<meta name=\"robots\" content=\"index, follow, max-snippet:-1, max-image-preview:large, max-video-preview:-1\" \/>\n<link rel=\"canonical\" href=\"https:\/\/siljart.fi\/en\/product\/akustiikkateos-hiljaisuuden-kenno\/\" \/>\n<meta property=\"og:locale\" content=\"en_GB\" \/>\n<meta property=\"og:type\" content=\"article\" \/>\n<meta property=\"og:title\" content=\"Akustiikkateos diptyykki &quot;Hiljaisuuden kenno&quot; \u220580 ja \u220590 &#8211; Siljart\" \/>\n<meta property=\"og:description\" content=\"SiljArt - Akustiikkateos - Diptyykki - Hiljaisuuden kenno\" \/>\n<meta property=\"og:url\" content=\"https:\/\/siljart.fi\/en\/product\/akustiikkateos-hiljaisuuden-kenno\/\" \/>\n<meta property=\"og:site_name\" content=\"Siljart\" \/>\n<meta property=\"article:publisher\" content=\"https:\/\/www.facebook.com\/Siljalitalo\/\" \/>\n<meta property=\"article:modified_time\" content=\"2026-02-06T08:37:03+00:00\" \/>\n<meta property=\"og:image\" content=\"https:\/\/siljart.fi\/wp-content\/uploads\/2024\/10\/SiljArt-Hiljaisuuden-kenno.jpg\" \/>\n\t<meta property=\"og:image:width\" content=\"1920\" \/>\n\t<meta property=\"og:image:height\" content=\"1864\" \/>\n\t<meta property=\"og:image:type\" content=\"image\/jpeg\" \/>\n<meta name=\"twitter:card\" content=\"summary_large_image\" \/>\n<meta name=\"twitter:label1\" content=\"Estimated reading time\" \/>\n\t<meta name=\"twitter:data1\" content=\"1 minute\" \/>\n<script type=\"application\/ld+json\" class=\"yoast-schema-graph\">{\"@context\":\"https:\\\/\\\/schema.org\",\"@graph\":[{\"@type\":\"WebPage\",\"@id\":\"https:\\\/\\\/siljart.fi\\\/tuote\\\/akustiikkateos-hiljaisuuden-kenno\\\/\",\"url\":\"https:\\\/\\\/siljart.fi\\\/tuote\\\/akustiikkateos-hiljaisuuden-kenno\\\/\",\"name\":\"Akustiikkateos diptyykki \\\"Hiljaisuuden kenno\\\" \u220580 ja \u220590 &#8211; Siljart\",\"isPartOf\":{\"@id\":\"https:\\\/\\\/siljart.fi\\\/#website\"},\"primaryImageOfPage\":{\"@id\":\"https:\\\/\\\/siljart.fi\\\/tuote\\\/akustiikkateos-hiljaisuuden-kenno\\\/#primaryimage\"},\"image\":{\"@id\":\"https:\\\/\\\/siljart.fi\\\/tuote\\\/akustiikkateos-hiljaisuuden-kenno\\\/#primaryimage\"},\"thumbnailUrl\":\"https:\\\/\\\/siljart.fi\\\/wp-content\\\/uploads\\\/2024\\\/10\\\/SiljArt-Hiljaisuuden-kenno.jpg\",\"datePublished\":\"2024-10-18T14:49:59+00:00\",\"dateModified\":\"2026-02-06T08:37:03+00:00\",\"description\":\"SiljArt - Akustiikkateos - Diptyykki - Hiljaisuuden kenno\",\"breadcrumb\":{\"@id\":\"https:\\\/\\\/siljart.fi\\\/tuote\\\/akustiikkateos-hiljaisuuden-kenno\\\/#breadcrumb\"},\"inLanguage\":\"en-GB\",\"potentialAction\":[{\"@type\":\"ReadAction\",\"target\":[\"https:\\\/\\\/siljart.fi\\\/tuote\\\/akustiikkateos-hiljaisuuden-kenno\\\/\"]}]},{\"@type\":\"ImageObject\",\"inLanguage\":\"en-GB\",\"@id\":\"https:\\\/\\\/siljart.fi\\\/tuote\\\/akustiikkateos-hiljaisuuden-kenno\\\/#primaryimage\",\"url\":\"https:\\\/\\\/siljart.fi\\\/wp-content\\\/uploads\\\/2024\\\/10\\\/SiljArt-Hiljaisuuden-kenno.jpg\",\"contentUrl\":\"https:\\\/\\\/siljart.fi\\\/wp-content\\\/uploads\\\/2024\\\/10\\\/SiljArt-Hiljaisuuden-kenno.jpg\",\"width\":1920,\"height\":1864,\"caption\":\"SiljArt - Hiljaisuuden kenno\"},{\"@type\":\"BreadcrumbList\",\"@id\":\"https:\\\/\\\/siljart.fi\\\/tuote\\\/akustiikkateos-hiljaisuuden-kenno\\\/#breadcrumb\",\"itemListElement\":[{\"@type\":\"ListItem\",\"position\":1,\"name\":\"Etusivu\",\"item\":\"https:\\\/\\\/siljart.fi\\\/\"},{\"@type\":\"ListItem\",\"position\":2,\"name\":\"Kauppa\",\"item\":\"https:\\\/\\\/siljart.fi\\\/kauppa\\\/\"},{\"@type\":\"ListItem\",\"position\":3,\"name\":\"Akustiikkateos diptyykki &#8221;Hiljaisuuden kenno&#8221; \u220580 ja \u220590\"}]},{\"@type\":\"WebSite\",\"@id\":\"https:\\\/\\\/siljart.fi\\\/#website\",\"url\":\"https:\\\/\\\/siljart.fi\\\/\",\"name\":\"Siljart\",\"description\":\"Abstraktia taidetta akustiikkalevylle sek&auml; kankaalle\",\"publisher\":{\"@id\":\"https:\\\/\\\/siljart.fi\\\/#organization\"},\"potentialAction\":[{\"@type\":\"SearchAction\",\"target\":{\"@type\":\"EntryPoint\",\"urlTemplate\":\"https:\\\/\\\/siljart.fi\\\/?s={search_term_string}\"},\"query-input\":{\"@type\":\"PropertyValueSpecification\",\"valueRequired\":true,\"valueName\":\"search_term_string\"}}],\"inLanguage\":\"en-GB\"},{\"@type\":\"Organization\",\"@id\":\"https:\\\/\\\/siljart.fi\\\/#organization\",\"name\":\"Siljart\",\"url\":\"https:\\\/\\\/siljart.fi\\\/\",\"logo\":{\"@type\":\"ImageObject\",\"inLanguage\":\"en-GB\",\"@id\":\"https:\\\/\\\/siljart.fi\\\/#\\\/schema\\\/logo\\\/image\\\/\",\"url\":\"https:\\\/\\\/siljart.fi\\\/wp-content\\\/uploads\\\/2020\\\/11\\\/siljart-logo.png\",\"contentUrl\":\"https:\\\/\\\/siljart.fi\\\/wp-content\\\/uploads\\\/2020\\\/11\\\/siljart-logo.png\",\"width\":300,\"height\":194,\"caption\":\"Siljart\"},\"image\":{\"@id\":\"https:\\\/\\\/siljart.fi\\\/#\\\/schema\\\/logo\\\/image\\\/\"},\"sameAs\":[\"https:\\\/\\\/www.facebook.com\\\/Siljalitalo\\\/\",\"https:\\\/\\\/www.instagram.com\\\/artby.siljart\\\/?hl=fi\",\"https:\\\/\\\/fi.pinterest.com\\\/siljaalitalo\\\/_created\\\/\"]}]}<\/script>\n<!-- \/ Yoast SEO plugin. -->","yoast_head_json":{"title":"Akustiikkateos diptyykki \"Hiljaisuuden kenno\" \u220580 ja \u220590 &#8211; Siljart","description":"SiljArt - Akustiikkateos - Diptyykki - Hiljaisuuden kenno","robots":{"index":"index","follow":"follow","max-snippet":"max-snippet:-1","max-image-preview":"max-image-preview:large","max-video-preview":"max-video-preview:-1"},"canonical":"https:\/\/siljart.fi\/en\/product\/akustiikkateos-hiljaisuuden-kenno\/","og_locale":"en_GB","og_type":"article","og_title":"Akustiikkateos diptyykki \"Hiljaisuuden kenno\" \u220580 ja \u220590 &#8211; Siljart","og_description":"SiljArt - Akustiikkateos - Diptyykki - Hiljaisuuden kenno","og_url":"https:\/\/siljart.fi\/en\/product\/akustiikkateos-hiljaisuuden-kenno\/","og_site_name":"Siljart","article_publisher":"https:\/\/www.facebook.com\/Siljalitalo\/","article_modified_time":"2026-02-06T08:37:03+00:00","og_image":[{"width":1920,"height":1864,"url":"https:\/\/siljart.fi\/wp-content\/uploads\/2024\/10\/SiljArt-Hiljaisuuden-kenno.jpg","type":"image\/jpeg"}],"twitter_card":"summary_large_image","twitter_misc":{"Estimated reading time":"1 minute"},"schema":{"@context":"https:\/\/schema.org","@graph":[{"@type":"WebPage","@id":"https:\/\/siljart.fi\/tuote\/akustiikkateos-hiljaisuuden-kenno\/","url":"https:\/\/siljart.fi\/tuote\/akustiikkateos-hiljaisuuden-kenno\/","name":"Akustiikkateos diptyykki \"Hiljaisuuden kenno\" \u220580 ja \u220590 &#8211; Siljart","isPartOf":{"@id":"https:\/\/siljart.fi\/#website"},"primaryImageOfPage":{"@id":"https:\/\/siljart.fi\/tuote\/akustiikkateos-hiljaisuuden-kenno\/#primaryimage"},"image":{"@id":"https:\/\/siljart.fi\/tuote\/akustiikkateos-hiljaisuuden-kenno\/#primaryimage"},"thumbnailUrl":"https:\/\/siljart.fi\/wp-content\/uploads\/2024\/10\/SiljArt-Hiljaisuuden-kenno.jpg","datePublished":"2024-10-18T14:49:59+00:00","dateModified":"2026-02-06T08:37:03+00:00","description":"SiljArt - Akustiikkateos - Diptyykki - Hiljaisuuden kenno","breadcrumb":{"@id":"https:\/\/siljart.fi\/tuote\/akustiikkateos-hiljaisuuden-kenno\/#breadcrumb"},"inLanguage":"en-GB","potentialAction":[{"@type":"ReadAction","target":["https:\/\/siljart.fi\/tuote\/akustiikkateos-hiljaisuuden-kenno\/"]}]},{"@type":"ImageObject","inLanguage":"en-GB","@id":"https:\/\/siljart.fi\/tuote\/akustiikkateos-hiljaisuuden-kenno\/#primaryimage","url":"https:\/\/siljart.fi\/wp-content\/uploads\/2024\/10\/SiljArt-Hiljaisuuden-kenno.jpg","contentUrl":"https:\/\/siljart.fi\/wp-content\/uploads\/2024\/10\/SiljArt-Hiljaisuuden-kenno.jpg","width":1920,"height":1864,"caption":"SiljArt - Hiljaisuuden kenno"},{"@type":"BreadcrumbList","@id":"https:\/\/siljart.fi\/tuote\/akustiikkateos-hiljaisuuden-kenno\/#breadcrumb","itemListElement":[{"@type":"ListItem","position":1,"name":"Etusivu","item":"https:\/\/siljart.fi\/"},{"@type":"ListItem","position":2,"name":"Kauppa","item":"https:\/\/siljart.fi\/kauppa\/"},{"@type":"ListItem","position":3,"name":"Akustiikkateos diptyykki &#8221;Hiljaisuuden kenno&#8221; \u220580 ja \u220590"}]},{"@type":"WebSite","@id":"https:\/\/siljart.fi\/#website","url":"https:\/\/siljart.fi\/","name":"Siljart","description":"Abstraktia taidetta akustiikkalevylle sek&auml; kankaalle","publisher":{"@id":"https:\/\/siljart.fi\/#organization"},"potentialAction":[{"@type":"SearchAction","target":{"@type":"EntryPoint","urlTemplate":"https:\/\/siljart.fi\/?s={search_term_string}"},"query-input":{"@type":"PropertyValueSpecification","valueRequired":true,"valueName":"search_term_string"}}],"inLanguage":"en-GB"},{"@type":"Organization","@id":"https:\/\/siljart.fi\/#organization","name":"Siljart","url":"https:\/\/siljart.fi\/","logo":{"@type":"ImageObject","inLanguage":"en-GB","@id":"https:\/\/siljart.fi\/#\/schema\/logo\/image\/","url":"https:\/\/siljart.fi\/wp-content\/uploads\/2020\/11\/siljart-logo.png","contentUrl":"https:\/\/siljart.fi\/wp-content\/uploads\/2020\/11\/siljart-logo.png","width":300,"height":194,"caption":"Siljart"},"image":{"@id":"https:\/\/siljart.fi\/#\/schema\/logo\/image\/"},"sameAs":["https:\/\/www.facebook.com\/Siljalitalo\/","https:\/\/www.instagram.com\/artby.siljart\/?hl=fi","https:\/\/fi.pinterest.com\/siljaalitalo\/_created\/"]}]}},"jetpack_sharing_enabled":true,"_links":{"self":[{"href":"https:\/\/siljart.fi\/en\/wp-json\/wp\/v2\/product\/9523","targetHints":{"allow":["GET"]}}],"collection":[{"href":"https:\/\/siljart.fi\/en\/wp-json\/wp\/v2\/product"}],"about":[{"href":"https:\/\/siljart.fi\/en\/wp-json\/wp\/v2\/types\/product"}],"wp:featuredmedia":[{"embeddable":true,"href":"https:\/\/siljart.fi\/en\/wp-json\/wp\/v2\/media\/9526"}],"wp:attachment":[{"href":"https:\/\/siljart.fi\/en\/wp-json\/wp\/v2\/media?parent=9523"}],"wp:term":[{"taxonomy":"product_brand","embeddable":true,"href":"https:\/\/siljart.fi\/en\/wp-json\/wp\/v2\/product_brand?post=9523"},{"taxonomy":"product_cat","embeddable":true,"href":"https:\/\/siljart.fi\/en\/wp-json\/wp\/v2\/product_cat?post=9523"},{"taxonomy":"product_tag","embeddable":true,"href":"https:\/\/siljart.fi\/en\/wp-json\/wp\/v2\/product_tag?post=9523"}],"curies":[{"name":"wp","href":"https:\/\/api.w.org\/{rel}","templated":true}]}}