{"id":8906,"date":"2024-06-07T11:41:40","date_gmt":"2024-06-07T08:41:40","guid":{"rendered":"https:\/\/siljart.fi\/?post_type=product&#038;p=8906"},"modified":"2026-02-06T10:38:47","modified_gmt":"2026-02-06T08:38:47","slug":"teos-kankaalle-taste-of-life","status":"publish","type":"product","link":"https:\/\/siljart.fi\/en\/product\/teos-kankaalle-taste-of-life\/","title":{"rendered":"Artwork on canvas \"Taste Of Life\" 75,5cm x 75,5cm"},"content":{"rendered":"<p>Artwork on canvas<\/p>\n<p>Height: 75,5cm Width: 75,5cm<\/p>\n<p class=\"et_pb_module_inner\">Painting base: pine wood frame, 4cm thick, 100% cotton, stretched<\/p>\n<p class=\"et_pb_module_inner\">Framed: pine frame, waxed with beeswax<\/p>\n<p class=\"et_pb_module_inner\">Acrylic, mixed media<\/p>\n<p class=\"et_pb_module_inner\">Ready to hang, signed, certificate of authenticity on the back<\/p>\n<div class=\"et_pb_module et_pb_wc_description et_pb_wc_description_0_tb_body et_pb_bg_layout_light et_pb_text_align_center\">\n<p>Year of completion 2024<\/p>\n<p class=\"et_pb_module_inner\">Free door-to-door delivery in Finland within 3-5 working days<\/p>\n<p><iframe loading=\"lazy\" title=\"SiljArt - Artwork on canvas - &quot;Taste of life&quot; #artwork #finnishart #art #artist\" width=\"563\" height=\"1000\" src=\"https:\/\/www.youtube.com\/embed\/3wLl1n8EC7o?feature=oembed\"  allow=\"accelerometer; autoplay; clipboard-write; encrypted-media; gyroscope; picture-in-picture; web-share\" referrerpolicy=\"strict-origin-when-cross-origin\" allowfullscreen><\/iframe><\/p>\n<\/div>\n<span class=\"et_bloom_bottom_trigger\"><\/span>","protected":false},"excerpt":{"rendered":"<p>&#8221;Taste of Life&#8221; on v\u00e4rik\u00e4s ja kupliva teos, joka hehkuu el\u00e4m\u00e4n iloa ja nautintoa.<\/p>\n<p>Life is full of flavours and colours that enrich our experiences and give us a reason to celebrate every moment. The bright colours and bubbling energy of the work symbolise this idea. That life has so much to offer, as long as we dare to taste and enjoy the possibilities it offers.<\/p>\n<p>The artwork is inspired by my child's sincere joy and zest for life. Her ability to see the wonder in everyday things and her endless curiosity remind us of the importance of maintaining the ability to delight in the little things and discover the beauty around us.<\/p>\n<p>&#8221;Taste of Life&#8221; on kutsu nauttimaan el\u00e4m\u00e4st\u00e4 t\u00e4ydell\u00e4 syd\u00e4mell\u00e4, l\u00f6yt\u00e4m\u00e4\u00e4n iloa arjen keskelt\u00e4 ja muistuttamaan, ett\u00e4 el\u00e4m\u00e4n maku on parhaimmillaan silloin, kun el\u00e4mme hetkess\u00e4 ja arvostamme kaikkea, mit\u00e4 meill\u00e4 on.<\/p>","protected":false},"featured_media":8909,"template":"","meta":{"_et_pb_use_builder":"off","_et_pb_old_content":"<div class=\"et_pb_module et_pb_wc_description et_pb_wc_description_0_tb_body et_pb_bg_layout_light et_pb_text_align_center\">\r\n<div class=\"et_pb_module_inner\">\r\n\r\nTeos kankaalle\r\n\r\nKorkeus 75,5cm, leveys 75,5cm\r\n\r\nMaalauspohja: M\u00e4nty puukehys, 4cm paksu, pingoitettu puuvilla 100%\r\n\r\nKehystetty: m\u00e4ntykehys, vahattu mehil\u00e4isvahalla\r\n\r\nAkryyli, sekatekniikka\r\n\r\nRipustusvalmis, signeerattu, aitoustodistus takana\r\n\r\nValmistusvuosi 2024\r\n\r\nHintaan sis\u00e4ltyy kotiovelle toimitus Suomen sis\u00e4ll\u00e4 3-5 arkip\u00e4iv\u00e4ss\u00e4\r\n\r\nTeos esill\u00e4 6.6.-18.6.2024 Galleria CAC Mijas, Espanja\r\n\r\nToimitus n\u00e4yttelyn j\u00e4lkeen\r\n\r\n<\/div>\r\n<\/div>","_et_gb_content_width":""},"product_brand":[],"product_cat":[55],"product_tag":[116,42],"class_list":{"0":"post-8906","1":"product","2":"type-product","3":"status-publish","4":"has-post-thumbnail","6":"product_cat-teokset-kankaalle","7":"product_tag-116","8":"product_tag-teos-kankaalle","10":"first","11":"instock","12":"sold-individually","13":"taxable","14":"shipping-taxable","15":"purchasable","16":"product-type-simple"},"yoast_head":"<!-- This site is optimized with the Yoast SEO plugin v27.4 - https:\/\/yoast.com\/product\/yoast-seo-wordpress\/ -->\n<title>Teos kankaalle &quot;Taste Of Life&quot; 75,5cm x 75,5cm &#8211; Siljart<\/title>\n<meta name=\"robots\" content=\"index, follow, max-snippet:-1, max-image-preview:large, max-video-preview:-1\" \/>\n<link rel=\"canonical\" href=\"https:\/\/siljart.fi\/en\/product\/teos-kankaalle-taste-of-life\/\" \/>\n<meta property=\"og:locale\" content=\"en_GB\" \/>\n<meta property=\"og:type\" content=\"article\" \/>\n<meta property=\"og:title\" content=\"Teos kankaalle &quot;Taste Of Life&quot; 75,5cm x 75,5cm &#8211; Siljart\" \/>\n<meta property=\"og:description\" content=\"&quot;Taste of Life&quot; on v\u00e4rik\u00e4s ja kupliva teos, joka hehkuu el\u00e4m\u00e4n iloa ja nautintoa.  El\u00e4m\u00e4 on t\u00e4ynn\u00e4 makuja ja v\u00e4rej\u00e4, jotka rikastuttavat kokemuksiamme ja antavat meille syyn juhlia jokaista hetke\u00e4. Teoksen kirkkaat v\u00e4rit ja kupliva energia symboloivat t\u00e4t\u00e4 ajatusta. Sit\u00e4, ett\u00e4 el\u00e4m\u00e4ll\u00e4 on niin paljon tarjottavaa, kunhan vain uskallamme maistaa ja nauttia sen tarjoamista mahdollisuuksista.  Teos on saanut inspiraationsa lapseni vilpitt\u00f6m\u00e4st\u00e4 ilosta ja el\u00e4m\u00e4nhalusta. Lapsen kyky n\u00e4hd\u00e4 ihmeit\u00e4 arkip\u00e4iv\u00e4isiss\u00e4 asioissa ja h\u00e4nen loppumaton uteliaisuutensa muistuttavat meit\u00e4 siit\u00e4, miten t\u00e4rke\u00e4\u00e4 on s\u00e4ilytt\u00e4\u00e4 kyky iloita pienist\u00e4kin asioista ja l\u00f6yt\u00e4\u00e4 kauneutta ymp\u00e4rilt\u00e4mme.  &quot;Taste of Life&quot; on kutsu nauttimaan el\u00e4m\u00e4st\u00e4 t\u00e4ydell\u00e4 syd\u00e4mell\u00e4, l\u00f6yt\u00e4m\u00e4\u00e4n iloa arjen keskelt\u00e4 ja muistuttamaan, ett\u00e4 el\u00e4m\u00e4n maku on parhaimmillaan silloin, kun el\u00e4mme hetkess\u00e4 ja arvostamme kaikkea, mit\u00e4 meill\u00e4 on.\" \/>\n<meta property=\"og:url\" content=\"https:\/\/siljart.fi\/en\/product\/teos-kankaalle-taste-of-life\/\" \/>\n<meta property=\"og:site_name\" content=\"Siljart\" \/>\n<meta property=\"article:publisher\" content=\"https:\/\/www.facebook.com\/Siljalitalo\/\" \/>\n<meta property=\"article:modified_time\" content=\"2026-02-06T08:38:47+00:00\" \/>\n<meta property=\"og:image\" content=\"https:\/\/siljart.fi\/wp-content\/uploads\/2024\/06\/SiljArt-Taste-Of-Life-2-rotated.jpg\" \/>\n\t<meta property=\"og:image:width\" content=\"1440\" \/>\n\t<meta property=\"og:image:height\" content=\"1920\" \/>\n\t<meta property=\"og:image:type\" content=\"image\/jpeg\" \/>\n<meta name=\"twitter:card\" content=\"summary_large_image\" \/>\n<meta name=\"twitter:label1\" content=\"Estimated reading time\" \/>\n\t<meta name=\"twitter:data1\" content=\"1 minute\" \/>\n<script type=\"application\/ld+json\" class=\"yoast-schema-graph\">{\"@context\":\"https:\\\/\\\/schema.org\",\"@graph\":[{\"@type\":\"WebPage\",\"@id\":\"https:\\\/\\\/siljart.fi\\\/tuote\\\/teos-kankaalle-taste-of-life\\\/\",\"url\":\"https:\\\/\\\/siljart.fi\\\/tuote\\\/teos-kankaalle-taste-of-life\\\/\",\"name\":\"Teos kankaalle \\\"Taste Of Life\\\" 75,5cm x 75,5cm &#8211; Siljart\",\"isPartOf\":{\"@id\":\"https:\\\/\\\/siljart.fi\\\/#website\"},\"primaryImageOfPage\":{\"@id\":\"https:\\\/\\\/siljart.fi\\\/tuote\\\/teos-kankaalle-taste-of-life\\\/#primaryimage\"},\"image\":{\"@id\":\"https:\\\/\\\/siljart.fi\\\/tuote\\\/teos-kankaalle-taste-of-life\\\/#primaryimage\"},\"thumbnailUrl\":\"https:\\\/\\\/siljart.fi\\\/wp-content\\\/uploads\\\/2024\\\/06\\\/SiljArt-Taste-Of-Life-2-rotated.jpg\",\"datePublished\":\"2024-06-07T08:41:40+00:00\",\"dateModified\":\"2026-02-06T08:38:47+00:00\",\"breadcrumb\":{\"@id\":\"https:\\\/\\\/siljart.fi\\\/tuote\\\/teos-kankaalle-taste-of-life\\\/#breadcrumb\"},\"inLanguage\":\"en-GB\",\"potentialAction\":[{\"@type\":\"ReadAction\",\"target\":[\"https:\\\/\\\/siljart.fi\\\/tuote\\\/teos-kankaalle-taste-of-life\\\/\"]}]},{\"@type\":\"ImageObject\",\"inLanguage\":\"en-GB\",\"@id\":\"https:\\\/\\\/siljart.fi\\\/tuote\\\/teos-kankaalle-taste-of-life\\\/#primaryimage\",\"url\":\"https:\\\/\\\/siljart.fi\\\/wp-content\\\/uploads\\\/2024\\\/06\\\/SiljArt-Taste-Of-Life-2-rotated.jpg\",\"contentUrl\":\"https:\\\/\\\/siljart.fi\\\/wp-content\\\/uploads\\\/2024\\\/06\\\/SiljArt-Taste-Of-Life-2-rotated.jpg\",\"width\":1440,\"height\":1920,\"caption\":\"SiljArt - Taste Of Life (2)\"},{\"@type\":\"BreadcrumbList\",\"@id\":\"https:\\\/\\\/siljart.fi\\\/tuote\\\/teos-kankaalle-taste-of-life\\\/#breadcrumb\",\"itemListElement\":[{\"@type\":\"ListItem\",\"position\":1,\"name\":\"Etusivu\",\"item\":\"https:\\\/\\\/siljart.fi\\\/\"},{\"@type\":\"ListItem\",\"position\":2,\"name\":\"Kauppa\",\"item\":\"https:\\\/\\\/siljart.fi\\\/kauppa\\\/\"},{\"@type\":\"ListItem\",\"position\":3,\"name\":\"Teos kankaalle &#8221;Taste Of Life&#8221; 75,5cm x 75,5cm\"}]},{\"@type\":\"WebSite\",\"@id\":\"https:\\\/\\\/siljart.fi\\\/#website\",\"url\":\"https:\\\/\\\/siljart.fi\\\/\",\"name\":\"Siljart\",\"description\":\"Abstraktia taidetta akustiikkalevylle sek&auml; kankaalle\",\"publisher\":{\"@id\":\"https:\\\/\\\/siljart.fi\\\/#organization\"},\"potentialAction\":[{\"@type\":\"SearchAction\",\"target\":{\"@type\":\"EntryPoint\",\"urlTemplate\":\"https:\\\/\\\/siljart.fi\\\/?s={search_term_string}\"},\"query-input\":{\"@type\":\"PropertyValueSpecification\",\"valueRequired\":true,\"valueName\":\"search_term_string\"}}],\"inLanguage\":\"en-GB\"},{\"@type\":\"Organization\",\"@id\":\"https:\\\/\\\/siljart.fi\\\/#organization\",\"name\":\"Siljart\",\"url\":\"https:\\\/\\\/siljart.fi\\\/\",\"logo\":{\"@type\":\"ImageObject\",\"inLanguage\":\"en-GB\",\"@id\":\"https:\\\/\\\/siljart.fi\\\/#\\\/schema\\\/logo\\\/image\\\/\",\"url\":\"https:\\\/\\\/siljart.fi\\\/wp-content\\\/uploads\\\/2020\\\/11\\\/siljart-logo.png\",\"contentUrl\":\"https:\\\/\\\/siljart.fi\\\/wp-content\\\/uploads\\\/2020\\\/11\\\/siljart-logo.png\",\"width\":300,\"height\":194,\"caption\":\"Siljart\"},\"image\":{\"@id\":\"https:\\\/\\\/siljart.fi\\\/#\\\/schema\\\/logo\\\/image\\\/\"},\"sameAs\":[\"https:\\\/\\\/www.facebook.com\\\/Siljalitalo\\\/\",\"https:\\\/\\\/www.instagram.com\\\/artby.siljart\\\/?hl=fi\",\"https:\\\/\\\/fi.pinterest.com\\\/siljaalitalo\\\/_created\\\/\"]}]}<\/script>\n<!-- \/ Yoast SEO plugin. -->","yoast_head_json":{"title":"Teos kankaalle \"Taste Of Life\" 75,5cm x 75,5cm &#8211; Siljart","robots":{"index":"index","follow":"follow","max-snippet":"max-snippet:-1","max-image-preview":"max-image-preview:large","max-video-preview":"max-video-preview:-1"},"canonical":"https:\/\/siljart.fi\/en\/product\/teos-kankaalle-taste-of-life\/","og_locale":"en_GB","og_type":"article","og_title":"Teos kankaalle \"Taste Of Life\" 75,5cm x 75,5cm &#8211; Siljart","og_description":"\"Taste of Life\" on v\u00e4rik\u00e4s ja kupliva teos, joka hehkuu el\u00e4m\u00e4n iloa ja nautintoa.  El\u00e4m\u00e4 on t\u00e4ynn\u00e4 makuja ja v\u00e4rej\u00e4, jotka rikastuttavat kokemuksiamme ja antavat meille syyn juhlia jokaista hetke\u00e4. Teoksen kirkkaat v\u00e4rit ja kupliva energia symboloivat t\u00e4t\u00e4 ajatusta. Sit\u00e4, ett\u00e4 el\u00e4m\u00e4ll\u00e4 on niin paljon tarjottavaa, kunhan vain uskallamme maistaa ja nauttia sen tarjoamista mahdollisuuksista.  Teos on saanut inspiraationsa lapseni vilpitt\u00f6m\u00e4st\u00e4 ilosta ja el\u00e4m\u00e4nhalusta. Lapsen kyky n\u00e4hd\u00e4 ihmeit\u00e4 arkip\u00e4iv\u00e4isiss\u00e4 asioissa ja h\u00e4nen loppumaton uteliaisuutensa muistuttavat meit\u00e4 siit\u00e4, miten t\u00e4rke\u00e4\u00e4 on s\u00e4ilytt\u00e4\u00e4 kyky iloita pienist\u00e4kin asioista ja l\u00f6yt\u00e4\u00e4 kauneutta ymp\u00e4rilt\u00e4mme.  \"Taste of Life\" on kutsu nauttimaan el\u00e4m\u00e4st\u00e4 t\u00e4ydell\u00e4 syd\u00e4mell\u00e4, l\u00f6yt\u00e4m\u00e4\u00e4n iloa arjen keskelt\u00e4 ja muistuttamaan, ett\u00e4 el\u00e4m\u00e4n maku on parhaimmillaan silloin, kun el\u00e4mme hetkess\u00e4 ja arvostamme kaikkea, mit\u00e4 meill\u00e4 on.","og_url":"https:\/\/siljart.fi\/en\/product\/teos-kankaalle-taste-of-life\/","og_site_name":"Siljart","article_publisher":"https:\/\/www.facebook.com\/Siljalitalo\/","article_modified_time":"2026-02-06T08:38:47+00:00","og_image":[{"width":1440,"height":1920,"url":"https:\/\/siljart.fi\/wp-content\/uploads\/2024\/06\/SiljArt-Taste-Of-Life-2-rotated.jpg","type":"image\/jpeg"}],"twitter_card":"summary_large_image","twitter_misc":{"Estimated reading time":"1 minute"},"schema":{"@context":"https:\/\/schema.org","@graph":[{"@type":"WebPage","@id":"https:\/\/siljart.fi\/tuote\/teos-kankaalle-taste-of-life\/","url":"https:\/\/siljart.fi\/tuote\/teos-kankaalle-taste-of-life\/","name":"Teos kankaalle \"Taste Of Life\" 75,5cm x 75,5cm &#8211; Siljart","isPartOf":{"@id":"https:\/\/siljart.fi\/#website"},"primaryImageOfPage":{"@id":"https:\/\/siljart.fi\/tuote\/teos-kankaalle-taste-of-life\/#primaryimage"},"image":{"@id":"https:\/\/siljart.fi\/tuote\/teos-kankaalle-taste-of-life\/#primaryimage"},"thumbnailUrl":"https:\/\/siljart.fi\/wp-content\/uploads\/2024\/06\/SiljArt-Taste-Of-Life-2-rotated.jpg","datePublished":"2024-06-07T08:41:40+00:00","dateModified":"2026-02-06T08:38:47+00:00","breadcrumb":{"@id":"https:\/\/siljart.fi\/tuote\/teos-kankaalle-taste-of-life\/#breadcrumb"},"inLanguage":"en-GB","potentialAction":[{"@type":"ReadAction","target":["https:\/\/siljart.fi\/tuote\/teos-kankaalle-taste-of-life\/"]}]},{"@type":"ImageObject","inLanguage":"en-GB","@id":"https:\/\/siljart.fi\/tuote\/teos-kankaalle-taste-of-life\/#primaryimage","url":"https:\/\/siljart.fi\/wp-content\/uploads\/2024\/06\/SiljArt-Taste-Of-Life-2-rotated.jpg","contentUrl":"https:\/\/siljart.fi\/wp-content\/uploads\/2024\/06\/SiljArt-Taste-Of-Life-2-rotated.jpg","width":1440,"height":1920,"caption":"SiljArt - Taste Of Life (2)"},{"@type":"BreadcrumbList","@id":"https:\/\/siljart.fi\/tuote\/teos-kankaalle-taste-of-life\/#breadcrumb","itemListElement":[{"@type":"ListItem","position":1,"name":"Etusivu","item":"https:\/\/siljart.fi\/"},{"@type":"ListItem","position":2,"name":"Kauppa","item":"https:\/\/siljart.fi\/kauppa\/"},{"@type":"ListItem","position":3,"name":"Teos kankaalle &#8221;Taste Of Life&#8221; 75,5cm x 75,5cm"}]},{"@type":"WebSite","@id":"https:\/\/siljart.fi\/#website","url":"https:\/\/siljart.fi\/","name":"Siljart","description":"Abstraktia taidetta akustiikkalevylle sek&auml; kankaalle","publisher":{"@id":"https:\/\/siljart.fi\/#organization"},"potentialAction":[{"@type":"SearchAction","target":{"@type":"EntryPoint","urlTemplate":"https:\/\/siljart.fi\/?s={search_term_string}"},"query-input":{"@type":"PropertyValueSpecification","valueRequired":true,"valueName":"search_term_string"}}],"inLanguage":"en-GB"},{"@type":"Organization","@id":"https:\/\/siljart.fi\/#organization","name":"Siljart","url":"https:\/\/siljart.fi\/","logo":{"@type":"ImageObject","inLanguage":"en-GB","@id":"https:\/\/siljart.fi\/#\/schema\/logo\/image\/","url":"https:\/\/siljart.fi\/wp-content\/uploads\/2020\/11\/siljart-logo.png","contentUrl":"https:\/\/siljart.fi\/wp-content\/uploads\/2020\/11\/siljart-logo.png","width":300,"height":194,"caption":"Siljart"},"image":{"@id":"https:\/\/siljart.fi\/#\/schema\/logo\/image\/"},"sameAs":["https:\/\/www.facebook.com\/Siljalitalo\/","https:\/\/www.instagram.com\/artby.siljart\/?hl=fi","https:\/\/fi.pinterest.com\/siljaalitalo\/_created\/"]}]}},"jetpack_sharing_enabled":true,"_links":{"self":[{"href":"https:\/\/siljart.fi\/en\/wp-json\/wp\/v2\/product\/8906","targetHints":{"allow":["GET"]}}],"collection":[{"href":"https:\/\/siljart.fi\/en\/wp-json\/wp\/v2\/product"}],"about":[{"href":"https:\/\/siljart.fi\/en\/wp-json\/wp\/v2\/types\/product"}],"wp:featuredmedia":[{"embeddable":true,"href":"https:\/\/siljart.fi\/en\/wp-json\/wp\/v2\/media\/8909"}],"wp:attachment":[{"href":"https:\/\/siljart.fi\/en\/wp-json\/wp\/v2\/media?parent=8906"}],"wp:term":[{"taxonomy":"product_brand","embeddable":true,"href":"https:\/\/siljart.fi\/en\/wp-json\/wp\/v2\/product_brand?post=8906"},{"taxonomy":"product_cat","embeddable":true,"href":"https:\/\/siljart.fi\/en\/wp-json\/wp\/v2\/product_cat?post=8906"},{"taxonomy":"product_tag","embeddable":true,"href":"https:\/\/siljart.fi\/en\/wp-json\/wp\/v2\/product_tag?post=8906"}],"curies":[{"name":"wp","href":"https:\/\/api.w.org\/{rel}","templated":true}]}}