{"id":8718,"date":"2024-04-21T20:30:17","date_gmt":"2024-04-21T17:30:17","guid":{"rendered":"https:\/\/siljart.fi\/?post_type=product&#038;p=8718"},"modified":"2026-02-06T10:38:52","modified_gmt":"2026-02-06T08:38:52","slug":"seinaveistos-floating-senses","status":"publish","type":"product","link":"https:\/\/siljart.fi\/en\/product\/seinaveistos-floating-senses\/","title":{"rendered":"Wall sculpture \u201cFloating Senses\u201d 70cm x 40cm x 15cm"},"content":{"rendered":"<p>Sein\u00e4veistos<\/p>\n<p>Korkeus: 70 leveys: 40cm Paksuus: 15cm<\/p>\n<p>Acrylic, mixed media<\/p>\n<p>Ready to hang, signed, certificate of authenticity on the back<\/p>\n<p>Year of completion 2024<\/p>\n<p>Hintaan sis\u00e4ltyy toimitus l\u00e4himp\u00e4\u00e4n matkahuollon\/postin toimipisteeseen Suomen sis\u00e4ll\u00e4 3-5 arkip\u00e4iv\u00e4ss\u00e4<\/p>\n<span class=\"et_bloom_bottom_trigger\"><\/span>","protected":false},"excerpt":{"rendered":"<p>Sein\u00e4veistos Korkeus: 70 leveys: 40cm Paksuus: 15cm Akryyli, sekatekniikka Ripustusvalmis, signeerattu, aitoustodistus takana Valmistusvuosi 2024 Hintaan sis\u00e4ltyy toimitus l\u00e4himp\u00e4\u00e4n matkahuollon\/postin toimipisteeseen Suomen sis\u00e4ll\u00e4 3-5 arkip\u00e4iv\u00e4ss\u00e4<\/p>","protected":false},"featured_media":8719,"template":"","meta":{"_et_pb_use_builder":"","_et_pb_old_content":"","_et_gb_content_width":""},"product_brand":[],"product_cat":[121],"product_tag":[116,123],"class_list":{"0":"post-8718","1":"product","2":"type-product","3":"status-publish","4":"has-post-thumbnail","6":"product_cat-seinaveistokset","7":"product_tag-116","8":"product_tag-seinaveistos","10":"first","11":"outofstock","12":"taxable","13":"shipping-taxable","14":"product-type-simple"},"yoast_head":"<!-- This site is optimized with the Yoast SEO plugin v27.4 - https:\/\/yoast.com\/product\/yoast-seo-wordpress\/ -->\n<title>Sein\u00e4veistos &quot;Floating Senses&quot; 70cm x 40cm x 15cm &#8211; Siljart<\/title>\n<meta name=\"robots\" content=\"index, follow, max-snippet:-1, max-image-preview:large, max-video-preview:-1\" \/>\n<link rel=\"canonical\" href=\"https:\/\/siljart.fi\/en\/product\/seinaveistos-floating-senses\/\" \/>\n<meta property=\"og:locale\" content=\"en_GB\" \/>\n<meta property=\"og:type\" content=\"article\" \/>\n<meta property=\"og:title\" content=\"Sein\u00e4veistos &quot;Floating Senses&quot; 70cm x 40cm x 15cm &#8211; Siljart\" \/>\n<meta property=\"og:description\" content=\"Sein\u00e4veistos Korkeus: 70 leveys: 40cm Paksuus: 15cm Akryyli, sekatekniikka Ripustusvalmis, signeerattu, aitoustodistus takana Valmistusvuosi 2024 Hintaan sis\u00e4ltyy toimitus l\u00e4himp\u00e4\u00e4n matkahuollon\/postin toimipisteeseen Suomen sis\u00e4ll\u00e4 3-5 arkip\u00e4iv\u00e4ss\u00e4\" \/>\n<meta property=\"og:url\" content=\"https:\/\/siljart.fi\/en\/product\/seinaveistos-floating-senses\/\" \/>\n<meta property=\"og:site_name\" content=\"Siljart\" \/>\n<meta property=\"article:publisher\" content=\"https:\/\/www.facebook.com\/Siljalitalo\/\" \/>\n<meta property=\"article:modified_time\" content=\"2026-02-06T08:38:52+00:00\" \/>\n<meta property=\"og:image\" content=\"https:\/\/siljart.fi\/wp-content\/uploads\/2024\/04\/SiljArt-Floating-Senses.jpg\" \/>\n\t<meta property=\"og:image:width\" content=\"1440\" \/>\n\t<meta property=\"og:image:height\" content=\"1920\" \/>\n\t<meta property=\"og:image:type\" content=\"image\/jpeg\" \/>\n<meta name=\"twitter:card\" content=\"summary_large_image\" \/>\n<meta name=\"twitter:label1\" content=\"Estimated reading time\" \/>\n\t<meta name=\"twitter:data1\" content=\"1 minute\" \/>\n<script type=\"application\/ld+json\" class=\"yoast-schema-graph\">{\"@context\":\"https:\\\/\\\/schema.org\",\"@graph\":[{\"@type\":\"WebPage\",\"@id\":\"https:\\\/\\\/siljart.fi\\\/tuote\\\/seinaveistos-floating-senses\\\/\",\"url\":\"https:\\\/\\\/siljart.fi\\\/tuote\\\/seinaveistos-floating-senses\\\/\",\"name\":\"Sein\u00e4veistos \\\"Floating Senses\\\" 70cm x 40cm x 15cm &#8211; Siljart\",\"isPartOf\":{\"@id\":\"https:\\\/\\\/siljart.fi\\\/#website\"},\"primaryImageOfPage\":{\"@id\":\"https:\\\/\\\/siljart.fi\\\/tuote\\\/seinaveistos-floating-senses\\\/#primaryimage\"},\"image\":{\"@id\":\"https:\\\/\\\/siljart.fi\\\/tuote\\\/seinaveistos-floating-senses\\\/#primaryimage\"},\"thumbnailUrl\":\"https:\\\/\\\/siljart.fi\\\/wp-content\\\/uploads\\\/2024\\\/04\\\/SiljArt-Floating-Senses.jpg\",\"datePublished\":\"2024-04-21T17:30:17+00:00\",\"dateModified\":\"2026-02-06T08:38:52+00:00\",\"breadcrumb\":{\"@id\":\"https:\\\/\\\/siljart.fi\\\/tuote\\\/seinaveistos-floating-senses\\\/#breadcrumb\"},\"inLanguage\":\"en-GB\",\"potentialAction\":[{\"@type\":\"ReadAction\",\"target\":[\"https:\\\/\\\/siljart.fi\\\/tuote\\\/seinaveistos-floating-senses\\\/\"]}]},{\"@type\":\"ImageObject\",\"inLanguage\":\"en-GB\",\"@id\":\"https:\\\/\\\/siljart.fi\\\/tuote\\\/seinaveistos-floating-senses\\\/#primaryimage\",\"url\":\"https:\\\/\\\/siljart.fi\\\/wp-content\\\/uploads\\\/2024\\\/04\\\/SiljArt-Floating-Senses.jpg\",\"contentUrl\":\"https:\\\/\\\/siljart.fi\\\/wp-content\\\/uploads\\\/2024\\\/04\\\/SiljArt-Floating-Senses.jpg\",\"width\":1440,\"height\":1920,\"caption\":\"SiljArt - Floating Senses\"},{\"@type\":\"BreadcrumbList\",\"@id\":\"https:\\\/\\\/siljart.fi\\\/tuote\\\/seinaveistos-floating-senses\\\/#breadcrumb\",\"itemListElement\":[{\"@type\":\"ListItem\",\"position\":1,\"name\":\"Etusivu\",\"item\":\"https:\\\/\\\/siljart.fi\\\/\"},{\"@type\":\"ListItem\",\"position\":2,\"name\":\"Kauppa\",\"item\":\"https:\\\/\\\/siljart.fi\\\/kauppa\\\/\"},{\"@type\":\"ListItem\",\"position\":3,\"name\":\"Sein\u00e4veistos &#8221;Floating Senses&#8221; 70cm x 40cm x 15cm\"}]},{\"@type\":\"WebSite\",\"@id\":\"https:\\\/\\\/siljart.fi\\\/#website\",\"url\":\"https:\\\/\\\/siljart.fi\\\/\",\"name\":\"Siljart\",\"description\":\"Abstraktia taidetta akustiikkalevylle sek&auml; kankaalle\",\"publisher\":{\"@id\":\"https:\\\/\\\/siljart.fi\\\/#organization\"},\"potentialAction\":[{\"@type\":\"SearchAction\",\"target\":{\"@type\":\"EntryPoint\",\"urlTemplate\":\"https:\\\/\\\/siljart.fi\\\/?s={search_term_string}\"},\"query-input\":{\"@type\":\"PropertyValueSpecification\",\"valueRequired\":true,\"valueName\":\"search_term_string\"}}],\"inLanguage\":\"en-GB\"},{\"@type\":\"Organization\",\"@id\":\"https:\\\/\\\/siljart.fi\\\/#organization\",\"name\":\"Siljart\",\"url\":\"https:\\\/\\\/siljart.fi\\\/\",\"logo\":{\"@type\":\"ImageObject\",\"inLanguage\":\"en-GB\",\"@id\":\"https:\\\/\\\/siljart.fi\\\/#\\\/schema\\\/logo\\\/image\\\/\",\"url\":\"https:\\\/\\\/siljart.fi\\\/wp-content\\\/uploads\\\/2020\\\/11\\\/siljart-logo.png\",\"contentUrl\":\"https:\\\/\\\/siljart.fi\\\/wp-content\\\/uploads\\\/2020\\\/11\\\/siljart-logo.png\",\"width\":300,\"height\":194,\"caption\":\"Siljart\"},\"image\":{\"@id\":\"https:\\\/\\\/siljart.fi\\\/#\\\/schema\\\/logo\\\/image\\\/\"},\"sameAs\":[\"https:\\\/\\\/www.facebook.com\\\/Siljalitalo\\\/\",\"https:\\\/\\\/www.instagram.com\\\/artby.siljart\\\/?hl=fi\",\"https:\\\/\\\/fi.pinterest.com\\\/siljaalitalo\\\/_created\\\/\"]}]}<\/script>\n<!-- \/ Yoast SEO plugin. -->","yoast_head_json":{"title":"Sein\u00e4veistos \"Floating Senses\" 70cm x 40cm x 15cm &#8211; Siljart","robots":{"index":"index","follow":"follow","max-snippet":"max-snippet:-1","max-image-preview":"max-image-preview:large","max-video-preview":"max-video-preview:-1"},"canonical":"https:\/\/siljart.fi\/en\/product\/seinaveistos-floating-senses\/","og_locale":"en_GB","og_type":"article","og_title":"Sein\u00e4veistos \"Floating Senses\" 70cm x 40cm x 15cm &#8211; Siljart","og_description":"Sein\u00e4veistos Korkeus: 70 leveys: 40cm Paksuus: 15cm Akryyli, sekatekniikka Ripustusvalmis, signeerattu, aitoustodistus takana Valmistusvuosi 2024 Hintaan sis\u00e4ltyy toimitus l\u00e4himp\u00e4\u00e4n matkahuollon\/postin toimipisteeseen Suomen sis\u00e4ll\u00e4 3-5 arkip\u00e4iv\u00e4ss\u00e4","og_url":"https:\/\/siljart.fi\/en\/product\/seinaveistos-floating-senses\/","og_site_name":"Siljart","article_publisher":"https:\/\/www.facebook.com\/Siljalitalo\/","article_modified_time":"2026-02-06T08:38:52+00:00","og_image":[{"width":1440,"height":1920,"url":"https:\/\/siljart.fi\/wp-content\/uploads\/2024\/04\/SiljArt-Floating-Senses.jpg","type":"image\/jpeg"}],"twitter_card":"summary_large_image","twitter_misc":{"Estimated reading time":"1 minute"},"schema":{"@context":"https:\/\/schema.org","@graph":[{"@type":"WebPage","@id":"https:\/\/siljart.fi\/tuote\/seinaveistos-floating-senses\/","url":"https:\/\/siljart.fi\/tuote\/seinaveistos-floating-senses\/","name":"Sein\u00e4veistos \"Floating Senses\" 70cm x 40cm x 15cm &#8211; Siljart","isPartOf":{"@id":"https:\/\/siljart.fi\/#website"},"primaryImageOfPage":{"@id":"https:\/\/siljart.fi\/tuote\/seinaveistos-floating-senses\/#primaryimage"},"image":{"@id":"https:\/\/siljart.fi\/tuote\/seinaveistos-floating-senses\/#primaryimage"},"thumbnailUrl":"https:\/\/siljart.fi\/wp-content\/uploads\/2024\/04\/SiljArt-Floating-Senses.jpg","datePublished":"2024-04-21T17:30:17+00:00","dateModified":"2026-02-06T08:38:52+00:00","breadcrumb":{"@id":"https:\/\/siljart.fi\/tuote\/seinaveistos-floating-senses\/#breadcrumb"},"inLanguage":"en-GB","potentialAction":[{"@type":"ReadAction","target":["https:\/\/siljart.fi\/tuote\/seinaveistos-floating-senses\/"]}]},{"@type":"ImageObject","inLanguage":"en-GB","@id":"https:\/\/siljart.fi\/tuote\/seinaveistos-floating-senses\/#primaryimage","url":"https:\/\/siljart.fi\/wp-content\/uploads\/2024\/04\/SiljArt-Floating-Senses.jpg","contentUrl":"https:\/\/siljart.fi\/wp-content\/uploads\/2024\/04\/SiljArt-Floating-Senses.jpg","width":1440,"height":1920,"caption":"SiljArt - Floating Senses"},{"@type":"BreadcrumbList","@id":"https:\/\/siljart.fi\/tuote\/seinaveistos-floating-senses\/#breadcrumb","itemListElement":[{"@type":"ListItem","position":1,"name":"Etusivu","item":"https:\/\/siljart.fi\/"},{"@type":"ListItem","position":2,"name":"Kauppa","item":"https:\/\/siljart.fi\/kauppa\/"},{"@type":"ListItem","position":3,"name":"Sein\u00e4veistos &#8221;Floating Senses&#8221; 70cm x 40cm x 15cm"}]},{"@type":"WebSite","@id":"https:\/\/siljart.fi\/#website","url":"https:\/\/siljart.fi\/","name":"Siljart","description":"Abstraktia taidetta akustiikkalevylle sek&auml; kankaalle","publisher":{"@id":"https:\/\/siljart.fi\/#organization"},"potentialAction":[{"@type":"SearchAction","target":{"@type":"EntryPoint","urlTemplate":"https:\/\/siljart.fi\/?s={search_term_string}"},"query-input":{"@type":"PropertyValueSpecification","valueRequired":true,"valueName":"search_term_string"}}],"inLanguage":"en-GB"},{"@type":"Organization","@id":"https:\/\/siljart.fi\/#organization","name":"Siljart","url":"https:\/\/siljart.fi\/","logo":{"@type":"ImageObject","inLanguage":"en-GB","@id":"https:\/\/siljart.fi\/#\/schema\/logo\/image\/","url":"https:\/\/siljart.fi\/wp-content\/uploads\/2020\/11\/siljart-logo.png","contentUrl":"https:\/\/siljart.fi\/wp-content\/uploads\/2020\/11\/siljart-logo.png","width":300,"height":194,"caption":"Siljart"},"image":{"@id":"https:\/\/siljart.fi\/#\/schema\/logo\/image\/"},"sameAs":["https:\/\/www.facebook.com\/Siljalitalo\/","https:\/\/www.instagram.com\/artby.siljart\/?hl=fi","https:\/\/fi.pinterest.com\/siljaalitalo\/_created\/"]}]}},"jetpack_sharing_enabled":true,"_links":{"self":[{"href":"https:\/\/siljart.fi\/en\/wp-json\/wp\/v2\/product\/8718","targetHints":{"allow":["GET"]}}],"collection":[{"href":"https:\/\/siljart.fi\/en\/wp-json\/wp\/v2\/product"}],"about":[{"href":"https:\/\/siljart.fi\/en\/wp-json\/wp\/v2\/types\/product"}],"wp:featuredmedia":[{"embeddable":true,"href":"https:\/\/siljart.fi\/en\/wp-json\/wp\/v2\/media\/8719"}],"wp:attachment":[{"href":"https:\/\/siljart.fi\/en\/wp-json\/wp\/v2\/media?parent=8718"}],"wp:term":[{"taxonomy":"product_brand","embeddable":true,"href":"https:\/\/siljart.fi\/en\/wp-json\/wp\/v2\/product_brand?post=8718"},{"taxonomy":"product_cat","embeddable":true,"href":"https:\/\/siljart.fi\/en\/wp-json\/wp\/v2\/product_cat?post=8718"},{"taxonomy":"product_tag","embeddable":true,"href":"https:\/\/siljart.fi\/en\/wp-json\/wp\/v2\/product_tag?post=8718"}],"curies":[{"name":"wp","href":"https:\/\/api.w.org\/{rel}","templated":true}]}}