{"id":7731,"date":"2023-10-03T09:19:57","date_gmt":"2023-10-03T06:19:57","guid":{"rendered":"https:\/\/siljart.fi\/?post_type=product&#038;p=7731"},"modified":"2026-02-06T10:39:14","modified_gmt":"2026-02-06T08:39:14","slug":"teos-kangaspahville-one-day-at-a-time-15cm-x-15cm","status":"publish","type":"product","link":"https:\/\/siljart.fi\/en\/product\/teos-kangaspahville-one-day-at-a-time-15cm-x-15cm\/","title":{"rendered":"Framed mini work  \u201dOne day at a time\u201d 15cm x 15cm"},"content":{"rendered":"<div class=\"et_pb_module et_pb_wc_description et_pb_wc_description_0_tb_body et_pb_bg_layout_light et_pb_text_align_center\">\n<div class=\"et_pb_module_inner\">\n<p>Teos kangaspahville<\/p>\n<p>Korkeus 15cm, leveys 15cm (Kehyksen kanssa 24cm x 24cm)<\/p>\n<p>Maalauspohja: Kangaspahvi<\/p>\n<p>Valkoinen puukehys<\/p>\n<p>Acrylic, mixed media<\/p>\n<p>Ready to hang, signed, certificate of authenticity on the back<\/p>\n<p>Year 2023<\/p>\n<p>Hintaan sis\u00e4ltyy toimitus l\u00e4himp\u00e4\u00e4n matkahuollon\/postin toimipisteeseen Suomen sis\u00e4ll\u00e4 2-5 arkip\u00e4iv\u00e4ss\u00e4<\/p>\n<\/div>\n<\/div>\n<span class=\"et_bloom_bottom_trigger\"><\/span>","protected":false},"excerpt":{"rendered":"<p>Teos kangaspahville Korkeus 15cm, leveys 15cm (Kehyksen kanssa 24cm x 24cm) Maalauspohja: Kangaspahvi Valkoinen puukehys Akryyli, sekatekniikka Ripustusvalmis, signeerattu, aitoustodistus takana Valmistusvuosi 2023 Hintaan sis\u00e4ltyy toimitus l\u00e4himp\u00e4\u00e4n matkahuollon\/postin toimipisteeseen Suomen sis\u00e4ll\u00e4 2-5 arkip\u00e4iv\u00e4ss\u00e4<\/p>","protected":false},"featured_media":7732,"template":"","meta":{"_et_pb_use_builder":"","_et_pb_old_content":"","_et_gb_content_width":""},"product_brand":[],"product_cat":[98],"product_tag":[92,105],"class_list":{"0":"post-7731","1":"product","2":"type-product","3":"status-publish","4":"has-post-thumbnail","6":"product_cat-minit","7":"product_tag-92","8":"product_tag-minit","10":"first","11":"instock","12":"sold-individually","13":"taxable","14":"shipping-taxable","15":"purchasable","16":"product-type-simple"},"yoast_head":"<!-- This site is optimized with the Yoast SEO plugin v27.4 - https:\/\/yoast.com\/product\/yoast-seo-wordpress\/ -->\n<title>Kehystetty miniteos &quot;One day at a time&quot; 15cm x 15cm &#8211; Siljart<\/title>\n<meta name=\"robots\" content=\"index, follow, max-snippet:-1, max-image-preview:large, max-video-preview:-1\" \/>\n<link rel=\"canonical\" href=\"https:\/\/siljart.fi\/en\/product\/teos-kangaspahville-one-day-at-a-time-15cm-x-15cm\/\" \/>\n<meta property=\"og:locale\" content=\"en_GB\" \/>\n<meta property=\"og:type\" content=\"article\" \/>\n<meta property=\"og:title\" content=\"Kehystetty miniteos &quot;One day at a time&quot; 15cm x 15cm &#8211; Siljart\" \/>\n<meta property=\"og:description\" content=\"Teos kangaspahville Korkeus 15cm, leveys 15cm (Kehyksen kanssa 24cm x 24cm) Maalauspohja: Kangaspahvi Valkoinen puukehys Akryyli, sekatekniikka Ripustusvalmis, signeerattu, aitoustodistus takana Valmistusvuosi 2023 Hintaan sis\u00e4ltyy toimitus l\u00e4himp\u00e4\u00e4n matkahuollon\/postin toimipisteeseen Suomen sis\u00e4ll\u00e4 2-5 arkip\u00e4iv\u00e4ss\u00e4\" \/>\n<meta property=\"og:url\" content=\"https:\/\/siljart.fi\/en\/product\/teos-kangaspahville-one-day-at-a-time-15cm-x-15cm\/\" \/>\n<meta property=\"og:site_name\" content=\"Siljart\" \/>\n<meta property=\"article:publisher\" content=\"https:\/\/www.facebook.com\/Siljalitalo\/\" \/>\n<meta property=\"article:modified_time\" content=\"2026-02-06T08:39:14+00:00\" \/>\n<meta property=\"og:image\" content=\"https:\/\/siljart.fi\/wp-content\/uploads\/2023\/10\/SiljArt-Teos-kangaspahville-One-day-at-a-time.jpg\" \/>\n\t<meta property=\"og:image:width\" content=\"1920\" \/>\n\t<meta property=\"og:image:height\" content=\"1905\" \/>\n\t<meta property=\"og:image:type\" content=\"image\/jpeg\" \/>\n<meta name=\"twitter:card\" content=\"summary_large_image\" \/>\n<meta name=\"twitter:label1\" content=\"Estimated reading time\" \/>\n\t<meta name=\"twitter:data1\" content=\"1 minute\" \/>\n<script type=\"application\/ld+json\" class=\"yoast-schema-graph\">{\"@context\":\"https:\\\/\\\/schema.org\",\"@graph\":[{\"@type\":\"WebPage\",\"@id\":\"https:\\\/\\\/siljart.fi\\\/tuote\\\/teos-kangaspahville-one-day-at-a-time-15cm-x-15cm\\\/\",\"url\":\"https:\\\/\\\/siljart.fi\\\/tuote\\\/teos-kangaspahville-one-day-at-a-time-15cm-x-15cm\\\/\",\"name\":\"Kehystetty miniteos \\\"One day at a time\\\" 15cm x 15cm &#8211; Siljart\",\"isPartOf\":{\"@id\":\"https:\\\/\\\/siljart.fi\\\/#website\"},\"primaryImageOfPage\":{\"@id\":\"https:\\\/\\\/siljart.fi\\\/tuote\\\/teos-kangaspahville-one-day-at-a-time-15cm-x-15cm\\\/#primaryimage\"},\"image\":{\"@id\":\"https:\\\/\\\/siljart.fi\\\/tuote\\\/teos-kangaspahville-one-day-at-a-time-15cm-x-15cm\\\/#primaryimage\"},\"thumbnailUrl\":\"https:\\\/\\\/siljart.fi\\\/wp-content\\\/uploads\\\/2023\\\/10\\\/SiljArt-Teos-kangaspahville-One-day-at-a-time.jpg\",\"datePublished\":\"2023-10-03T06:19:57+00:00\",\"dateModified\":\"2026-02-06T08:39:14+00:00\",\"breadcrumb\":{\"@id\":\"https:\\\/\\\/siljart.fi\\\/tuote\\\/teos-kangaspahville-one-day-at-a-time-15cm-x-15cm\\\/#breadcrumb\"},\"inLanguage\":\"en-GB\",\"potentialAction\":[{\"@type\":\"ReadAction\",\"target\":[\"https:\\\/\\\/siljart.fi\\\/tuote\\\/teos-kangaspahville-one-day-at-a-time-15cm-x-15cm\\\/\"]}]},{\"@type\":\"ImageObject\",\"inLanguage\":\"en-GB\",\"@id\":\"https:\\\/\\\/siljart.fi\\\/tuote\\\/teos-kangaspahville-one-day-at-a-time-15cm-x-15cm\\\/#primaryimage\",\"url\":\"https:\\\/\\\/siljart.fi\\\/wp-content\\\/uploads\\\/2023\\\/10\\\/SiljArt-Teos-kangaspahville-One-day-at-a-time.jpg\",\"contentUrl\":\"https:\\\/\\\/siljart.fi\\\/wp-content\\\/uploads\\\/2023\\\/10\\\/SiljArt-Teos-kangaspahville-One-day-at-a-time.jpg\",\"width\":1920,\"height\":1905,\"caption\":\"SiljArt - Teos kangaspahville - One day at a time\"},{\"@type\":\"BreadcrumbList\",\"@id\":\"https:\\\/\\\/siljart.fi\\\/tuote\\\/teos-kangaspahville-one-day-at-a-time-15cm-x-15cm\\\/#breadcrumb\",\"itemListElement\":[{\"@type\":\"ListItem\",\"position\":1,\"name\":\"Etusivu\",\"item\":\"https:\\\/\\\/siljart.fi\\\/\"},{\"@type\":\"ListItem\",\"position\":2,\"name\":\"Kauppa\",\"item\":\"https:\\\/\\\/siljart.fi\\\/kauppa\\\/\"},{\"@type\":\"ListItem\",\"position\":3,\"name\":\"Kehystetty miniteos &#8221;One day at a time&#8221; 15cm x 15cm\"}]},{\"@type\":\"WebSite\",\"@id\":\"https:\\\/\\\/siljart.fi\\\/#website\",\"url\":\"https:\\\/\\\/siljart.fi\\\/\",\"name\":\"Siljart\",\"description\":\"Abstraktia taidetta akustiikkalevylle sek&auml; kankaalle\",\"publisher\":{\"@id\":\"https:\\\/\\\/siljart.fi\\\/#organization\"},\"potentialAction\":[{\"@type\":\"SearchAction\",\"target\":{\"@type\":\"EntryPoint\",\"urlTemplate\":\"https:\\\/\\\/siljart.fi\\\/?s={search_term_string}\"},\"query-input\":{\"@type\":\"PropertyValueSpecification\",\"valueRequired\":true,\"valueName\":\"search_term_string\"}}],\"inLanguage\":\"en-GB\"},{\"@type\":\"Organization\",\"@id\":\"https:\\\/\\\/siljart.fi\\\/#organization\",\"name\":\"Siljart\",\"url\":\"https:\\\/\\\/siljart.fi\\\/\",\"logo\":{\"@type\":\"ImageObject\",\"inLanguage\":\"en-GB\",\"@id\":\"https:\\\/\\\/siljart.fi\\\/#\\\/schema\\\/logo\\\/image\\\/\",\"url\":\"https:\\\/\\\/siljart.fi\\\/wp-content\\\/uploads\\\/2020\\\/11\\\/siljart-logo.png\",\"contentUrl\":\"https:\\\/\\\/siljart.fi\\\/wp-content\\\/uploads\\\/2020\\\/11\\\/siljart-logo.png\",\"width\":300,\"height\":194,\"caption\":\"Siljart\"},\"image\":{\"@id\":\"https:\\\/\\\/siljart.fi\\\/#\\\/schema\\\/logo\\\/image\\\/\"},\"sameAs\":[\"https:\\\/\\\/www.facebook.com\\\/Siljalitalo\\\/\",\"https:\\\/\\\/www.instagram.com\\\/artby.siljart\\\/?hl=fi\",\"https:\\\/\\\/fi.pinterest.com\\\/siljaalitalo\\\/_created\\\/\"]}]}<\/script>\n<!-- \/ Yoast SEO plugin. -->","yoast_head_json":{"title":"Kehystetty miniteos \"One day at a time\" 15cm x 15cm &#8211; Siljart","robots":{"index":"index","follow":"follow","max-snippet":"max-snippet:-1","max-image-preview":"max-image-preview:large","max-video-preview":"max-video-preview:-1"},"canonical":"https:\/\/siljart.fi\/en\/product\/teos-kangaspahville-one-day-at-a-time-15cm-x-15cm\/","og_locale":"en_GB","og_type":"article","og_title":"Kehystetty miniteos \"One day at a time\" 15cm x 15cm &#8211; Siljart","og_description":"Teos kangaspahville Korkeus 15cm, leveys 15cm (Kehyksen kanssa 24cm x 24cm) Maalauspohja: Kangaspahvi Valkoinen puukehys Akryyli, sekatekniikka Ripustusvalmis, signeerattu, aitoustodistus takana Valmistusvuosi 2023 Hintaan sis\u00e4ltyy toimitus l\u00e4himp\u00e4\u00e4n matkahuollon\/postin toimipisteeseen Suomen sis\u00e4ll\u00e4 2-5 arkip\u00e4iv\u00e4ss\u00e4","og_url":"https:\/\/siljart.fi\/en\/product\/teos-kangaspahville-one-day-at-a-time-15cm-x-15cm\/","og_site_name":"Siljart","article_publisher":"https:\/\/www.facebook.com\/Siljalitalo\/","article_modified_time":"2026-02-06T08:39:14+00:00","og_image":[{"width":1920,"height":1905,"url":"https:\/\/siljart.fi\/wp-content\/uploads\/2023\/10\/SiljArt-Teos-kangaspahville-One-day-at-a-time.jpg","type":"image\/jpeg"}],"twitter_card":"summary_large_image","twitter_misc":{"Estimated reading time":"1 minute"},"schema":{"@context":"https:\/\/schema.org","@graph":[{"@type":"WebPage","@id":"https:\/\/siljart.fi\/tuote\/teos-kangaspahville-one-day-at-a-time-15cm-x-15cm\/","url":"https:\/\/siljart.fi\/tuote\/teos-kangaspahville-one-day-at-a-time-15cm-x-15cm\/","name":"Kehystetty miniteos \"One day at a time\" 15cm x 15cm &#8211; Siljart","isPartOf":{"@id":"https:\/\/siljart.fi\/#website"},"primaryImageOfPage":{"@id":"https:\/\/siljart.fi\/tuote\/teos-kangaspahville-one-day-at-a-time-15cm-x-15cm\/#primaryimage"},"image":{"@id":"https:\/\/siljart.fi\/tuote\/teos-kangaspahville-one-day-at-a-time-15cm-x-15cm\/#primaryimage"},"thumbnailUrl":"https:\/\/siljart.fi\/wp-content\/uploads\/2023\/10\/SiljArt-Teos-kangaspahville-One-day-at-a-time.jpg","datePublished":"2023-10-03T06:19:57+00:00","dateModified":"2026-02-06T08:39:14+00:00","breadcrumb":{"@id":"https:\/\/siljart.fi\/tuote\/teos-kangaspahville-one-day-at-a-time-15cm-x-15cm\/#breadcrumb"},"inLanguage":"en-GB","potentialAction":[{"@type":"ReadAction","target":["https:\/\/siljart.fi\/tuote\/teos-kangaspahville-one-day-at-a-time-15cm-x-15cm\/"]}]},{"@type":"ImageObject","inLanguage":"en-GB","@id":"https:\/\/siljart.fi\/tuote\/teos-kangaspahville-one-day-at-a-time-15cm-x-15cm\/#primaryimage","url":"https:\/\/siljart.fi\/wp-content\/uploads\/2023\/10\/SiljArt-Teos-kangaspahville-One-day-at-a-time.jpg","contentUrl":"https:\/\/siljart.fi\/wp-content\/uploads\/2023\/10\/SiljArt-Teos-kangaspahville-One-day-at-a-time.jpg","width":1920,"height":1905,"caption":"SiljArt - Teos kangaspahville - One day at a time"},{"@type":"BreadcrumbList","@id":"https:\/\/siljart.fi\/tuote\/teos-kangaspahville-one-day-at-a-time-15cm-x-15cm\/#breadcrumb","itemListElement":[{"@type":"ListItem","position":1,"name":"Etusivu","item":"https:\/\/siljart.fi\/"},{"@type":"ListItem","position":2,"name":"Kauppa","item":"https:\/\/siljart.fi\/kauppa\/"},{"@type":"ListItem","position":3,"name":"Kehystetty miniteos &#8221;One day at a time&#8221; 15cm x 15cm"}]},{"@type":"WebSite","@id":"https:\/\/siljart.fi\/#website","url":"https:\/\/siljart.fi\/","name":"Siljart","description":"Abstraktia taidetta akustiikkalevylle sek&auml; kankaalle","publisher":{"@id":"https:\/\/siljart.fi\/#organization"},"potentialAction":[{"@type":"SearchAction","target":{"@type":"EntryPoint","urlTemplate":"https:\/\/siljart.fi\/?s={search_term_string}"},"query-input":{"@type":"PropertyValueSpecification","valueRequired":true,"valueName":"search_term_string"}}],"inLanguage":"en-GB"},{"@type":"Organization","@id":"https:\/\/siljart.fi\/#organization","name":"Siljart","url":"https:\/\/siljart.fi\/","logo":{"@type":"ImageObject","inLanguage":"en-GB","@id":"https:\/\/siljart.fi\/#\/schema\/logo\/image\/","url":"https:\/\/siljart.fi\/wp-content\/uploads\/2020\/11\/siljart-logo.png","contentUrl":"https:\/\/siljart.fi\/wp-content\/uploads\/2020\/11\/siljart-logo.png","width":300,"height":194,"caption":"Siljart"},"image":{"@id":"https:\/\/siljart.fi\/#\/schema\/logo\/image\/"},"sameAs":["https:\/\/www.facebook.com\/Siljalitalo\/","https:\/\/www.instagram.com\/artby.siljart\/?hl=fi","https:\/\/fi.pinterest.com\/siljaalitalo\/_created\/"]}]}},"jetpack_sharing_enabled":true,"_links":{"self":[{"href":"https:\/\/siljart.fi\/en\/wp-json\/wp\/v2\/product\/7731","targetHints":{"allow":["GET"]}}],"collection":[{"href":"https:\/\/siljart.fi\/en\/wp-json\/wp\/v2\/product"}],"about":[{"href":"https:\/\/siljart.fi\/en\/wp-json\/wp\/v2\/types\/product"}],"wp:featuredmedia":[{"embeddable":true,"href":"https:\/\/siljart.fi\/en\/wp-json\/wp\/v2\/media\/7732"}],"wp:attachment":[{"href":"https:\/\/siljart.fi\/en\/wp-json\/wp\/v2\/media?parent=7731"}],"wp:term":[{"taxonomy":"product_brand","embeddable":true,"href":"https:\/\/siljart.fi\/en\/wp-json\/wp\/v2\/product_brand?post=7731"},{"taxonomy":"product_cat","embeddable":true,"href":"https:\/\/siljart.fi\/en\/wp-json\/wp\/v2\/product_cat?post=7731"},{"taxonomy":"product_tag","embeddable":true,"href":"https:\/\/siljart.fi\/en\/wp-json\/wp\/v2\/product_tag?post=7731"}],"curies":[{"name":"wp","href":"https:\/\/api.w.org\/{rel}","templated":true}]}}