{"id":7724,"date":"2025-03-26T10:50:17","date_gmt":"2025-03-26T08:50:17","guid":{"rendered":"https:\/\/siljart.fi\/?post_type=product&#038;p=7724"},"modified":"2026-03-21T00:56:25","modified_gmt":"2026-03-20T22:56:25","slug":"teos-kankaalle-vapaana-virtaava","status":"publish","type":"product","link":"https:\/\/siljart.fi\/en\/product\/teos-kankaalle-vapaana-virtaava\/","title":{"rendered":"Artwork on canvas \u201dVapaana virtaava\u201d 90cm x 90cm"},"content":{"rendered":"<p>Artwork on canvas<\/p>\n<p>2025<\/p>\n<p>korkeus: 90cm leveys: 90cm paksuus: 4cm (Kehyksen kanssa 94cm x 94cm x 5cm)<\/p>\n<p>Paint base: pinko deepedge<\/p>\n<p>Musta m\u00e4ntykehys<\/p>\n<p>Ready to hang, signed, certificate of authenticity on the back<\/p>\n<p>Acrylic, mixed media<\/p>\n<p>Free door-to-door delivery in Finland within 3-5 working days<\/p>\n<span class=\"et_bloom_bottom_trigger\"><\/span>","protected":false},"excerpt":{"rendered":"<p>Teos kankaalle 2025 korkeus: 90cm leveys: 90cm paksuus: 4cm (Kehyksen kanssa 94cm x 94cm x 5cm) Maalauspohja: Pinko deepedge Musta m\u00e4ntykehys Ripustusvalmis, signeerattu, aitoustodistus takana Akryyli, sekatekniikka Hintaan sis\u00e4ltyy kotiovelle toimitus Suomessa 3-5 arkip\u00e4iv\u00e4ss\u00e4<\/p>","protected":false},"featured_media":9785,"template":"","meta":{"_et_pb_use_builder":"off","_et_pb_old_content":"<div class=\"et_pb_module et_pb_wc_description et_pb_wc_description_0_tb_body et_pb_bg_layout_light et_pb_text_align_center\">\r\n<div class=\"et_pb_module_inner\">\r\n\r\nTeos kankaalle\r\n\r\nKorkeus 90cm, leveys 90cm (Kehyksen kanssa 94cm x 94cm)\r\n\r\nMaalauspohja: Pinko deepedge, 4cm paksu (5cm kehyksen kanssa)\r\n\r\nKehystetty: Musta m\u00e4ntykehys\r\n\r\nAkryyli, sekatekniikka\r\n\r\nRipustusvalmis, signeerattu, aitoustodistus takana\r\n\r\nValmistusvuosi 2024\r\n\r\nHintaan sis\u00e4ltyy kotiovelle toimitus Suomen sis\u00e4ll\u00e4 2-5 arkip\u00e4iv\u00e4ss\u00e4\r\n\r\n<\/div>\r\n<\/div>","_et_gb_content_width":""},"product_brand":[],"product_cat":[55],"product_tag":[134,42],"class_list":{"0":"post-7724","1":"product","2":"type-product","3":"status-publish","4":"has-post-thumbnail","6":"product_cat-teokset-kankaalle","7":"product_tag-134","8":"product_tag-teos-kankaalle","10":"first","11":"instock","12":"sold-individually","13":"taxable","14":"shipping-taxable","15":"purchasable","16":"product-type-simple"},"yoast_head":"<!-- This site is optimized with the Yoast SEO plugin v27.4 - https:\/\/yoast.com\/product\/yoast-seo-wordpress\/ -->\n<title>Teos kankaalle &quot;Vapaana virtaava&quot; 90cm x 90cm &#8211; Siljart<\/title>\n<meta name=\"robots\" content=\"index, follow, max-snippet:-1, max-image-preview:large, max-video-preview:-1\" \/>\n<link rel=\"canonical\" href=\"https:\/\/siljart.fi\/en\/product\/teos-kankaalle-vapaana-virtaava\/\" \/>\n<meta property=\"og:locale\" content=\"en_GB\" \/>\n<meta property=\"og:type\" content=\"article\" \/>\n<meta property=\"og:title\" content=\"Teos kankaalle &quot;Vapaana virtaava&quot; 90cm x 90cm &#8211; Siljart\" \/>\n<meta property=\"og:description\" content=\"Teos kankaalle 2025 korkeus: 90cm leveys: 90cm paksuus: 4cm (Kehyksen kanssa 94cm x 94cm x 5cm) Maalauspohja: Pinko deepedge Musta m\u00e4ntykehys Ripustusvalmis, signeerattu, aitoustodistus takana Akryyli, sekatekniikka Hintaan sis\u00e4ltyy kotiovelle toimitus Suomessa 3-5 arkip\u00e4iv\u00e4ss\u00e4\" \/>\n<meta property=\"og:url\" content=\"https:\/\/siljart.fi\/en\/product\/teos-kankaalle-vapaana-virtaava\/\" \/>\n<meta property=\"og:site_name\" content=\"Siljart\" \/>\n<meta property=\"article:publisher\" content=\"https:\/\/www.facebook.com\/Siljalitalo\/\" \/>\n<meta property=\"article:modified_time\" content=\"2026-03-20T22:56:25+00:00\" \/>\n<meta property=\"og:image\" content=\"https:\/\/siljart.fi\/wp-content\/uploads\/2024\/11\/SiljArt-Vapaana-virtaava.jpg\" \/>\n\t<meta property=\"og:image:width\" content=\"1440\" \/>\n\t<meta property=\"og:image:height\" content=\"1920\" \/>\n\t<meta property=\"og:image:type\" content=\"image\/jpeg\" \/>\n<meta name=\"twitter:card\" content=\"summary_large_image\" \/>\n<meta name=\"twitter:label1\" content=\"Estimated reading time\" \/>\n\t<meta name=\"twitter:data1\" content=\"1 minute\" \/>\n<script type=\"application\/ld+json\" class=\"yoast-schema-graph\">{\"@context\":\"https:\\\/\\\/schema.org\",\"@graph\":[{\"@type\":\"WebPage\",\"@id\":\"https:\\\/\\\/siljart.fi\\\/tuote\\\/teos-kankaalle-vapaana-virtaava\\\/\",\"url\":\"https:\\\/\\\/siljart.fi\\\/tuote\\\/teos-kankaalle-vapaana-virtaava\\\/\",\"name\":\"Teos kankaalle \\\"Vapaana virtaava\\\" 90cm x 90cm &#8211; Siljart\",\"isPartOf\":{\"@id\":\"https:\\\/\\\/siljart.fi\\\/#website\"},\"primaryImageOfPage\":{\"@id\":\"https:\\\/\\\/siljart.fi\\\/tuote\\\/teos-kankaalle-vapaana-virtaava\\\/#primaryimage\"},\"image\":{\"@id\":\"https:\\\/\\\/siljart.fi\\\/tuote\\\/teos-kankaalle-vapaana-virtaava\\\/#primaryimage\"},\"thumbnailUrl\":\"https:\\\/\\\/siljart.fi\\\/wp-content\\\/uploads\\\/2024\\\/11\\\/SiljArt-Vapaana-virtaava.jpg\",\"datePublished\":\"2025-03-26T08:50:17+00:00\",\"dateModified\":\"2026-03-20T22:56:25+00:00\",\"breadcrumb\":{\"@id\":\"https:\\\/\\\/siljart.fi\\\/tuote\\\/teos-kankaalle-vapaana-virtaava\\\/#breadcrumb\"},\"inLanguage\":\"en-GB\",\"potentialAction\":[{\"@type\":\"ReadAction\",\"target\":[\"https:\\\/\\\/siljart.fi\\\/tuote\\\/teos-kankaalle-vapaana-virtaava\\\/\"]}]},{\"@type\":\"ImageObject\",\"inLanguage\":\"en-GB\",\"@id\":\"https:\\\/\\\/siljart.fi\\\/tuote\\\/teos-kankaalle-vapaana-virtaava\\\/#primaryimage\",\"url\":\"https:\\\/\\\/siljart.fi\\\/wp-content\\\/uploads\\\/2024\\\/11\\\/SiljArt-Vapaana-virtaava.jpg\",\"contentUrl\":\"https:\\\/\\\/siljart.fi\\\/wp-content\\\/uploads\\\/2024\\\/11\\\/SiljArt-Vapaana-virtaava.jpg\",\"width\":1440,\"height\":1920,\"caption\":\"SiljArt - Vapaana virtaava\"},{\"@type\":\"BreadcrumbList\",\"@id\":\"https:\\\/\\\/siljart.fi\\\/tuote\\\/teos-kankaalle-vapaana-virtaava\\\/#breadcrumb\",\"itemListElement\":[{\"@type\":\"ListItem\",\"position\":1,\"name\":\"Etusivu\",\"item\":\"https:\\\/\\\/siljart.fi\\\/\"},{\"@type\":\"ListItem\",\"position\":2,\"name\":\"Kauppa\",\"item\":\"https:\\\/\\\/siljart.fi\\\/kauppa\\\/\"},{\"@type\":\"ListItem\",\"position\":3,\"name\":\"Teos kankaalle &#8221;Vapaana virtaava&#8221; 90cm x 90cm\"}]},{\"@type\":\"WebSite\",\"@id\":\"https:\\\/\\\/siljart.fi\\\/#website\",\"url\":\"https:\\\/\\\/siljart.fi\\\/\",\"name\":\"Siljart\",\"description\":\"Abstraktia taidetta akustiikkalevylle sek&auml; kankaalle\",\"publisher\":{\"@id\":\"https:\\\/\\\/siljart.fi\\\/#organization\"},\"potentialAction\":[{\"@type\":\"SearchAction\",\"target\":{\"@type\":\"EntryPoint\",\"urlTemplate\":\"https:\\\/\\\/siljart.fi\\\/?s={search_term_string}\"},\"query-input\":{\"@type\":\"PropertyValueSpecification\",\"valueRequired\":true,\"valueName\":\"search_term_string\"}}],\"inLanguage\":\"en-GB\"},{\"@type\":\"Organization\",\"@id\":\"https:\\\/\\\/siljart.fi\\\/#organization\",\"name\":\"Siljart\",\"url\":\"https:\\\/\\\/siljart.fi\\\/\",\"logo\":{\"@type\":\"ImageObject\",\"inLanguage\":\"en-GB\",\"@id\":\"https:\\\/\\\/siljart.fi\\\/#\\\/schema\\\/logo\\\/image\\\/\",\"url\":\"https:\\\/\\\/siljart.fi\\\/wp-content\\\/uploads\\\/2020\\\/11\\\/siljart-logo.png\",\"contentUrl\":\"https:\\\/\\\/siljart.fi\\\/wp-content\\\/uploads\\\/2020\\\/11\\\/siljart-logo.png\",\"width\":300,\"height\":194,\"caption\":\"Siljart\"},\"image\":{\"@id\":\"https:\\\/\\\/siljart.fi\\\/#\\\/schema\\\/logo\\\/image\\\/\"},\"sameAs\":[\"https:\\\/\\\/www.facebook.com\\\/Siljalitalo\\\/\",\"https:\\\/\\\/www.instagram.com\\\/artby.siljart\\\/?hl=fi\",\"https:\\\/\\\/fi.pinterest.com\\\/siljaalitalo\\\/_created\\\/\"]}]}<\/script>\n<!-- \/ Yoast SEO plugin. -->","yoast_head_json":{"title":"Teos kankaalle \"Vapaana virtaava\" 90cm x 90cm &#8211; Siljart","robots":{"index":"index","follow":"follow","max-snippet":"max-snippet:-1","max-image-preview":"max-image-preview:large","max-video-preview":"max-video-preview:-1"},"canonical":"https:\/\/siljart.fi\/en\/product\/teos-kankaalle-vapaana-virtaava\/","og_locale":"en_GB","og_type":"article","og_title":"Teos kankaalle \"Vapaana virtaava\" 90cm x 90cm &#8211; Siljart","og_description":"Teos kankaalle 2025 korkeus: 90cm leveys: 90cm paksuus: 4cm (Kehyksen kanssa 94cm x 94cm x 5cm) Maalauspohja: Pinko deepedge Musta m\u00e4ntykehys Ripustusvalmis, signeerattu, aitoustodistus takana Akryyli, sekatekniikka Hintaan sis\u00e4ltyy kotiovelle toimitus Suomessa 3-5 arkip\u00e4iv\u00e4ss\u00e4","og_url":"https:\/\/siljart.fi\/en\/product\/teos-kankaalle-vapaana-virtaava\/","og_site_name":"Siljart","article_publisher":"https:\/\/www.facebook.com\/Siljalitalo\/","article_modified_time":"2026-03-20T22:56:25+00:00","og_image":[{"width":1440,"height":1920,"url":"https:\/\/siljart.fi\/wp-content\/uploads\/2024\/11\/SiljArt-Vapaana-virtaava.jpg","type":"image\/jpeg"}],"twitter_card":"summary_large_image","twitter_misc":{"Estimated reading time":"1 minute"},"schema":{"@context":"https:\/\/schema.org","@graph":[{"@type":"WebPage","@id":"https:\/\/siljart.fi\/tuote\/teos-kankaalle-vapaana-virtaava\/","url":"https:\/\/siljart.fi\/tuote\/teos-kankaalle-vapaana-virtaava\/","name":"Teos kankaalle \"Vapaana virtaava\" 90cm x 90cm &#8211; Siljart","isPartOf":{"@id":"https:\/\/siljart.fi\/#website"},"primaryImageOfPage":{"@id":"https:\/\/siljart.fi\/tuote\/teos-kankaalle-vapaana-virtaava\/#primaryimage"},"image":{"@id":"https:\/\/siljart.fi\/tuote\/teos-kankaalle-vapaana-virtaava\/#primaryimage"},"thumbnailUrl":"https:\/\/siljart.fi\/wp-content\/uploads\/2024\/11\/SiljArt-Vapaana-virtaava.jpg","datePublished":"2025-03-26T08:50:17+00:00","dateModified":"2026-03-20T22:56:25+00:00","breadcrumb":{"@id":"https:\/\/siljart.fi\/tuote\/teos-kankaalle-vapaana-virtaava\/#breadcrumb"},"inLanguage":"en-GB","potentialAction":[{"@type":"ReadAction","target":["https:\/\/siljart.fi\/tuote\/teos-kankaalle-vapaana-virtaava\/"]}]},{"@type":"ImageObject","inLanguage":"en-GB","@id":"https:\/\/siljart.fi\/tuote\/teos-kankaalle-vapaana-virtaava\/#primaryimage","url":"https:\/\/siljart.fi\/wp-content\/uploads\/2024\/11\/SiljArt-Vapaana-virtaava.jpg","contentUrl":"https:\/\/siljart.fi\/wp-content\/uploads\/2024\/11\/SiljArt-Vapaana-virtaava.jpg","width":1440,"height":1920,"caption":"SiljArt - Vapaana virtaava"},{"@type":"BreadcrumbList","@id":"https:\/\/siljart.fi\/tuote\/teos-kankaalle-vapaana-virtaava\/#breadcrumb","itemListElement":[{"@type":"ListItem","position":1,"name":"Etusivu","item":"https:\/\/siljart.fi\/"},{"@type":"ListItem","position":2,"name":"Kauppa","item":"https:\/\/siljart.fi\/kauppa\/"},{"@type":"ListItem","position":3,"name":"Teos kankaalle &#8221;Vapaana virtaava&#8221; 90cm x 90cm"}]},{"@type":"WebSite","@id":"https:\/\/siljart.fi\/#website","url":"https:\/\/siljart.fi\/","name":"Siljart","description":"Abstraktia taidetta akustiikkalevylle sek&auml; kankaalle","publisher":{"@id":"https:\/\/siljart.fi\/#organization"},"potentialAction":[{"@type":"SearchAction","target":{"@type":"EntryPoint","urlTemplate":"https:\/\/siljart.fi\/?s={search_term_string}"},"query-input":{"@type":"PropertyValueSpecification","valueRequired":true,"valueName":"search_term_string"}}],"inLanguage":"en-GB"},{"@type":"Organization","@id":"https:\/\/siljart.fi\/#organization","name":"Siljart","url":"https:\/\/siljart.fi\/","logo":{"@type":"ImageObject","inLanguage":"en-GB","@id":"https:\/\/siljart.fi\/#\/schema\/logo\/image\/","url":"https:\/\/siljart.fi\/wp-content\/uploads\/2020\/11\/siljart-logo.png","contentUrl":"https:\/\/siljart.fi\/wp-content\/uploads\/2020\/11\/siljart-logo.png","width":300,"height":194,"caption":"Siljart"},"image":{"@id":"https:\/\/siljart.fi\/#\/schema\/logo\/image\/"},"sameAs":["https:\/\/www.facebook.com\/Siljalitalo\/","https:\/\/www.instagram.com\/artby.siljart\/?hl=fi","https:\/\/fi.pinterest.com\/siljaalitalo\/_created\/"]}]}},"jetpack_sharing_enabled":true,"_links":{"self":[{"href":"https:\/\/siljart.fi\/en\/wp-json\/wp\/v2\/product\/7724","targetHints":{"allow":["GET"]}}],"collection":[{"href":"https:\/\/siljart.fi\/en\/wp-json\/wp\/v2\/product"}],"about":[{"href":"https:\/\/siljart.fi\/en\/wp-json\/wp\/v2\/types\/product"}],"wp:featuredmedia":[{"embeddable":true,"href":"https:\/\/siljart.fi\/en\/wp-json\/wp\/v2\/media\/9785"}],"wp:attachment":[{"href":"https:\/\/siljart.fi\/en\/wp-json\/wp\/v2\/media?parent=7724"}],"wp:term":[{"taxonomy":"product_brand","embeddable":true,"href":"https:\/\/siljart.fi\/en\/wp-json\/wp\/v2\/product_brand?post=7724"},{"taxonomy":"product_cat","embeddable":true,"href":"https:\/\/siljart.fi\/en\/wp-json\/wp\/v2\/product_cat?post=7724"},{"taxonomy":"product_tag","embeddable":true,"href":"https:\/\/siljart.fi\/en\/wp-json\/wp\/v2\/product_tag?post=7724"}],"curies":[{"name":"wp","href":"https:\/\/api.w.org\/{rel}","templated":true}]}}