{"id":7714,"date":"2024-10-29T20:30:39","date_gmt":"2024-10-29T18:30:39","guid":{"rendered":"https:\/\/siljart.fi\/?post_type=product&#038;p=7714"},"modified":"2026-03-21T00:56:54","modified_gmt":"2026-03-20T22:56:54","slug":"teos-jalustalla-luna","status":"publish","type":"product","link":"https:\/\/siljart.fi\/en\/product\/teos-jalustalla-luna\/","title":{"rendered":"Artwork on a pedestal \"Luna\" \u00d830cm"},"content":{"rendered":"<p>Teos jalustalla<\/p>\n<p>Teoksen mitat : halkaisija 30cm<\/p>\n<p>Metallinen musta jalusta<\/p>\n<p>Year of completion 2024<\/p>\n<p>Maalauspohja: 20mm suomalainen koivuvaneri<\/p>\n<p>Acrylic, mixed media<\/p>\n<p>signeerattu, aitoustodistus mukana<\/p>\n<p>Free delivery to the nearest Matkahuolto\/Post office in 2-5 working days!<\/p>\n<span class=\"et_bloom_bottom_trigger\"><\/span>","protected":false},"excerpt":{"rendered":"<p>Teos jalustalla Teoksen mitat : halkaisija 30cm Metallinen musta jalusta Valmistusvuosi 2024 Maalauspohja: 20mm suomalainen koivuvaneri Akryyli, sekatekniikka signeerattu, aitoustodistus mukana Ilmainen toimitus l\u00e4himp\u00e4\u00e4n matkahuollon\/postin toimipisteeseen Suomessa 2-5 arkip\u00e4iv\u00e4ss\u00e4<\/p>","protected":false},"featured_media":9535,"template":"","meta":{"_et_pb_use_builder":"","_et_pb_old_content":"","_et_gb_content_width":""},"product_brand":[],"product_cat":[93],"product_tag":[116,96],"class_list":{"0":"post-7714","1":"product","2":"type-product","3":"status-publish","4":"has-post-thumbnail","6":"product_cat-teokset-jalustalla","7":"product_tag-116","8":"product_tag-teos-jalustalla","10":"first","11":"instock","12":"sold-individually","13":"taxable","14":"shipping-taxable","15":"purchasable","16":"product-type-simple"},"yoast_head":"<!-- This site is optimized with the Yoast SEO plugin v27.4 - https:\/\/yoast.com\/product\/yoast-seo-wordpress\/ -->\n<title>Teos jalustalla &quot;Luna&quot; \u00d830cm &#8211; Siljart<\/title>\n<meta name=\"robots\" content=\"index, follow, max-snippet:-1, max-image-preview:large, max-video-preview:-1\" \/>\n<link rel=\"canonical\" href=\"https:\/\/siljart.fi\/en\/product\/teos-jalustalla-luna\/\" \/>\n<meta property=\"og:locale\" content=\"en_GB\" \/>\n<meta property=\"og:type\" content=\"article\" \/>\n<meta property=\"og:title\" content=\"Teos jalustalla &quot;Luna&quot; \u00d830cm &#8211; Siljart\" \/>\n<meta property=\"og:description\" content=\"Teos jalustalla Teoksen mitat : halkaisija 30cm Metallinen musta jalusta Valmistusvuosi 2024 Maalauspohja: 20mm suomalainen koivuvaneri Akryyli, sekatekniikka signeerattu, aitoustodistus mukana Ilmainen toimitus l\u00e4himp\u00e4\u00e4n matkahuollon\/postin toimipisteeseen Suomessa 2-5 arkip\u00e4iv\u00e4ss\u00e4\" \/>\n<meta property=\"og:url\" content=\"https:\/\/siljart.fi\/en\/product\/teos-jalustalla-luna\/\" \/>\n<meta property=\"og:site_name\" content=\"Siljart\" \/>\n<meta property=\"article:publisher\" content=\"https:\/\/www.facebook.com\/Siljalitalo\/\" \/>\n<meta property=\"article:modified_time\" content=\"2026-03-20T22:56:54+00:00\" \/>\n<meta property=\"og:image\" content=\"https:\/\/siljart.fi\/wp-content\/uploads\/2023\/10\/SiljArt-Luna.jpg\" \/>\n\t<meta property=\"og:image:width\" content=\"1080\" \/>\n\t<meta property=\"og:image:height\" content=\"1920\" \/>\n\t<meta property=\"og:image:type\" content=\"image\/jpeg\" \/>\n<meta name=\"twitter:card\" content=\"summary_large_image\" \/>\n<meta name=\"twitter:label1\" content=\"Estimated reading time\" \/>\n\t<meta name=\"twitter:data1\" content=\"1 minute\" \/>\n<script type=\"application\/ld+json\" class=\"yoast-schema-graph\">{\"@context\":\"https:\\\/\\\/schema.org\",\"@graph\":[{\"@type\":\"WebPage\",\"@id\":\"https:\\\/\\\/siljart.fi\\\/tuote\\\/teos-jalustalla-luna\\\/\",\"url\":\"https:\\\/\\\/siljart.fi\\\/tuote\\\/teos-jalustalla-luna\\\/\",\"name\":\"Teos jalustalla \\\"Luna\\\" \u00d830cm &#8211; Siljart\",\"isPartOf\":{\"@id\":\"https:\\\/\\\/siljart.fi\\\/#website\"},\"primaryImageOfPage\":{\"@id\":\"https:\\\/\\\/siljart.fi\\\/tuote\\\/teos-jalustalla-luna\\\/#primaryimage\"},\"image\":{\"@id\":\"https:\\\/\\\/siljart.fi\\\/tuote\\\/teos-jalustalla-luna\\\/#primaryimage\"},\"thumbnailUrl\":\"https:\\\/\\\/siljart.fi\\\/wp-content\\\/uploads\\\/2023\\\/10\\\/SiljArt-Luna.jpg\",\"datePublished\":\"2024-10-29T18:30:39+00:00\",\"dateModified\":\"2026-03-20T22:56:54+00:00\",\"breadcrumb\":{\"@id\":\"https:\\\/\\\/siljart.fi\\\/tuote\\\/teos-jalustalla-luna\\\/#breadcrumb\"},\"inLanguage\":\"en-GB\",\"potentialAction\":[{\"@type\":\"ReadAction\",\"target\":[\"https:\\\/\\\/siljart.fi\\\/tuote\\\/teos-jalustalla-luna\\\/\"]}]},{\"@type\":\"ImageObject\",\"inLanguage\":\"en-GB\",\"@id\":\"https:\\\/\\\/siljart.fi\\\/tuote\\\/teos-jalustalla-luna\\\/#primaryimage\",\"url\":\"https:\\\/\\\/siljart.fi\\\/wp-content\\\/uploads\\\/2023\\\/10\\\/SiljArt-Luna.jpg\",\"contentUrl\":\"https:\\\/\\\/siljart.fi\\\/wp-content\\\/uploads\\\/2023\\\/10\\\/SiljArt-Luna.jpg\",\"width\":1080,\"height\":1920,\"caption\":\"SiljArt - Luna\"},{\"@type\":\"BreadcrumbList\",\"@id\":\"https:\\\/\\\/siljart.fi\\\/tuote\\\/teos-jalustalla-luna\\\/#breadcrumb\",\"itemListElement\":[{\"@type\":\"ListItem\",\"position\":1,\"name\":\"Etusivu\",\"item\":\"https:\\\/\\\/siljart.fi\\\/\"},{\"@type\":\"ListItem\",\"position\":2,\"name\":\"Kauppa\",\"item\":\"https:\\\/\\\/siljart.fi\\\/kauppa\\\/\"},{\"@type\":\"ListItem\",\"position\":3,\"name\":\"Teos jalustalla &#8221;Luna&#8221; \u00d830cm\"}]},{\"@type\":\"WebSite\",\"@id\":\"https:\\\/\\\/siljart.fi\\\/#website\",\"url\":\"https:\\\/\\\/siljart.fi\\\/\",\"name\":\"Siljart\",\"description\":\"Abstraktia taidetta akustiikkalevylle sek&auml; kankaalle\",\"publisher\":{\"@id\":\"https:\\\/\\\/siljart.fi\\\/#organization\"},\"potentialAction\":[{\"@type\":\"SearchAction\",\"target\":{\"@type\":\"EntryPoint\",\"urlTemplate\":\"https:\\\/\\\/siljart.fi\\\/?s={search_term_string}\"},\"query-input\":{\"@type\":\"PropertyValueSpecification\",\"valueRequired\":true,\"valueName\":\"search_term_string\"}}],\"inLanguage\":\"en-GB\"},{\"@type\":\"Organization\",\"@id\":\"https:\\\/\\\/siljart.fi\\\/#organization\",\"name\":\"Siljart\",\"url\":\"https:\\\/\\\/siljart.fi\\\/\",\"logo\":{\"@type\":\"ImageObject\",\"inLanguage\":\"en-GB\",\"@id\":\"https:\\\/\\\/siljart.fi\\\/#\\\/schema\\\/logo\\\/image\\\/\",\"url\":\"https:\\\/\\\/siljart.fi\\\/wp-content\\\/uploads\\\/2020\\\/11\\\/siljart-logo.png\",\"contentUrl\":\"https:\\\/\\\/siljart.fi\\\/wp-content\\\/uploads\\\/2020\\\/11\\\/siljart-logo.png\",\"width\":300,\"height\":194,\"caption\":\"Siljart\"},\"image\":{\"@id\":\"https:\\\/\\\/siljart.fi\\\/#\\\/schema\\\/logo\\\/image\\\/\"},\"sameAs\":[\"https:\\\/\\\/www.facebook.com\\\/Siljalitalo\\\/\",\"https:\\\/\\\/www.instagram.com\\\/artby.siljart\\\/?hl=fi\",\"https:\\\/\\\/fi.pinterest.com\\\/siljaalitalo\\\/_created\\\/\"]}]}<\/script>\n<!-- \/ Yoast SEO plugin. -->","yoast_head_json":{"title":"Teos jalustalla \"Luna\" \u00d830cm &#8211; Siljart","robots":{"index":"index","follow":"follow","max-snippet":"max-snippet:-1","max-image-preview":"max-image-preview:large","max-video-preview":"max-video-preview:-1"},"canonical":"https:\/\/siljart.fi\/en\/product\/teos-jalustalla-luna\/","og_locale":"en_GB","og_type":"article","og_title":"Teos jalustalla \"Luna\" \u00d830cm &#8211; Siljart","og_description":"Teos jalustalla Teoksen mitat : halkaisija 30cm Metallinen musta jalusta Valmistusvuosi 2024 Maalauspohja: 20mm suomalainen koivuvaneri Akryyli, sekatekniikka signeerattu, aitoustodistus mukana Ilmainen toimitus l\u00e4himp\u00e4\u00e4n matkahuollon\/postin toimipisteeseen Suomessa 2-5 arkip\u00e4iv\u00e4ss\u00e4","og_url":"https:\/\/siljart.fi\/en\/product\/teos-jalustalla-luna\/","og_site_name":"Siljart","article_publisher":"https:\/\/www.facebook.com\/Siljalitalo\/","article_modified_time":"2026-03-20T22:56:54+00:00","og_image":[{"width":1080,"height":1920,"url":"https:\/\/siljart.fi\/wp-content\/uploads\/2023\/10\/SiljArt-Luna.jpg","type":"image\/jpeg"}],"twitter_card":"summary_large_image","twitter_misc":{"Estimated reading time":"1 minute"},"schema":{"@context":"https:\/\/schema.org","@graph":[{"@type":"WebPage","@id":"https:\/\/siljart.fi\/tuote\/teos-jalustalla-luna\/","url":"https:\/\/siljart.fi\/tuote\/teos-jalustalla-luna\/","name":"Teos jalustalla \"Luna\" \u00d830cm &#8211; Siljart","isPartOf":{"@id":"https:\/\/siljart.fi\/#website"},"primaryImageOfPage":{"@id":"https:\/\/siljart.fi\/tuote\/teos-jalustalla-luna\/#primaryimage"},"image":{"@id":"https:\/\/siljart.fi\/tuote\/teos-jalustalla-luna\/#primaryimage"},"thumbnailUrl":"https:\/\/siljart.fi\/wp-content\/uploads\/2023\/10\/SiljArt-Luna.jpg","datePublished":"2024-10-29T18:30:39+00:00","dateModified":"2026-03-20T22:56:54+00:00","breadcrumb":{"@id":"https:\/\/siljart.fi\/tuote\/teos-jalustalla-luna\/#breadcrumb"},"inLanguage":"en-GB","potentialAction":[{"@type":"ReadAction","target":["https:\/\/siljart.fi\/tuote\/teos-jalustalla-luna\/"]}]},{"@type":"ImageObject","inLanguage":"en-GB","@id":"https:\/\/siljart.fi\/tuote\/teos-jalustalla-luna\/#primaryimage","url":"https:\/\/siljart.fi\/wp-content\/uploads\/2023\/10\/SiljArt-Luna.jpg","contentUrl":"https:\/\/siljart.fi\/wp-content\/uploads\/2023\/10\/SiljArt-Luna.jpg","width":1080,"height":1920,"caption":"SiljArt - Luna"},{"@type":"BreadcrumbList","@id":"https:\/\/siljart.fi\/tuote\/teos-jalustalla-luna\/#breadcrumb","itemListElement":[{"@type":"ListItem","position":1,"name":"Etusivu","item":"https:\/\/siljart.fi\/"},{"@type":"ListItem","position":2,"name":"Kauppa","item":"https:\/\/siljart.fi\/kauppa\/"},{"@type":"ListItem","position":3,"name":"Teos jalustalla &#8221;Luna&#8221; \u00d830cm"}]},{"@type":"WebSite","@id":"https:\/\/siljart.fi\/#website","url":"https:\/\/siljart.fi\/","name":"Siljart","description":"Abstraktia taidetta akustiikkalevylle sek&auml; kankaalle","publisher":{"@id":"https:\/\/siljart.fi\/#organization"},"potentialAction":[{"@type":"SearchAction","target":{"@type":"EntryPoint","urlTemplate":"https:\/\/siljart.fi\/?s={search_term_string}"},"query-input":{"@type":"PropertyValueSpecification","valueRequired":true,"valueName":"search_term_string"}}],"inLanguage":"en-GB"},{"@type":"Organization","@id":"https:\/\/siljart.fi\/#organization","name":"Siljart","url":"https:\/\/siljart.fi\/","logo":{"@type":"ImageObject","inLanguage":"en-GB","@id":"https:\/\/siljart.fi\/#\/schema\/logo\/image\/","url":"https:\/\/siljart.fi\/wp-content\/uploads\/2020\/11\/siljart-logo.png","contentUrl":"https:\/\/siljart.fi\/wp-content\/uploads\/2020\/11\/siljart-logo.png","width":300,"height":194,"caption":"Siljart"},"image":{"@id":"https:\/\/siljart.fi\/#\/schema\/logo\/image\/"},"sameAs":["https:\/\/www.facebook.com\/Siljalitalo\/","https:\/\/www.instagram.com\/artby.siljart\/?hl=fi","https:\/\/fi.pinterest.com\/siljaalitalo\/_created\/"]}]}},"jetpack_sharing_enabled":true,"_links":{"self":[{"href":"https:\/\/siljart.fi\/en\/wp-json\/wp\/v2\/product\/7714","targetHints":{"allow":["GET"]}}],"collection":[{"href":"https:\/\/siljart.fi\/en\/wp-json\/wp\/v2\/product"}],"about":[{"href":"https:\/\/siljart.fi\/en\/wp-json\/wp\/v2\/types\/product"}],"wp:featuredmedia":[{"embeddable":true,"href":"https:\/\/siljart.fi\/en\/wp-json\/wp\/v2\/media\/9535"}],"wp:attachment":[{"href":"https:\/\/siljart.fi\/en\/wp-json\/wp\/v2\/media?parent=7714"}],"wp:term":[{"taxonomy":"product_brand","embeddable":true,"href":"https:\/\/siljart.fi\/en\/wp-json\/wp\/v2\/product_brand?post=7714"},{"taxonomy":"product_cat","embeddable":true,"href":"https:\/\/siljart.fi\/en\/wp-json\/wp\/v2\/product_cat?post=7714"},{"taxonomy":"product_tag","embeddable":true,"href":"https:\/\/siljart.fi\/en\/wp-json\/wp\/v2\/product_tag?post=7714"}],"curies":[{"name":"wp","href":"https:\/\/api.w.org\/{rel}","templated":true}]}}