{"id":7594,"date":"2024-04-08T17:10:59","date_gmt":"2024-04-08T14:10:59","guid":{"rendered":"https:\/\/siljart.fi\/?post_type=product&#038;p=7594"},"modified":"2026-03-21T00:57:24","modified_gmt":"2026-03-20T22:57:24","slug":"teos-kankaalle-spectrolite-ii-60cm","status":"publish","type":"product","link":"https:\/\/siljart.fi\/en\/product\/teos-kankaalle-spectrolite-ii-60cm\/","title":{"rendered":"Artwork on canvas \"Spectrolite II\" \u00d860cm"},"content":{"rendered":"<p>Artwork on canvas<\/p>\n<p>Halkaisija 60cm, paksuus 3cm<\/p>\n<p>Maalauspohja: py\u00f6re\u00e4 MDF kehys (Puusep\u00e4nliikkeen sahaama), 100% puuvillakangas<\/p>\n<p>Acrylic, mixed media<\/p>\n<p>Ready to hang, signed, certificate of authenticity on the back<\/p>\n<p>Year 2023<\/p>\n<p>Free delivery to the nearest Matkahuolto\/Post office in 2-5 working days!<\/p>\n<span class=\"et_bloom_bottom_trigger\"><\/span>","protected":false},"excerpt":{"rendered":"<p>Teos kankaalle Halkaisija 60cm, paksuus 3cm Maalauspohja: py\u00f6re\u00e4 MDF kehys (Puusep\u00e4nliikkeen sahaama), 100% puuvillakangas Akryyli, sekatekniikka Ripustusvalmis, signeerattu, aitoustodistus takana Valmistusvuosi 2023 Ilmainen toimitus l\u00e4himp\u00e4\u00e4n matkahuollon\/postin toimipisteeseen Suomessa 2-5 arkip\u00e4iv\u00e4ss\u00e4<\/p>","protected":false},"featured_media":8680,"template":"","meta":{"_et_pb_use_builder":"","_et_pb_old_content":"","_et_gb_content_width":""},"product_brand":[],"product_cat":[55],"product_tag":[92,60,42],"class_list":{"0":"post-7594","1":"product","2":"type-product","3":"status-publish","4":"has-post-thumbnail","6":"product_cat-teokset-kankaalle","7":"product_tag-92","8":"product_tag-pyoreat","9":"product_tag-teos-kankaalle","11":"first","12":"instock","13":"sold-individually","14":"taxable","15":"shipping-taxable","16":"purchasable","17":"product-type-simple"},"yoast_head":"<!-- This site is optimized with the Yoast SEO plugin v27.4 - https:\/\/yoast.com\/product\/yoast-seo-wordpress\/ -->\n<title>Teos kankaalle &quot;Spectrolite II&quot; \u00d860cm &#8211; Siljart<\/title>\n<meta name=\"robots\" content=\"index, follow, max-snippet:-1, max-image-preview:large, max-video-preview:-1\" \/>\n<link rel=\"canonical\" href=\"https:\/\/siljart.fi\/en\/product\/teos-kankaalle-spectrolite-ii-60cm\/\" \/>\n<meta property=\"og:locale\" content=\"en_GB\" \/>\n<meta property=\"og:type\" content=\"article\" \/>\n<meta property=\"og:title\" content=\"Teos kankaalle &quot;Spectrolite II&quot; \u00d860cm &#8211; Siljart\" \/>\n<meta property=\"og:description\" content=\"Teos kankaalle Halkaisija 60cm, paksuus 3cm Maalauspohja: py\u00f6re\u00e4 MDF kehys (Puusep\u00e4nliikkeen sahaama), 100% puuvillakangas Akryyli, sekatekniikka Ripustusvalmis, signeerattu, aitoustodistus takana Valmistusvuosi 2023 Ilmainen toimitus l\u00e4himp\u00e4\u00e4n matkahuollon\/postin toimipisteeseen Suomessa 2-5 arkip\u00e4iv\u00e4ss\u00e4\" \/>\n<meta property=\"og:url\" content=\"https:\/\/siljart.fi\/en\/product\/teos-kankaalle-spectrolite-ii-60cm\/\" \/>\n<meta property=\"og:site_name\" content=\"Siljart\" \/>\n<meta property=\"article:publisher\" content=\"https:\/\/www.facebook.com\/Siljalitalo\/\" \/>\n<meta property=\"article:modified_time\" content=\"2026-03-20T22:57:24+00:00\" \/>\n<meta property=\"og:image\" content=\"https:\/\/siljart.fi\/wp-content\/uploads\/2023\/10\/SiljArt-Spectrolite-II-60cm-2.jpg\" \/>\n\t<meta property=\"og:image:width\" content=\"1440\" \/>\n\t<meta property=\"og:image:height\" content=\"1920\" \/>\n\t<meta property=\"og:image:type\" content=\"image\/jpeg\" \/>\n<meta name=\"twitter:card\" content=\"summary_large_image\" \/>\n<meta name=\"twitter:label1\" content=\"Estimated reading time\" \/>\n\t<meta name=\"twitter:data1\" content=\"1 minute\" \/>\n<script type=\"application\/ld+json\" class=\"yoast-schema-graph\">{\"@context\":\"https:\\\/\\\/schema.org\",\"@graph\":[{\"@type\":\"WebPage\",\"@id\":\"https:\\\/\\\/siljart.fi\\\/tuote\\\/teos-kankaalle-spectrolite-ii-60cm\\\/\",\"url\":\"https:\\\/\\\/siljart.fi\\\/tuote\\\/teos-kankaalle-spectrolite-ii-60cm\\\/\",\"name\":\"Teos kankaalle \\\"Spectrolite II\\\" \u00d860cm &#8211; Siljart\",\"isPartOf\":{\"@id\":\"https:\\\/\\\/siljart.fi\\\/#website\"},\"primaryImageOfPage\":{\"@id\":\"https:\\\/\\\/siljart.fi\\\/tuote\\\/teos-kankaalle-spectrolite-ii-60cm\\\/#primaryimage\"},\"image\":{\"@id\":\"https:\\\/\\\/siljart.fi\\\/tuote\\\/teos-kankaalle-spectrolite-ii-60cm\\\/#primaryimage\"},\"thumbnailUrl\":\"https:\\\/\\\/siljart.fi\\\/wp-content\\\/uploads\\\/2023\\\/10\\\/SiljArt-Spectrolite-II-60cm-2.jpg\",\"datePublished\":\"2024-04-08T14:10:59+00:00\",\"dateModified\":\"2026-03-20T22:57:24+00:00\",\"breadcrumb\":{\"@id\":\"https:\\\/\\\/siljart.fi\\\/tuote\\\/teos-kankaalle-spectrolite-ii-60cm\\\/#breadcrumb\"},\"inLanguage\":\"en-GB\",\"potentialAction\":[{\"@type\":\"ReadAction\",\"target\":[\"https:\\\/\\\/siljart.fi\\\/tuote\\\/teos-kankaalle-spectrolite-ii-60cm\\\/\"]}]},{\"@type\":\"ImageObject\",\"inLanguage\":\"en-GB\",\"@id\":\"https:\\\/\\\/siljart.fi\\\/tuote\\\/teos-kankaalle-spectrolite-ii-60cm\\\/#primaryimage\",\"url\":\"https:\\\/\\\/siljart.fi\\\/wp-content\\\/uploads\\\/2023\\\/10\\\/SiljArt-Spectrolite-II-60cm-2.jpg\",\"contentUrl\":\"https:\\\/\\\/siljart.fi\\\/wp-content\\\/uploads\\\/2023\\\/10\\\/SiljArt-Spectrolite-II-60cm-2.jpg\",\"width\":1440,\"height\":1920,\"caption\":\"SiljArt - Spectrolite II - 60cm (2)\"},{\"@type\":\"BreadcrumbList\",\"@id\":\"https:\\\/\\\/siljart.fi\\\/tuote\\\/teos-kankaalle-spectrolite-ii-60cm\\\/#breadcrumb\",\"itemListElement\":[{\"@type\":\"ListItem\",\"position\":1,\"name\":\"Etusivu\",\"item\":\"https:\\\/\\\/siljart.fi\\\/\"},{\"@type\":\"ListItem\",\"position\":2,\"name\":\"Kauppa\",\"item\":\"https:\\\/\\\/siljart.fi\\\/kauppa\\\/\"},{\"@type\":\"ListItem\",\"position\":3,\"name\":\"Teos kankaalle &#8221;Spectrolite II&#8221; \u00d860cm\"}]},{\"@type\":\"WebSite\",\"@id\":\"https:\\\/\\\/siljart.fi\\\/#website\",\"url\":\"https:\\\/\\\/siljart.fi\\\/\",\"name\":\"Siljart\",\"description\":\"Abstraktia taidetta akustiikkalevylle sek&auml; kankaalle\",\"publisher\":{\"@id\":\"https:\\\/\\\/siljart.fi\\\/#organization\"},\"potentialAction\":[{\"@type\":\"SearchAction\",\"target\":{\"@type\":\"EntryPoint\",\"urlTemplate\":\"https:\\\/\\\/siljart.fi\\\/?s={search_term_string}\"},\"query-input\":{\"@type\":\"PropertyValueSpecification\",\"valueRequired\":true,\"valueName\":\"search_term_string\"}}],\"inLanguage\":\"en-GB\"},{\"@type\":\"Organization\",\"@id\":\"https:\\\/\\\/siljart.fi\\\/#organization\",\"name\":\"Siljart\",\"url\":\"https:\\\/\\\/siljart.fi\\\/\",\"logo\":{\"@type\":\"ImageObject\",\"inLanguage\":\"en-GB\",\"@id\":\"https:\\\/\\\/siljart.fi\\\/#\\\/schema\\\/logo\\\/image\\\/\",\"url\":\"https:\\\/\\\/siljart.fi\\\/wp-content\\\/uploads\\\/2020\\\/11\\\/siljart-logo.png\",\"contentUrl\":\"https:\\\/\\\/siljart.fi\\\/wp-content\\\/uploads\\\/2020\\\/11\\\/siljart-logo.png\",\"width\":300,\"height\":194,\"caption\":\"Siljart\"},\"image\":{\"@id\":\"https:\\\/\\\/siljart.fi\\\/#\\\/schema\\\/logo\\\/image\\\/\"},\"sameAs\":[\"https:\\\/\\\/www.facebook.com\\\/Siljalitalo\\\/\",\"https:\\\/\\\/www.instagram.com\\\/artby.siljart\\\/?hl=fi\",\"https:\\\/\\\/fi.pinterest.com\\\/siljaalitalo\\\/_created\\\/\"]}]}<\/script>\n<!-- \/ Yoast SEO plugin. -->","yoast_head_json":{"title":"Teos kankaalle \"Spectrolite II\" \u00d860cm &#8211; Siljart","robots":{"index":"index","follow":"follow","max-snippet":"max-snippet:-1","max-image-preview":"max-image-preview:large","max-video-preview":"max-video-preview:-1"},"canonical":"https:\/\/siljart.fi\/en\/product\/teos-kankaalle-spectrolite-ii-60cm\/","og_locale":"en_GB","og_type":"article","og_title":"Teos kankaalle \"Spectrolite II\" \u00d860cm &#8211; Siljart","og_description":"Teos kankaalle Halkaisija 60cm, paksuus 3cm Maalauspohja: py\u00f6re\u00e4 MDF kehys (Puusep\u00e4nliikkeen sahaama), 100% puuvillakangas Akryyli, sekatekniikka Ripustusvalmis, signeerattu, aitoustodistus takana Valmistusvuosi 2023 Ilmainen toimitus l\u00e4himp\u00e4\u00e4n matkahuollon\/postin toimipisteeseen Suomessa 2-5 arkip\u00e4iv\u00e4ss\u00e4","og_url":"https:\/\/siljart.fi\/en\/product\/teos-kankaalle-spectrolite-ii-60cm\/","og_site_name":"Siljart","article_publisher":"https:\/\/www.facebook.com\/Siljalitalo\/","article_modified_time":"2026-03-20T22:57:24+00:00","og_image":[{"width":1440,"height":1920,"url":"https:\/\/siljart.fi\/wp-content\/uploads\/2023\/10\/SiljArt-Spectrolite-II-60cm-2.jpg","type":"image\/jpeg"}],"twitter_card":"summary_large_image","twitter_misc":{"Estimated reading time":"1 minute"},"schema":{"@context":"https:\/\/schema.org","@graph":[{"@type":"WebPage","@id":"https:\/\/siljart.fi\/tuote\/teos-kankaalle-spectrolite-ii-60cm\/","url":"https:\/\/siljart.fi\/tuote\/teos-kankaalle-spectrolite-ii-60cm\/","name":"Teos kankaalle \"Spectrolite II\" \u00d860cm &#8211; Siljart","isPartOf":{"@id":"https:\/\/siljart.fi\/#website"},"primaryImageOfPage":{"@id":"https:\/\/siljart.fi\/tuote\/teos-kankaalle-spectrolite-ii-60cm\/#primaryimage"},"image":{"@id":"https:\/\/siljart.fi\/tuote\/teos-kankaalle-spectrolite-ii-60cm\/#primaryimage"},"thumbnailUrl":"https:\/\/siljart.fi\/wp-content\/uploads\/2023\/10\/SiljArt-Spectrolite-II-60cm-2.jpg","datePublished":"2024-04-08T14:10:59+00:00","dateModified":"2026-03-20T22:57:24+00:00","breadcrumb":{"@id":"https:\/\/siljart.fi\/tuote\/teos-kankaalle-spectrolite-ii-60cm\/#breadcrumb"},"inLanguage":"en-GB","potentialAction":[{"@type":"ReadAction","target":["https:\/\/siljart.fi\/tuote\/teos-kankaalle-spectrolite-ii-60cm\/"]}]},{"@type":"ImageObject","inLanguage":"en-GB","@id":"https:\/\/siljart.fi\/tuote\/teos-kankaalle-spectrolite-ii-60cm\/#primaryimage","url":"https:\/\/siljart.fi\/wp-content\/uploads\/2023\/10\/SiljArt-Spectrolite-II-60cm-2.jpg","contentUrl":"https:\/\/siljart.fi\/wp-content\/uploads\/2023\/10\/SiljArt-Spectrolite-II-60cm-2.jpg","width":1440,"height":1920,"caption":"SiljArt - Spectrolite II - 60cm (2)"},{"@type":"BreadcrumbList","@id":"https:\/\/siljart.fi\/tuote\/teos-kankaalle-spectrolite-ii-60cm\/#breadcrumb","itemListElement":[{"@type":"ListItem","position":1,"name":"Etusivu","item":"https:\/\/siljart.fi\/"},{"@type":"ListItem","position":2,"name":"Kauppa","item":"https:\/\/siljart.fi\/kauppa\/"},{"@type":"ListItem","position":3,"name":"Teos kankaalle &#8221;Spectrolite II&#8221; \u00d860cm"}]},{"@type":"WebSite","@id":"https:\/\/siljart.fi\/#website","url":"https:\/\/siljart.fi\/","name":"Siljart","description":"Abstraktia taidetta akustiikkalevylle sek&auml; kankaalle","publisher":{"@id":"https:\/\/siljart.fi\/#organization"},"potentialAction":[{"@type":"SearchAction","target":{"@type":"EntryPoint","urlTemplate":"https:\/\/siljart.fi\/?s={search_term_string}"},"query-input":{"@type":"PropertyValueSpecification","valueRequired":true,"valueName":"search_term_string"}}],"inLanguage":"en-GB"},{"@type":"Organization","@id":"https:\/\/siljart.fi\/#organization","name":"Siljart","url":"https:\/\/siljart.fi\/","logo":{"@type":"ImageObject","inLanguage":"en-GB","@id":"https:\/\/siljart.fi\/#\/schema\/logo\/image\/","url":"https:\/\/siljart.fi\/wp-content\/uploads\/2020\/11\/siljart-logo.png","contentUrl":"https:\/\/siljart.fi\/wp-content\/uploads\/2020\/11\/siljart-logo.png","width":300,"height":194,"caption":"Siljart"},"image":{"@id":"https:\/\/siljart.fi\/#\/schema\/logo\/image\/"},"sameAs":["https:\/\/www.facebook.com\/Siljalitalo\/","https:\/\/www.instagram.com\/artby.siljart\/?hl=fi","https:\/\/fi.pinterest.com\/siljaalitalo\/_created\/"]}]}},"jetpack_sharing_enabled":true,"_links":{"self":[{"href":"https:\/\/siljart.fi\/en\/wp-json\/wp\/v2\/product\/7594","targetHints":{"allow":["GET"]}}],"collection":[{"href":"https:\/\/siljart.fi\/en\/wp-json\/wp\/v2\/product"}],"about":[{"href":"https:\/\/siljart.fi\/en\/wp-json\/wp\/v2\/types\/product"}],"wp:featuredmedia":[{"embeddable":true,"href":"https:\/\/siljart.fi\/en\/wp-json\/wp\/v2\/media\/8680"}],"wp:attachment":[{"href":"https:\/\/siljart.fi\/en\/wp-json\/wp\/v2\/media?parent=7594"}],"wp:term":[{"taxonomy":"product_brand","embeddable":true,"href":"https:\/\/siljart.fi\/en\/wp-json\/wp\/v2\/product_brand?post=7594"},{"taxonomy":"product_cat","embeddable":true,"href":"https:\/\/siljart.fi\/en\/wp-json\/wp\/v2\/product_cat?post=7594"},{"taxonomy":"product_tag","embeddable":true,"href":"https:\/\/siljart.fi\/en\/wp-json\/wp\/v2\/product_tag?post=7594"}],"curies":[{"name":"wp","href":"https:\/\/api.w.org\/{rel}","templated":true}]}}