{"id":850,"date":"2020-10-22T22:10:15","date_gmt":"2020-10-22T19:10:15","guid":{"rendered":"http:\/\/https:\/\/http:\/\/https:\/\/siljart.fi\/?page_id=850"},"modified":"2026-03-11T10:44:37","modified_gmt":"2026-03-11T08:44:37","slug":"taiteilija","status":"publish","type":"page","link":"https:\/\/siljart.fi\/en\/taiteilija\/","title":{"rendered":"Artist"},"content":{"rendered":"<p>[et_pb_section fb_built=&#8221;1&#8243; _builder_version=&#8221;4.27.4&#8243; _module_preset=&#8221;default&#8221; background_color=&#8221;rgba(10,0,0,0.34)&#8221; background_image=&#8221;https:\/\/siljart.fi\/wp-content\/uploads\/2025\/11\/SiljArt-Taiteilijaesittely-2.jpg&#8221; background_blend=&#8221;overlay&#8221; custom_margin=&#8221;||-1px||false|false&#8221; custom_padding=&#8221;||0px|||&#8221; hover_enabled=&#8221;0&#8243; global_colors_info=&#8221;{}&#8221; sticky_enabled=&#8221;0&#8243;][et_pb_row _builder_version=&#8221;4.27.4&#8243; _module_preset=&#8221;default&#8221; global_colors_info=&#8221;{}&#8221;][et_pb_column type=&#8221;4_4&#8243; _builder_version=&#8221;4.27.4&#8243; _module_preset=&#8221;default&#8221; global_colors_info=&#8221;{}&#8221;][et_pb_text _builder_version=&#8221;4.27.4&#8243; _module_preset=&#8221;default&#8221; text_font=&#8221;|300|||||||&#8221; text_font_size=&#8221;16px&#8221; text_letter_spacing=&#8221;1px&#8221; header_font_size=&#8221;27px&#8221; header_letter_spacing=&#8221;4px&#8221; background_layout=&#8221;dark&#8221; text_font_size_tablet=&#8221;14px&#8221; text_font_size_phone=&#8221;13px&#8221; text_font_size_last_edited=&#8221;on|phone&#8221; text_line_height_tablet=&#8221;1.4em&#8221; text_line_height_phone=&#8221;1.4em&#8221; text_line_height_last_edited=&#8221;on|phone&#8221; header_font_size_tablet=&#8221;23px&#8221; header_font_size_phone=&#8221;23px&#8221; header_font_size_last_edited=&#8221;on|tablet&#8221; global_colors_info=&#8221;{}&#8221;]<\/p>\n<h1>Tervetuloa taiteeni pariin<\/h1>\n<p>&nbsp;<\/p>\n<p>Teokseni syntyv\u00e4t el\u00e4m\u00e4n pienist\u00e4 hetkist\u00e4 &#8211; niist\u00e4, jotka huomaa usein vasta silloin, kun malttaa pys\u00e4hty\u00e4.<\/p>\n<p>Luonto on mulle loputon inspiraation l\u00e4hde. Se muistuttaa joka p\u00e4iv\u00e4 siit\u00e4, miten kauneus on l\u00e4sn\u00e4 kaikkialla, jos vain pys\u00e4htyy katsomaan. Suurin inspiraationi on kuitenkin meid\u00e4n tytt\u00e4remme, jonka el\u00e4m\u00e4nilo ja uteliaisuus tekee t\u00e4st\u00e4 matkasta viel\u00e4 merkityksellisemm\u00e4n.<\/p>\n<p>Toivon, ett\u00e4 mun taide saa sut pys\u00e4htym\u00e4\u00e4n ja muistamaan, ett\u00e4 ne pienimm\u00e4t asiat ovat usein juuri niit\u00e4 el\u00e4m\u00e4n suurimpia.<\/p>\n<p>&nbsp;<\/p>\n<p>Olen Silja Alitalo(s.1987) Porista kotoisin oleva itseoppinut nykytaiteilija. Taiteellisuus on pienest\u00e4 pit\u00e4en ollut olennainen osa minua.<\/p>\n<p>Nuoruudessani k\u00e4vin kuvataidepainotteisen koulun ja sain lukiossa kuvataidediplomin. El\u00e4m\u00e4 vei minut my\u00f6hemmin kultasep\u00e4nalalle ja valmistuin kultasep\u00e4nalan artesaaniksi. T\u00e4ll\u00e4 alalla ty\u00f6skentelin yli 15 vuotta, joka syvensi rakkauttani k\u00e4sity\u00f6n arvostamiseen ja luovaan ilmaisuun.<\/p>\n<p>Maalaan abstraktia taidetta kankaalle ja \u00e4\u00e4nt\u00e4 vaimentavalle akustiikkalevylle sek\u00e4 luon pehme\u00e4linjaisia, veistoksellisia sein\u00e4teoksia. Teoksissani yhdistyv\u00e4t el\u00e4v\u00e4inen tekstuuri, luonnon rauhoittavat s\u00e4vyt ja metallinhohtoiset yksityiskohdat.<\/p>\n<p>Minulle taide on tapa pys\u00e4hty\u00e4 ja l\u00f6yt\u00e4\u00e4 rauha arjen keskell\u00e4. Toivon, ett\u00e4 se v\u00e4littyy my\u00f6s teille, jotka pys\u00e4hdytte teosteni \u00e4\u00e4relle.<\/p>\n<p>&nbsp;<\/p>\n<p>[\/et_pb_text][et_pb_text _builder_version=&#8221;4.27.4&#8243; _module_preset=&#8221;default&#8221; text_text_color=&#8221;#808068&#8243; text_font_size=&#8221;14px&#8221; background_layout=&#8221;dark&#8221; text_text_color_tablet=&#8221;#808068&#8243; text_text_color_phone=&#8221;#808068&#8243; text_text_color_last_edited=&#8221;on|tablet&#8221; text_font_size_tablet=&#8221;13px&#8221; text_font_size_phone=&#8221;13px&#8221; text_font_size_last_edited=&#8221;on|desktop&#8221; global_colors_info=&#8221;{}&#8221;]<\/p>\n<p><a href=\"https:\/\/www.piiaviena.fi\/\" target=\"_blank\" rel=\"noopener\">Kuva: Valokuvaus PiiaV<\/a><\/p>\n<p>[\/et_pb_text][\/et_pb_column][\/et_pb_row][\/et_pb_section]<\/p>\n<span class=\"et_bloom_bottom_trigger\"><\/span>","protected":false},"excerpt":{"rendered":"<p>Tervetuloa taiteeni pariin &nbsp; Teokseni syntyv\u00e4t el\u00e4m\u00e4n pienist\u00e4 hetkist\u00e4 &#8211; niist\u00e4, jotka huomaa usein vasta silloin, kun malttaa pys\u00e4hty\u00e4. Luonto on mulle loputon inspiraation l\u00e4hde. Se muistuttaa joka p\u00e4iv\u00e4 siit\u00e4, miten kauneus on l\u00e4sn\u00e4 kaikkialla, jos vain pys\u00e4htyy katsomaan. Suurin inspiraationi on kuitenkin meid\u00e4n tytt\u00e4remme, jonka el\u00e4m\u00e4nilo ja uteliaisuus tekee t\u00e4st\u00e4 matkasta viel\u00e4 merkityksellisemm\u00e4n. Toivon, [&hellip;]<\/p>\n","protected":false},"author":1,"featured_media":0,"parent":0,"menu_order":0,"comment_status":"closed","ping_status":"closed","template":"","meta":{"_et_pb_use_builder":"on","_et_pb_old_content":"","_et_gb_content_width":"","footnotes":""},"class_list":["post-850","page","type-page","status-publish","hentry"],"yoast_head":"<!-- This site is optimized with the Yoast SEO plugin v27.4 - https:\/\/yoast.com\/product\/yoast-seo-wordpress\/ -->\n<title>Taiteilija Silja Alitalo &#8211; Tunne &#8211; Yksityiskohdat &#8211; Uniikki<\/title>\n<meta name=\"description\" content=\"Taiteilija Silja Alitalon abstraktia taidetta. El\u00e4v\u00e4ist\u00e4 struktuuripintaa sek\u00e4 kauniita metallinhohtoisia yksityiskohtia. Ota yhteytt\u00e4!\" \/>\n<meta name=\"robots\" content=\"index, follow, max-snippet:-1, max-image-preview:large, max-video-preview:-1\" \/>\n<link rel=\"canonical\" href=\"https:\/\/siljart.fi\/en\/taiteilija\/\" \/>\n<meta property=\"og:locale\" content=\"en_GB\" \/>\n<meta property=\"og:type\" content=\"article\" \/>\n<meta property=\"og:title\" content=\"Taiteilija Silja Alitalo &#8211; Tunne &#8211; Yksityiskohdat &#8211; Uniikki\" \/>\n<meta property=\"og:description\" content=\"Taiteilija Silja Alitalon abstraktia taidetta. El\u00e4v\u00e4ist\u00e4 struktuuripintaa sek\u00e4 kauniita metallinhohtoisia yksityiskohtia. Ota yhteytt\u00e4!\" \/>\n<meta property=\"og:url\" content=\"https:\/\/siljart.fi\/en\/taiteilija\/\" \/>\n<meta property=\"og:site_name\" content=\"Siljart\" \/>\n<meta property=\"article:publisher\" content=\"https:\/\/www.facebook.com\/Siljalitalo\/\" \/>\n<meta property=\"article:modified_time\" content=\"2026-03-11T08:44:37+00:00\" \/>\n<meta name=\"twitter:card\" content=\"summary_large_image\" \/>\n<meta name=\"twitter:label1\" content=\"Estimated reading time\" \/>\n\t<meta name=\"twitter:data1\" content=\"2 minutes\" \/>\n<script type=\"application\/ld+json\" class=\"yoast-schema-graph\">{\"@context\":\"https:\\\/\\\/schema.org\",\"@graph\":[{\"@type\":\"WebPage\",\"@id\":\"https:\\\/\\\/siljart.fi\\\/taiteilija\\\/\",\"url\":\"https:\\\/\\\/siljart.fi\\\/taiteilija\\\/\",\"name\":\"Taiteilija Silja Alitalo &#8211; Tunne &#8211; Yksityiskohdat &#8211; Uniikki\",\"isPartOf\":{\"@id\":\"https:\\\/\\\/siljart.fi\\\/#website\"},\"datePublished\":\"2020-10-22T19:10:15+00:00\",\"dateModified\":\"2026-03-11T08:44:37+00:00\",\"description\":\"Taiteilija Silja Alitalon abstraktia taidetta. El\u00e4v\u00e4ist\u00e4 struktuuripintaa sek\u00e4 kauniita metallinhohtoisia yksityiskohtia. Ota yhteytt\u00e4!\",\"breadcrumb\":{\"@id\":\"https:\\\/\\\/siljart.fi\\\/taiteilija\\\/#breadcrumb\"},\"inLanguage\":\"en-GB\",\"potentialAction\":[{\"@type\":\"ReadAction\",\"target\":[\"https:\\\/\\\/siljart.fi\\\/taiteilija\\\/\"]}]},{\"@type\":\"BreadcrumbList\",\"@id\":\"https:\\\/\\\/siljart.fi\\\/taiteilija\\\/#breadcrumb\",\"itemListElement\":[{\"@type\":\"ListItem\",\"position\":1,\"name\":\"Etusivu\",\"item\":\"https:\\\/\\\/siljart.fi\\\/\"},{\"@type\":\"ListItem\",\"position\":2,\"name\":\"Taiteilija\"}]},{\"@type\":\"WebSite\",\"@id\":\"https:\\\/\\\/siljart.fi\\\/#website\",\"url\":\"https:\\\/\\\/siljart.fi\\\/\",\"name\":\"Siljart\",\"description\":\"Abstraktia taidetta akustiikkalevylle sek&auml; kankaalle\",\"publisher\":{\"@id\":\"https:\\\/\\\/siljart.fi\\\/#organization\"},\"potentialAction\":[{\"@type\":\"SearchAction\",\"target\":{\"@type\":\"EntryPoint\",\"urlTemplate\":\"https:\\\/\\\/siljart.fi\\\/?s={search_term_string}\"},\"query-input\":{\"@type\":\"PropertyValueSpecification\",\"valueRequired\":true,\"valueName\":\"search_term_string\"}}],\"inLanguage\":\"en-GB\"},{\"@type\":\"Organization\",\"@id\":\"https:\\\/\\\/siljart.fi\\\/#organization\",\"name\":\"Siljart\",\"url\":\"https:\\\/\\\/siljart.fi\\\/\",\"logo\":{\"@type\":\"ImageObject\",\"inLanguage\":\"en-GB\",\"@id\":\"https:\\\/\\\/siljart.fi\\\/#\\\/schema\\\/logo\\\/image\\\/\",\"url\":\"https:\\\/\\\/siljart.fi\\\/wp-content\\\/uploads\\\/2020\\\/11\\\/siljart-logo.png\",\"contentUrl\":\"https:\\\/\\\/siljart.fi\\\/wp-content\\\/uploads\\\/2020\\\/11\\\/siljart-logo.png\",\"width\":300,\"height\":194,\"caption\":\"Siljart\"},\"image\":{\"@id\":\"https:\\\/\\\/siljart.fi\\\/#\\\/schema\\\/logo\\\/image\\\/\"},\"sameAs\":[\"https:\\\/\\\/www.facebook.com\\\/Siljalitalo\\\/\",\"https:\\\/\\\/www.instagram.com\\\/artby.siljart\\\/?hl=fi\",\"https:\\\/\\\/fi.pinterest.com\\\/siljaalitalo\\\/_created\\\/\"]}]}<\/script>\n<!-- \/ Yoast SEO plugin. -->","yoast_head_json":{"title":"Taiteilija Silja Alitalo &#8211; Tunne &#8211; Yksityiskohdat &#8211; Uniikki","description":"Taiteilija Silja Alitalon abstraktia taidetta. El\u00e4v\u00e4ist\u00e4 struktuuripintaa sek\u00e4 kauniita metallinhohtoisia yksityiskohtia. Ota yhteytt\u00e4!","robots":{"index":"index","follow":"follow","max-snippet":"max-snippet:-1","max-image-preview":"max-image-preview:large","max-video-preview":"max-video-preview:-1"},"canonical":"https:\/\/siljart.fi\/en\/taiteilija\/","og_locale":"en_GB","og_type":"article","og_title":"Taiteilija Silja Alitalo &#8211; Tunne &#8211; Yksityiskohdat &#8211; Uniikki","og_description":"Taiteilija Silja Alitalon abstraktia taidetta. El\u00e4v\u00e4ist\u00e4 struktuuripintaa sek\u00e4 kauniita metallinhohtoisia yksityiskohtia. Ota yhteytt\u00e4!","og_url":"https:\/\/siljart.fi\/en\/taiteilija\/","og_site_name":"Siljart","article_publisher":"https:\/\/www.facebook.com\/Siljalitalo\/","article_modified_time":"2026-03-11T08:44:37+00:00","twitter_card":"summary_large_image","twitter_misc":{"Estimated reading time":"2 minutes"},"schema":{"@context":"https:\/\/schema.org","@graph":[{"@type":"WebPage","@id":"https:\/\/siljart.fi\/taiteilija\/","url":"https:\/\/siljart.fi\/taiteilija\/","name":"Taiteilija Silja Alitalo &#8211; Tunne &#8211; Yksityiskohdat &#8211; Uniikki","isPartOf":{"@id":"https:\/\/siljart.fi\/#website"},"datePublished":"2020-10-22T19:10:15+00:00","dateModified":"2026-03-11T08:44:37+00:00","description":"Taiteilija Silja Alitalon abstraktia taidetta. El\u00e4v\u00e4ist\u00e4 struktuuripintaa sek\u00e4 kauniita metallinhohtoisia yksityiskohtia. Ota yhteytt\u00e4!","breadcrumb":{"@id":"https:\/\/siljart.fi\/taiteilija\/#breadcrumb"},"inLanguage":"en-GB","potentialAction":[{"@type":"ReadAction","target":["https:\/\/siljart.fi\/taiteilija\/"]}]},{"@type":"BreadcrumbList","@id":"https:\/\/siljart.fi\/taiteilija\/#breadcrumb","itemListElement":[{"@type":"ListItem","position":1,"name":"Etusivu","item":"https:\/\/siljart.fi\/"},{"@type":"ListItem","position":2,"name":"Taiteilija"}]},{"@type":"WebSite","@id":"https:\/\/siljart.fi\/#website","url":"https:\/\/siljart.fi\/","name":"Siljart","description":"Abstraktia taidetta akustiikkalevylle sek&auml; kankaalle","publisher":{"@id":"https:\/\/siljart.fi\/#organization"},"potentialAction":[{"@type":"SearchAction","target":{"@type":"EntryPoint","urlTemplate":"https:\/\/siljart.fi\/?s={search_term_string}"},"query-input":{"@type":"PropertyValueSpecification","valueRequired":true,"valueName":"search_term_string"}}],"inLanguage":"en-GB"},{"@type":"Organization","@id":"https:\/\/siljart.fi\/#organization","name":"Siljart","url":"https:\/\/siljart.fi\/","logo":{"@type":"ImageObject","inLanguage":"en-GB","@id":"https:\/\/siljart.fi\/#\/schema\/logo\/image\/","url":"https:\/\/siljart.fi\/wp-content\/uploads\/2020\/11\/siljart-logo.png","contentUrl":"https:\/\/siljart.fi\/wp-content\/uploads\/2020\/11\/siljart-logo.png","width":300,"height":194,"caption":"Siljart"},"image":{"@id":"https:\/\/siljart.fi\/#\/schema\/logo\/image\/"},"sameAs":["https:\/\/www.facebook.com\/Siljalitalo\/","https:\/\/www.instagram.com\/artby.siljart\/?hl=fi","https:\/\/fi.pinterest.com\/siljaalitalo\/_created\/"]}]}},"jetpack_sharing_enabled":true,"_links":{"self":[{"href":"https:\/\/siljart.fi\/en\/wp-json\/wp\/v2\/pages\/850","targetHints":{"allow":["GET"]}}],"collection":[{"href":"https:\/\/siljart.fi\/en\/wp-json\/wp\/v2\/pages"}],"about":[{"href":"https:\/\/siljart.fi\/en\/wp-json\/wp\/v2\/types\/page"}],"author":[{"embeddable":true,"href":"https:\/\/siljart.fi\/en\/wp-json\/wp\/v2\/users\/1"}],"replies":[{"embeddable":true,"href":"https:\/\/siljart.fi\/en\/wp-json\/wp\/v2\/comments?post=850"}],"version-history":[{"count":24,"href":"https:\/\/siljart.fi\/en\/wp-json\/wp\/v2\/pages\/850\/revisions"}],"predecessor-version":[{"id":10160,"href":"https:\/\/siljart.fi\/en\/wp-json\/wp\/v2\/pages\/850\/revisions\/10160"}],"wp:attachment":[{"href":"https:\/\/siljart.fi\/en\/wp-json\/wp\/v2\/media?parent=850"}],"curies":[{"name":"wp","href":"https:\/\/api.w.org\/{rel}","templated":true}]}}