{"id":654,"date":"2020-10-08T16:15:07","date_gmt":"2020-10-08T13:15:07","guid":{"rendered":"http:\/\/https:\/\/http:\/\/https:\/\/siljart.fi\/?page_id=654"},"modified":"2026-03-11T10:43:56","modified_gmt":"2026-03-11T08:43:56","slug":"hinnasto","status":"publish","type":"page","link":"https:\/\/siljart.fi\/en\/hinnasto\/","title":{"rendered":"Prices"},"content":{"rendered":"<p>[et_pb_section fb_built=&#8221;1&#8243; _builder_version=&#8221;4.27.4&#8243; _module_preset=&#8221;default&#8221; custom_margin_tablet=&#8221;|0px||0px|false|false&#8221; custom_margin_phone=&#8221;|0px||0px|false|false&#8221; custom_margin_last_edited=&#8221;on|tablet&#8221; custom_padding=&#8221;8px|0px|23px|0px|false|false&#8221; hover_enabled=&#8221;0&#8243; locked=&#8221;off&#8221; global_colors_info=&#8221;{}&#8221; background_enable_color=&#8221;off&#8221; sticky_enabled=&#8221;0&#8243;][et_pb_row _builder_version=&#8221;4.20.2&#8243; _module_preset=&#8221;default&#8221; custom_margin=&#8221;|auto|-26px|auto||&#8221; custom_margin_tablet=&#8221;&#8221; custom_margin_phone=&#8221;|||auto|false|false&#8221; custom_margin_last_edited=&#8221;on|phone&#8221; custom_padding=&#8221;|0px||0px|false|false&#8221; global_colors_info=&#8221;{}&#8221;][et_pb_column type=&#8221;4_4&#8243; _builder_version=&#8221;4.16&#8243; _module_preset=&#8221;default&#8221; global_colors_info=&#8221;{}&#8221;][et_pb_text _builder_version=&#8221;4.23.4&#8243; _module_preset=&#8221;default&#8221; header_font=&#8221;||||||||&#8221; text_orientation=&#8221;center&#8221; width_tablet=&#8221;100%&#8221; width_phone=&#8221;100%&#8221; width_last_edited=&#8221;on|tablet&#8221; custom_margin_tablet=&#8221;|0px||0px|false|false&#8221; custom_margin_phone=&#8221;|0px|0px|0px|false|false&#8221; custom_margin_last_edited=&#8221;on|phone&#8221; custom_padding=&#8221;|0px||0px|false|false&#8221; header_font_size_tablet=&#8221;28px&#8221; header_font_size_phone=&#8221;20px&#8221; header_font_size_last_edited=&#8221;on|phone&#8221; global_colors_info=&#8221;{}&#8221;]<\/p>\n<h1>Hinnasto<\/h1>\n<p>[\/et_pb_text][\/et_pb_column][\/et_pb_row][\/et_pb_section][et_pb_section fb_built=&#8221;1&#8243; custom_padding_last_edited=&#8221;on|phone&#8221; _builder_version=&#8221;4.27.4&#8243; _module_preset=&#8221;default&#8221; background_enable_color=&#8221;off&#8221; custom_margin=&#8221;0px||0px||false|false&#8221; custom_margin_tablet=&#8221;0px||||false|false&#8221; custom_margin_phone=&#8221;0px||||false|false&#8221; custom_margin_last_edited=&#8221;on|phone&#8221; custom_padding=&#8221;41px||0px||false|false&#8221; custom_padding_tablet=&#8221;0px||0px||false|false&#8221; custom_padding_phone=&#8221;0px||0px||false|false&#8221; global_colors_info=&#8221;{}&#8221;][et_pb_row column_structure=&#8221;1_2,1_2&#8243; custom_padding_last_edited=&#8221;on|phone&#8221; _builder_version=&#8221;4.23.4&#8243; _module_preset=&#8221;default&#8221; custom_margin=&#8221;0px||||false|false&#8221; custom_margin_tablet=&#8221;0px||||false|false&#8221; custom_margin_phone=&#8221;0px||||false|false&#8221; custom_margin_last_edited=&#8221;on|tablet&#8221; custom_padding=&#8221;0px|0px|0px|0px|false|false&#8221; custom_padding_tablet=&#8221;0px|0px|0px|0px|false|false&#8221; custom_padding_phone=&#8221;20px|0px|0px|0px|false|false&#8221; global_colors_info=&#8221;{}&#8221;][et_pb_column type=&#8221;1_2&#8243; _builder_version=&#8221;4.20.2&#8243; _module_preset=&#8221;default&#8221; global_colors_info=&#8221;{}&#8221;][et_pb_text _builder_version=&#8221;4.23.4&#8243; _module_preset=&#8221;default&#8221; text_font=&#8221;||||||||&#8221; text_font_size=&#8221;22px&#8221; text_line_height=&#8221;1.6em&#8221; text_orientation=&#8221;center&#8221; custom_margin=&#8221;15px||||false|false&#8221; custom_padding=&#8221;||25px||false|false&#8221; text_font_size_tablet=&#8221;19px&#8221; text_font_size_phone=&#8221;19px&#8221; text_font_size_last_edited=&#8221;on|desktop&#8221; global_colors_info=&#8221;{}&#8221;]<\/p>\n<p>50 x 70 cm= 550\u20ac<\/p>\n<p>60 x 60 cm = 550\u20ac<\/p>\n<p>60 x 80 cm = 650\u20ac<\/p>\n<p>60 x 120 cm = 850\u20ac<\/p>\n<p>80 x 100 cm = 950\u20ac<\/p>\n<p>100 x 100 cm\u00a0 =1150\u20ac<\/p>\n<p>120 x 120 cm = 1550\u20ac<\/p>\n<p>100 x 150 cm\u00a0 = 1650\u20ac<\/p>\n<p>100 x 200cm = 2000\u20ac<\/p>\n<p>120 x 240 cm = 2800\u20ac<\/p>\n<p>[\/et_pb_text][\/et_pb_column][et_pb_column type=&#8221;1_2&#8243; _builder_version=&#8221;4.20.2&#8243; _module_preset=&#8221;default&#8221; global_colors_info=&#8221;{}&#8221;][et_pb_text _builder_version=&#8221;4.23.4&#8243; _module_preset=&#8221;default&#8221; text_font=&#8221;||||||||&#8221; text_font_size=&#8221;22px&#8221; text_line_height=&#8221;1.6em&#8221; text_orientation=&#8221;center&#8221; custom_padding=&#8221;15px||25px||false|false&#8221; text_font_size_tablet=&#8221;19px&#8221; text_font_size_phone=&#8221;19px&#8221; text_font_size_last_edited=&#8221;on|desktop&#8221; global_colors_info=&#8221;{}&#8221;]<\/p>\n<p>PY\u00d6RE\u00c4T<\/p>\n<p>Esimerkkikokoja\u00a0\u00d8<\/p>\n<p>60cm = 550\u20ac<\/p>\n<p>70cm = 650\u20ac<\/p>\n<p>80cm = 800\u20ac<\/p>\n<p>90cm =1000\u20ac<\/p>\n<p>100cm = 1150\u20ac<\/p>\n<p>120cm = 1350\u20ac<\/p>\n<p>&nbsp;<\/p>\n<p>[\/et_pb_text][\/et_pb_column][\/et_pb_row][\/et_pb_section][et_pb_section fb_built=&#8221;1&#8243; _builder_version=&#8221;4.27.4&#8243; _module_preset=&#8221;default&#8221; background_enable_color=&#8221;off&#8221; width=&#8221;100%&#8221; custom_margin=&#8221;0px|0px|0px|0px|false|false&#8221; custom_padding=&#8221;0px|0px|0px|0px|false|false&#8221; global_colors_info=&#8221;{}&#8221;][et_pb_row _builder_version=&#8221;4.16&#8243; _module_preset=&#8221;default&#8221; global_colors_info=&#8221;{}&#8221;][et_pb_column type=&#8221;4_4&#8243; _builder_version=&#8221;4.16&#8243; _module_preset=&#8221;default&#8221; global_colors_info=&#8221;{}&#8221;][et_pb_text _builder_version=&#8221;4.27.4&#8243; _module_preset=&#8221;default&#8221; text_font=&#8221;Playfair Display||||||||&#8221; text_font_size=&#8221;15px&#8221; header_font=&#8221;Playfair Display SC|700|||||||&#8221; header_2_font=&#8221;Playfair Display|700|||||||&#8221; header_2_font_size=&#8221;17px&#8221; custom_margin=&#8221;||0px||false|false&#8221; custom_padding=&#8221;15px||||false|false&#8221; text_font_size_tablet=&#8221;18px&#8221; text_font_size_phone=&#8221;16px&#8221; text_font_size_last_edited=&#8221;on|phone&#8221; header_font_size_tablet=&#8221;24px&#8221; header_font_size_phone=&#8221;22px&#8221; header_font_size_last_edited=&#8221;on|phone&#8221; header_2_font_size_tablet=&#8221;14px&#8221; header_2_font_size_phone=&#8221;14px&#8221; header_2_font_size_last_edited=&#8221;on|phone&#8221; text_orientation_tablet=&#8221;&#8221; text_orientation_phone=&#8221;&#8221; text_orientation_last_edited=&#8221;on|phone&#8221; global_colors_info=&#8221;{}&#8221;]<\/p>\n<h2>Mist\u00e4 Hinta koostuu?<\/h2>\n<p>Hinta koostuu teoksen koosta, materiaalikustannuksista sek\u00e4 k\u00e4ytett\u00e4v\u00e4st\u00e4 aika-arviosta. Teoksen voi tilata joko akustiikkalevylle tai canvakselle.<\/p>\n<h2>Teoksen toimitusaika?<\/h2>\n<p>T\u00e4ll\u00e4 hetkell\u00e4 tilausteosten arvioitu valmistumisaika on n. 3-6 viikkoa tilauksen hyv\u00e4ksymisest\u00e4.<\/p>\n<h2>Teos omilla mitoilla?<\/h2>\n<p>Teoksia on mahdollista tilata my\u00f6s omilla mitoilla. Pienist\u00e4 teoksista aina todella suuriin teoksiin. Yksitt\u00e4isen akustiikkateoksen suurin mahdollinen koko on 120cm x 240cm, Toki n\u00e4it\u00e4kin voidaan ripustaa vierekk\u00e4in jolloin saadaan eritt\u00e4in n\u00e4ytt\u00e4v\u00e4 ja iso teos. Canvasteoksen suurimmat koot liikkuvat n. 200cm x 300cm koossa.<\/p>\n<p>Akustiikkalevyn hyv\u00e4n\u00e4 puolena on sen erinomainen muotoilumahdollisuus, eli levy\u00e4 saa l\u00e4hes mink\u00e4 muotoisena tahansa. Oli sitten kyseess\u00e4 suorakulmainen, py\u00f6re\u00e4, ovaali tai vaikka Hexagonin muotoinen.<\/p>\n<h2>Mink\u00e4 tyylinen teos?<\/h2>\n<p>Voit vaikuttaa t\u00e4ysin, mink\u00e4 tyylist\u00e4 teosta olet hakemassa v\u00e4rimaailmaltaan, muodoltaan, struktuuriltaan tai esitt\u00e4vyydelt\u00e4\u00e4n. Voit my\u00f6s antaa minulle t\u00e4ysin vapaat k\u00e4det suunnitella teos tilaasi, johon kaipaat kaunista katseenvangitsijaa. Teoksen suunnitellusta paikasta ja sit\u00e4 ymp\u00e4r\u00f6iv\u00e4st\u00e4 tilasta olisi hyv\u00e4 l\u00e4hett\u00e4\u00e4 aina minulle kuva jo heti suunnitteluvaiheessa. T\u00e4m\u00e4 ei kuitenkaan ole v\u00e4ltt\u00e4m\u00e4t\u00f6nt\u00e4.<\/p>\n<p>L\u00e4het\u00e4n teoksen valmistusvaiheista sinulle kuvia haluamaasi yhteydenpitotapaa k\u00e4ytt\u00e4en. Voit vaikuttaa viel\u00e4 t\u00e4ss\u00e4 vaiheessa teokseen k\u00e4ytett\u00e4viin v\u00e4reihin ja tyyliin, jos teos ei viel\u00e4 t\u00e4ysin ole toivomasi kaltainen.<\/p>\n<h2>Py\u00f6re\u00e4 teos?<\/h2>\n<p>Py\u00f6reiss\u00e4 teoksissa suurin koko t\u00e4ll\u00e4 hetkell\u00e4 on halkaisijaltaan 130cm. Py\u00f6re\u00e4 sopii erinomaisesti vaikka ruokailutilan p\u00f6yd\u00e4n p\u00e4\u00e4tyyn, katseenvangitsijaksi olohuoneeseen tai makuuhuoneeseen. Yritykselle erinomaisesti odotus- tai neuvottelutilaan.<\/p>\n<h2>Vinkki!<\/h2>\n<p>Teoksen kokoa voit havainnollistaa hyvin teippaamalla esimerkiksi maalarinteipill\u00e4 sein\u00e4\u00e4n \u00e4\u00e4rirajat ja suunnitella mink\u00e4 kokoinen teos tilaan sopisi. Esimerkiksi sohvan tai s\u00e4ngyn yl\u00e4puolelle tulevan teoksen olisi hyv\u00e4 olla v\u00e4hint\u00e4\u00e4n 2\/3 osaa kalusteen leveydest\u00e4. Eli esimerkiksi 3m leve\u00e4n sohvan p\u00e4\u00e4lle ripustettu teos olisi hyv\u00e4 olla v\u00e4hint\u00e4\u00e4n 2m leve\u00e4,\u00a0 tai 180cm leve\u00e4n s\u00e4ngyn yl\u00e4puolelle v\u00e4hint\u00e4\u00e4n 120cm leve\u00e4 teos, jotta se tulisi esille parhaalla mahdollisella tavalla<\/p>\n<h2>Mit\u00e4 materiaaleja k\u00e4yt\u00e4n tilausteoksissa?<\/h2>\n<p>Akustiikkateoksissa k\u00e4yt\u00e4n p\u00e4\u00e4asiassa Satakuntalaisen yrityksen Konto Oy:n pintaturpeesta valmistamia pohjia. Pohjilla on erinomainen kaiun vaimennuskyky. Lis\u00e4\u00e4 tietoja l\u00f6yd\u00e4t <a href=\"https:\/\/www.konto.fi\/fi\/\" target=\"_blank\" rel=\"noopener\" title=\"Konto Oy\"><em>t\u00e4\u00e4lt\u00e4<\/em><\/a>.<\/p>\n<p>Peruskokoisissa canvasteoksissa, joita l\u00f6ytyy valmispohjina, k\u00e4yt\u00e4n korkealaatuisia Euroopassa valmistettuja valmispohjia. Pohjia joita ei l\u00f6ydy valmiskoossa, k\u00e4yt\u00e4n Suomalaisen puusep\u00e4nliikkeen kotimaisia eritt\u00e4in laadukkaita ja korkealaatuisia kiilakehyksi\u00e4 ja pingotan kankaat itse kehykselle. Kankaana n\u00e4iss\u00e4 toimii yleens\u00e4 pohjustettu 100% puuvilla. Voit my\u00f6s pyyt\u00e4\u00e4 mihin tahansa teokseen puusep\u00e4nliikkeen valmistamia pohjia, jotka ovat eritt\u00e4in korkealaatuisia. T\u00e4m\u00e4 vaikuttaa my\u00f6s hieman teoksen toimitusaikaan sek\u00e4 hintaan, mutta ei merkitt\u00e4v\u00e4sti.<\/p>\n<h2>Suomen sis\u00e4ll\u00e4 toimituskustannukset sis\u00e4ltyy hintaan<\/h2>\n<p>Hintoihin sis\u00e4ltyy toimitus Suomessa. Asiakkaalle ei tule maksettavakseen siis erillisi\u00e4 toimituskuluja, jotka joskus saattavat yll\u00e4tt\u00e4\u00e4 suuruudellaan, vaan toimituskulut sis\u00e4ltyv\u00e4t teoksen hintaan.<\/p>\n<h2>Teoksen maksaminen?<\/h2>\n<p>Tilausteoksissa laskutan teoksesta puolet ennen ty\u00f6n aloittamista. Loppusumma maksetaan teoksen valmistuttua ja kun olet\u00a0 tyytyv\u00e4inen teoksen ulkon\u00e4k\u00f6\u00f6n.\u00a0 Maksettuasi teoksen, teen tilauksen kuljetusyhti\u00f6lle teoksen kuljettamista varten.<\/p>\n<p>Valmiille teoksilleni verkkokaupassani on eritt\u00e4in laajat maksutavat Visma Pay:n sek\u00e4 klarnan kautta.\u00a0<\/p>\n<h2>Valmiita teoksia verkkokaupassa<\/h2>\n<p>Valmiita maalaamiani teoksia l\u00f6ytyy verkkokaupasta, n\u00e4iss\u00e4 hinta on hieman edullisempi tilausteokseen verrattuna, lis\u00e4ksi teos l\u00e4htee toimitukseen 2-5 arkip\u00e4iv\u00e4n kuluttua tilauksesta, joten se saapuu eritt\u00e4in nopeasti sinun kotiasi kaunistamaan.\u00a0 Valmiilla verkkokaupan teoksilla on kuluttajasuojalain 14vrk palautusoikeus. Palautuskustannuksista vastaa ostaja(pakkaus\/l\u00e4hetys) Kysy palautusohjeet aina erikseen <a href=\"mailto:info@siljart.fi\">info@siljart.fi<\/a><\/p>\n<h2>Tapaaminen?<\/h2>\n<p>Olet my\u00f6s aina tervetullut katsomaan valmiita teoksiani paikanp\u00e4\u00e4lle kotiini. Satakunnan ja Porin l\u00e4hikuntien alueella voin my\u00f6s tulla sinun kotiisi suunnittelemaan ja keskustelemaan mahdollisesta teoksen hankinnasta. Tapaamisen sopimiseksi ole yhteydess\u00e4 s\u00e4hk\u00f6postitse <a href=\"mailto:info@siljart.fi\">info@siljart.fi<\/a> tai alla olevan &#8221;ota yhteytt\u00e4&#8221; painikkeen kautta.<\/p>\n<p>Vastaan mielell\u00e4ni, jos sinulle her\u00e4si kysymyksi\u00e4 tilausteoksiin tai valmiisiin teoksiin liittyen!<\/p>\n<p>[\/et_pb_text][et_pb_button _builder_version=&#8221;4.16&#8243; _module_preset=&#8221;default&#8221; custom_padding=&#8221;||0px|||&#8221; global_colors_info=&#8221;{}&#8221;][\/et_pb_button][\/et_pb_column][\/et_pb_row][et_pb_row _builder_version=&#8221;4.16&#8243; _module_preset=&#8221;default&#8221; global_colors_info=&#8221;{}&#8221;][et_pb_column type=&#8221;4_4&#8243; _builder_version=&#8221;4.16&#8243; _module_preset=&#8221;default&#8221; global_colors_info=&#8221;{}&#8221;][et_pb_button button_url=&#8221;https:\/\/siljart.fi\/ota-yhteytta\/&#8221; button_text=&#8221;OTA YHTEYTT\u00c4&#8221; button_alignment=&#8221;center&#8221; button_alignment_tablet=&#8221;&#8221; button_alignment_phone=&#8221;&#8221; button_alignment_last_edited=&#8221;on|desktop&#8221; _builder_version=&#8221;4.23.4&#8243; _module_preset=&#8221;default&#8221; custom_button=&#8221;on&#8221; button_text_size=&#8221;18px&#8221; button_text_color=&#8221;#575756&#8243; button_bg_color=&#8221;#f3f2ef&#8221; button_border_width=&#8221;1px&#8221; button_border_radius=&#8221;0px&#8221; button_letter_spacing=&#8221;2px&#8221; button_font=&#8221;Playfair Display||||||||&#8221; button_icon=&#8221;&#x3d;||divi||400&#8243; button_icon_color=&#8221;#ffffff&#8221; transform_scale=&#8221;90%|90%&#8221; custom_margin=&#8221;0px|0px|0px|0px|false|false&#8221; custom_padding=&#8221;10px|20px|10px|20px|false|false&#8221; button_text_size_tablet=&#8221;16px&#8221; button_text_size_phone=&#8221;13px&#8221; button_text_size_last_edited=&#8221;on|desktop&#8221; box_shadow_style=&#8221;preset1&#8243; box_shadow_vertical=&#8221;0px&#8221; box_shadow_blur=&#8221;7px&#8221; locked=&#8221;off&#8221; global_colors_info=&#8221;{}&#8221;][\/et_pb_button][\/et_pb_column][\/et_pb_row][\/et_pb_section]<\/p>\n<span class=\"et_bloom_bottom_trigger\"><\/span>","protected":false},"excerpt":{"rendered":"<p>Hinnasto50 x 70 cm= 550\u20ac 60 x 60 cm = 550\u20ac 60 x 80 cm = 650\u20ac 60 x 120 cm = 850\u20ac 80 x 100 cm = 950\u20ac 100 x 100 cm\u00a0 =1150\u20ac 120 x 120 cm = 1550\u20ac 100 x 150 cm\u00a0 = 1650\u20ac 100 x 200cm = 2000\u20ac 120 x 240 cm [&hellip;]<\/p>\n","protected":false},"author":1,"featured_media":0,"parent":0,"menu_order":0,"comment_status":"closed","ping_status":"closed","template":"","meta":{"_et_pb_use_builder":"on","_et_pb_old_content":"","_et_gb_content_width":"","footnotes":""},"class_list":["post-654","page","type-page","status-publish","hentry"],"yoast_head":"<!-- This site is optimized with the Yoast SEO plugin v27.4 - https:\/\/yoast.com\/product\/yoast-seo-wordpress\/ -->\n<title>Taideteoksen hinta sovitaan aina erikseen, ennen tilausty\u00f6n aloittamista.<\/title>\n<meta name=\"description\" content=\"Taideteoksen hinta koostuu teoksen koosta, siihen tarvituista materiaaleista sek\u00e4 siihen k\u00e4ytett\u00e4v\u00e4st\u00e4 aika-arviosta. Ota yhteytt\u00e4!\" \/>\n<meta name=\"robots\" content=\"index, follow, max-snippet:-1, max-image-preview:large, max-video-preview:-1\" \/>\n<link rel=\"canonical\" href=\"https:\/\/siljart.fi\/en\/hinnasto\/\" \/>\n<meta property=\"og:locale\" content=\"en_GB\" \/>\n<meta property=\"og:type\" content=\"article\" \/>\n<meta property=\"og:title\" content=\"Taideteoksen hinta sovitaan aina erikseen, ennen tilausty\u00f6n aloittamista.\" \/>\n<meta property=\"og:description\" content=\"Taideteoksen hinta koostuu teoksen koosta, siihen tarvituista materiaaleista sek\u00e4 siihen k\u00e4ytett\u00e4v\u00e4st\u00e4 aika-arviosta. Ota yhteytt\u00e4!\" \/>\n<meta property=\"og:url\" content=\"https:\/\/siljart.fi\/en\/hinnasto\/\" \/>\n<meta property=\"og:site_name\" content=\"Siljart\" \/>\n<meta property=\"article:publisher\" content=\"https:\/\/www.facebook.com\/Siljalitalo\/\" \/>\n<meta property=\"article:modified_time\" content=\"2026-03-11T08:43:56+00:00\" \/>\n<meta name=\"twitter:card\" content=\"summary_large_image\" \/>\n<meta name=\"twitter:label1\" content=\"Estimated reading time\" \/>\n\t<meta name=\"twitter:data1\" content=\"2 minutes\" \/>\n<script type=\"application\/ld+json\" class=\"yoast-schema-graph\">{\"@context\":\"https:\\\/\\\/schema.org\",\"@graph\":[{\"@type\":\"WebPage\",\"@id\":\"https:\\\/\\\/siljart.fi\\\/hinnasto\\\/\",\"url\":\"https:\\\/\\\/siljart.fi\\\/hinnasto\\\/\",\"name\":\"Taideteoksen hinta sovitaan aina erikseen, ennen tilausty\u00f6n aloittamista.\",\"isPartOf\":{\"@id\":\"https:\\\/\\\/siljart.fi\\\/#website\"},\"datePublished\":\"2020-10-08T13:15:07+00:00\",\"dateModified\":\"2026-03-11T08:43:56+00:00\",\"description\":\"Taideteoksen hinta koostuu teoksen koosta, siihen tarvituista materiaaleista sek\u00e4 siihen k\u00e4ytett\u00e4v\u00e4st\u00e4 aika-arviosta. Ota yhteytt\u00e4!\",\"breadcrumb\":{\"@id\":\"https:\\\/\\\/siljart.fi\\\/hinnasto\\\/#breadcrumb\"},\"inLanguage\":\"en-GB\",\"potentialAction\":[{\"@type\":\"ReadAction\",\"target\":[\"https:\\\/\\\/siljart.fi\\\/hinnasto\\\/\"]}]},{\"@type\":\"BreadcrumbList\",\"@id\":\"https:\\\/\\\/siljart.fi\\\/hinnasto\\\/#breadcrumb\",\"itemListElement\":[{\"@type\":\"ListItem\",\"position\":1,\"name\":\"Etusivu\",\"item\":\"https:\\\/\\\/siljart.fi\\\/\"},{\"@type\":\"ListItem\",\"position\":2,\"name\":\"Hinnasto\"}]},{\"@type\":\"WebSite\",\"@id\":\"https:\\\/\\\/siljart.fi\\\/#website\",\"url\":\"https:\\\/\\\/siljart.fi\\\/\",\"name\":\"Siljart\",\"description\":\"Abstraktia taidetta akustiikkalevylle sek&auml; kankaalle\",\"publisher\":{\"@id\":\"https:\\\/\\\/siljart.fi\\\/#organization\"},\"potentialAction\":[{\"@type\":\"SearchAction\",\"target\":{\"@type\":\"EntryPoint\",\"urlTemplate\":\"https:\\\/\\\/siljart.fi\\\/?s={search_term_string}\"},\"query-input\":{\"@type\":\"PropertyValueSpecification\",\"valueRequired\":true,\"valueName\":\"search_term_string\"}}],\"inLanguage\":\"en-GB\"},{\"@type\":\"Organization\",\"@id\":\"https:\\\/\\\/siljart.fi\\\/#organization\",\"name\":\"Siljart\",\"url\":\"https:\\\/\\\/siljart.fi\\\/\",\"logo\":{\"@type\":\"ImageObject\",\"inLanguage\":\"en-GB\",\"@id\":\"https:\\\/\\\/siljart.fi\\\/#\\\/schema\\\/logo\\\/image\\\/\",\"url\":\"https:\\\/\\\/siljart.fi\\\/wp-content\\\/uploads\\\/2020\\\/11\\\/siljart-logo.png\",\"contentUrl\":\"https:\\\/\\\/siljart.fi\\\/wp-content\\\/uploads\\\/2020\\\/11\\\/siljart-logo.png\",\"width\":300,\"height\":194,\"caption\":\"Siljart\"},\"image\":{\"@id\":\"https:\\\/\\\/siljart.fi\\\/#\\\/schema\\\/logo\\\/image\\\/\"},\"sameAs\":[\"https:\\\/\\\/www.facebook.com\\\/Siljalitalo\\\/\",\"https:\\\/\\\/www.instagram.com\\\/artby.siljart\\\/?hl=fi\",\"https:\\\/\\\/fi.pinterest.com\\\/siljaalitalo\\\/_created\\\/\"]}]}<\/script>\n<!-- \/ Yoast SEO plugin. -->","yoast_head_json":{"title":"Taideteoksen hinta sovitaan aina erikseen, ennen tilausty\u00f6n aloittamista.","description":"Taideteoksen hinta koostuu teoksen koosta, siihen tarvituista materiaaleista sek\u00e4 siihen k\u00e4ytett\u00e4v\u00e4st\u00e4 aika-arviosta. Ota yhteytt\u00e4!","robots":{"index":"index","follow":"follow","max-snippet":"max-snippet:-1","max-image-preview":"max-image-preview:large","max-video-preview":"max-video-preview:-1"},"canonical":"https:\/\/siljart.fi\/en\/hinnasto\/","og_locale":"en_GB","og_type":"article","og_title":"Taideteoksen hinta sovitaan aina erikseen, ennen tilausty\u00f6n aloittamista.","og_description":"Taideteoksen hinta koostuu teoksen koosta, siihen tarvituista materiaaleista sek\u00e4 siihen k\u00e4ytett\u00e4v\u00e4st\u00e4 aika-arviosta. Ota yhteytt\u00e4!","og_url":"https:\/\/siljart.fi\/en\/hinnasto\/","og_site_name":"Siljart","article_publisher":"https:\/\/www.facebook.com\/Siljalitalo\/","article_modified_time":"2026-03-11T08:43:56+00:00","twitter_card":"summary_large_image","twitter_misc":{"Estimated reading time":"2 minutes"},"schema":{"@context":"https:\/\/schema.org","@graph":[{"@type":"WebPage","@id":"https:\/\/siljart.fi\/hinnasto\/","url":"https:\/\/siljart.fi\/hinnasto\/","name":"Taideteoksen hinta sovitaan aina erikseen, ennen tilausty\u00f6n aloittamista.","isPartOf":{"@id":"https:\/\/siljart.fi\/#website"},"datePublished":"2020-10-08T13:15:07+00:00","dateModified":"2026-03-11T08:43:56+00:00","description":"Taideteoksen hinta koostuu teoksen koosta, siihen tarvituista materiaaleista sek\u00e4 siihen k\u00e4ytett\u00e4v\u00e4st\u00e4 aika-arviosta. Ota yhteytt\u00e4!","breadcrumb":{"@id":"https:\/\/siljart.fi\/hinnasto\/#breadcrumb"},"inLanguage":"en-GB","potentialAction":[{"@type":"ReadAction","target":["https:\/\/siljart.fi\/hinnasto\/"]}]},{"@type":"BreadcrumbList","@id":"https:\/\/siljart.fi\/hinnasto\/#breadcrumb","itemListElement":[{"@type":"ListItem","position":1,"name":"Etusivu","item":"https:\/\/siljart.fi\/"},{"@type":"ListItem","position":2,"name":"Hinnasto"}]},{"@type":"WebSite","@id":"https:\/\/siljart.fi\/#website","url":"https:\/\/siljart.fi\/","name":"Siljart","description":"Abstraktia taidetta akustiikkalevylle sek&auml; kankaalle","publisher":{"@id":"https:\/\/siljart.fi\/#organization"},"potentialAction":[{"@type":"SearchAction","target":{"@type":"EntryPoint","urlTemplate":"https:\/\/siljart.fi\/?s={search_term_string}"},"query-input":{"@type":"PropertyValueSpecification","valueRequired":true,"valueName":"search_term_string"}}],"inLanguage":"en-GB"},{"@type":"Organization","@id":"https:\/\/siljart.fi\/#organization","name":"Siljart","url":"https:\/\/siljart.fi\/","logo":{"@type":"ImageObject","inLanguage":"en-GB","@id":"https:\/\/siljart.fi\/#\/schema\/logo\/image\/","url":"https:\/\/siljart.fi\/wp-content\/uploads\/2020\/11\/siljart-logo.png","contentUrl":"https:\/\/siljart.fi\/wp-content\/uploads\/2020\/11\/siljart-logo.png","width":300,"height":194,"caption":"Siljart"},"image":{"@id":"https:\/\/siljart.fi\/#\/schema\/logo\/image\/"},"sameAs":["https:\/\/www.facebook.com\/Siljalitalo\/","https:\/\/www.instagram.com\/artby.siljart\/?hl=fi","https:\/\/fi.pinterest.com\/siljaalitalo\/_created\/"]}]}},"jetpack_sharing_enabled":true,"_links":{"self":[{"href":"https:\/\/siljart.fi\/en\/wp-json\/wp\/v2\/pages\/654","targetHints":{"allow":["GET"]}}],"collection":[{"href":"https:\/\/siljart.fi\/en\/wp-json\/wp\/v2\/pages"}],"about":[{"href":"https:\/\/siljart.fi\/en\/wp-json\/wp\/v2\/types\/page"}],"author":[{"embeddable":true,"href":"https:\/\/siljart.fi\/en\/wp-json\/wp\/v2\/users\/1"}],"replies":[{"embeddable":true,"href":"https:\/\/siljart.fi\/en\/wp-json\/wp\/v2\/comments?post=654"}],"version-history":[{"count":106,"href":"https:\/\/siljart.fi\/en\/wp-json\/wp\/v2\/pages\/654\/revisions"}],"predecessor-version":[{"id":10162,"href":"https:\/\/siljart.fi\/en\/wp-json\/wp\/v2\/pages\/654\/revisions\/10162"}],"wp:attachment":[{"href":"https:\/\/siljart.fi\/en\/wp-json\/wp\/v2\/media?parent=654"}],"curies":[{"name":"wp","href":"https:\/\/api.w.org\/{rel}","templated":true}]}}