{"id":649,"date":"2020-10-08T16:12:11","date_gmt":"2020-10-08T13:12:11","guid":{"rendered":"http:\/\/https:\/\/http:\/\/https:\/\/siljart.fi\/?page_id=649"},"modified":"2026-03-11T10:44:29","modified_gmt":"2026-03-11T08:44:29","slug":"ota-yhteytta","status":"publish","type":"page","link":"https:\/\/siljart.fi\/en\/ota-yhteytta\/","title":{"rendered":"Contact"},"content":{"rendered":"<p>[et_pb_section fb_built=&#8221;1&#8243; _builder_version=&#8221;4.27.4&#8243; _module_preset=&#8221;default&#8221; background_color=&#8221;rgba(10,10,10,0.5)&#8221; background_image=&#8221;https:\/\/siljart.fi\/wp-content\/uploads\/2025\/11\/SiljArt-Ota-yhteytta2.jpg&#8221; background_blend=&#8221;overlay&#8221; background_last_edited=&#8221;on|tablet&#8221; background_image_tablet=&#8221;https:\/\/siljart.fi\/wp-content\/uploads\/2023\/11\/SiljArt-Lahjakortti.jpg&#8221; background_image_phone=&#8221;https:\/\/siljart.fi\/wp-content\/uploads\/2023\/11\/SiljArt-Lahjakortti.jpg&#8221; background_enable_image_tablet=&#8221;on&#8221; background_enable_image_phone=&#8221;on&#8221; global_colors_info=&#8221;{}&#8221;][et_pb_row _builder_version=&#8221;4.16&#8243; _module_preset=&#8221;default&#8221; global_colors_info=&#8221;{}&#8221;][et_pb_column type=&#8221;4_4&#8243; _builder_version=&#8221;4.16&#8243; _module_preset=&#8221;default&#8221; global_colors_info=&#8221;{}&#8221;][et_pb_text _builder_version=&#8221;4.27.4&#8243; _module_preset=&#8221;default&#8221; text_font=&#8221;|300|||||||&#8221; text_font_size=&#8221;16px&#8221; text_letter_spacing=&#8221;1px&#8221; background_layout=&#8221;dark&#8221; text_font_size_tablet=&#8221;14px&#8221; text_font_size_phone=&#8221;13px&#8221; text_font_size_last_edited=&#8221;on|phone&#8221; text_line_height_tablet=&#8221;1.4em&#8221; text_line_height_phone=&#8221;1.4em&#8221; text_line_height_last_edited=&#8221;on|phone&#8221; global_colors_info=&#8221;{}&#8221; header_font_size=&#8221;27px&#8221; header_font_size_tablet=&#8221;23px&#8221; header_font_size_phone=&#8221;23px&#8221; header_font_size_last_edited=&#8221;on|tablet&#8221; header_letter_spacing=&#8221;4px&#8221; text_line_height=&#8221;1.4em&#8221; hover_enabled=&#8221;0&#8243; sticky_enabled=&#8221;0&#8243; background_color=&#8221;rgba(10,10,10,0.53)&#8221; custom_margin=&#8221;||||false|false&#8221; custom_padding=&#8221;20px|20px|20px|20px|false|false&#8221;]<\/p>\n<p>Ihanaa, ett\u00e4 olet t\u00e4\u00e4ll\u00e4.<span>\u2764<\/span><\/p>\n<p>&nbsp;<\/p>\n<p>Jos mieless\u00e4si on tilausteos, haluat kysy\u00e4 taiteestani tai jutella ideasta, ota yhteytt\u00e4.<\/p>\n<p>Katsotaan yhdess\u00e4, millainen teos voisi synty\u00e4 juuri sinun tarinastasi ja toiveistasi.<\/p>\n<p>Saat rauhassa kertoa, millaista tunnelmaa, v\u00e4ri\u00e4 tai tunnetta etsit &#8211; ja min\u00e4 autan tekem\u00e4\u00e4n siit\u00e4 n\u00e4kyv\u00e4\u00e4.<\/p>\n<p>&nbsp;<\/p>\n<p>L\u00e4mm\u00f6ll\u00e4,<\/p>\n<p>taiteilijasi Silja<\/p>\n<p>&nbsp;<\/p>\n<p>[\/et_pb_text][et_pb_contact_form captcha=&#8221;off&#8221; email=&#8221;info@siljart.fi&#8221; title=&#8221;Ota yhteytt\u00e4&#8221; success_message=&#8221;Kiitos viestist\u00e4si! Olen sinuun yhteydess\u00e4 mahdollisimman pian&#8221; _builder_version=&#8221;4.27.4&#8243; _module_preset=&#8221;default&#8221; _unique_id=&#8221;253090d6-ca9e-4d61-9b0b-455f85de2479&#8243; form_field_background_color=&#8221;#ffffff&#8221; form_field_text_color=&#8221;#000000&#8243; title_font=&#8221;Playfair Display||||||||&#8221; title_text_color=&#8221;#ffffff&#8221; title_font_size=&#8221;25px&#8221; form_field_font=&#8221;Playfair Display||||||||&#8221; custom_button=&#8221;on&#8221; button_text_size=&#8221;15px&#8221; button_text_color=&#8221;#000000&#8243; button_bg_color=&#8221;#c2c0b1&#8243; button_border_width=&#8221;1px&#8221; button_border_radius=&#8221;2px&#8221; button_font=&#8221;Playfair Display||||||||&#8221; button_icon=&#8221;&#x3d;||divi||400&#8243; title_font_size_tablet=&#8221;18px&#8221; title_font_size_phone=&#8221;&#8221; title_font_size_last_edited=&#8221;on|desktop&#8221; button_text_size_tablet=&#8221;15px&#8221; button_text_size_phone=&#8221;15px&#8221; button_text_size_last_edited=&#8221;on|phone&#8221; button_border_width_tablet=&#8221;1px&#8221; button_border_width_phone=&#8221;1px&#8221; button_border_width_last_edited=&#8221;on|desktop&#8221; global_colors_info=&#8221;{}&#8221;][et_pb_contact_field field_id=&#8221;Name&#8221; field_title=&#8221;Nimesi&#8221; _builder_version=&#8221;4.16&#8243; global_colors_info=&#8221;{}&#8221; button_text_size__hover_enabled=&#8221;off&#8221; button_one_text_size__hover_enabled=&#8221;off&#8221; button_two_text_size__hover_enabled=&#8221;off&#8221; button_text_color__hover_enabled=&#8221;off&#8221; button_one_text_color__hover_enabled=&#8221;off&#8221; button_two_text_color__hover_enabled=&#8221;off&#8221; button_border_width__hover_enabled=&#8221;off&#8221; button_one_border_width__hover_enabled=&#8221;off&#8221; button_two_border_width__hover_enabled=&#8221;off&#8221; button_border_color__hover_enabled=&#8221;off&#8221; button_one_border_color__hover_enabled=&#8221;off&#8221; button_two_border_color__hover_enabled=&#8221;off&#8221; button_border_radius__hover_enabled=&#8221;off&#8221; button_one_border_radius__hover_enabled=&#8221;off&#8221; button_two_border_radius__hover_enabled=&#8221;off&#8221; button_letter_spacing__hover_enabled=&#8221;off&#8221; button_one_letter_spacing__hover_enabled=&#8221;off&#8221; button_two_letter_spacing__hover_enabled=&#8221;off&#8221; button_bg_color__hover_enabled=&#8221;off&#8221; button_one_bg_color__hover_enabled=&#8221;off&#8221; button_two_bg_color__hover_enabled=&#8221;off&#8221;][\/et_pb_contact_field][et_pb_contact_field field_id=&#8221;Email&#8221; field_title=&#8221;S\u00e4hk\u00f6postiosoitteesi&#8221; field_type=&#8221;email&#8221; _builder_version=&#8221;4.16&#8243; global_colors_info=&#8221;{}&#8221; button_text_size__hover_enabled=&#8221;off&#8221; button_one_text_size__hover_enabled=&#8221;off&#8221; button_two_text_size__hover_enabled=&#8221;off&#8221; button_text_color__hover_enabled=&#8221;off&#8221; button_one_text_color__hover_enabled=&#8221;off&#8221; button_two_text_color__hover_enabled=&#8221;off&#8221; button_border_width__hover_enabled=&#8221;off&#8221; button_one_border_width__hover_enabled=&#8221;off&#8221; button_two_border_width__hover_enabled=&#8221;off&#8221; button_border_color__hover_enabled=&#8221;off&#8221; button_one_border_color__hover_enabled=&#8221;off&#8221; button_two_border_color__hover_enabled=&#8221;off&#8221; button_border_radius__hover_enabled=&#8221;off&#8221; button_one_border_radius__hover_enabled=&#8221;off&#8221; button_two_border_radius__hover_enabled=&#8221;off&#8221; button_letter_spacing__hover_enabled=&#8221;off&#8221; button_one_letter_spacing__hover_enabled=&#8221;off&#8221; button_two_letter_spacing__hover_enabled=&#8221;off&#8221; button_bg_color__hover_enabled=&#8221;off&#8221; button_one_bg_color__hover_enabled=&#8221;off&#8221; button_two_bg_color__hover_enabled=&#8221;off&#8221;][\/et_pb_contact_field][et_pb_contact_field field_id=&#8221;Message&#8221; field_title=&#8221;Viestisi&#8221; field_type=&#8221;text&#8221; fullwidth_field=&#8221;on&#8221; _builder_version=&#8221;4.16&#8243; global_colors_info=&#8221;{}&#8221; button_text_size__hover_enabled=&#8221;off&#8221; button_one_text_size__hover_enabled=&#8221;off&#8221; button_two_text_size__hover_enabled=&#8221;off&#8221; button_text_color__hover_enabled=&#8221;off&#8221; button_one_text_color__hover_enabled=&#8221;off&#8221; button_two_text_color__hover_enabled=&#8221;off&#8221; button_border_width__hover_enabled=&#8221;off&#8221; button_one_border_width__hover_enabled=&#8221;off&#8221; button_two_border_width__hover_enabled=&#8221;off&#8221; button_border_color__hover_enabled=&#8221;off&#8221; button_one_border_color__hover_enabled=&#8221;off&#8221; button_two_border_color__hover_enabled=&#8221;off&#8221; button_border_radius__hover_enabled=&#8221;off&#8221; button_one_border_radius__hover_enabled=&#8221;off&#8221; button_two_border_radius__hover_enabled=&#8221;off&#8221; button_letter_spacing__hover_enabled=&#8221;off&#8221; button_one_letter_spacing__hover_enabled=&#8221;off&#8221; button_two_letter_spacing__hover_enabled=&#8221;off&#8221; button_bg_color__hover_enabled=&#8221;off&#8221; button_one_bg_color__hover_enabled=&#8221;off&#8221; button_two_bg_color__hover_enabled=&#8221;off&#8221;][\/et_pb_contact_field][\/et_pb_contact_form][\/et_pb_column][\/et_pb_row][\/et_pb_section]<\/p>\n<span class=\"et_bloom_bottom_trigger\"><\/span>","protected":false},"excerpt":{"rendered":"<p>Ihanaa, ett\u00e4 olet t\u00e4\u00e4ll\u00e4.\u2764 &nbsp; Jos mieless\u00e4si on tilausteos, haluat kysy\u00e4 taiteestani tai jutella ideasta, ota yhteytt\u00e4. Katsotaan yhdess\u00e4, millainen teos voisi synty\u00e4 juuri sinun tarinastasi ja toiveistasi. Saat rauhassa kertoa, millaista tunnelmaa, v\u00e4ri\u00e4 tai tunnetta etsit &#8211; ja min\u00e4 autan tekem\u00e4\u00e4n siit\u00e4 n\u00e4kyv\u00e4\u00e4. &nbsp; L\u00e4mm\u00f6ll\u00e4, taiteilijasi Silja &nbsp;<\/p>","protected":false},"author":1,"featured_media":0,"parent":0,"menu_order":0,"comment_status":"closed","ping_status":"closed","template":"","meta":{"_et_pb_use_builder":"on","_et_pb_old_content":"","_et_gb_content_width":"","footnotes":""},"class_list":["post-649","page","type-page","status-publish","hentry"],"yoast_head":"<!-- This site is optimized with the Yoast SEO plugin v27.4 - https:\/\/yoast.com\/product\/yoast-seo-wordpress\/ -->\n<title>Tilaustaide sopii erinomaisesti, jos haluat teoksen omilla toiveilla<\/title>\n<meta name=\"description\" content=\"Tilaustaidetta kotiin ja yritykselle. Haluatko tietynlaisia struktuureja, v\u00e4rej\u00e4 tai hohtoa? Laita viesti, niin suunnitellaan unelmiesi teos!\" \/>\n<meta name=\"robots\" content=\"index, follow, max-snippet:-1, max-image-preview:large, max-video-preview:-1\" \/>\n<link rel=\"canonical\" href=\"https:\/\/siljart.fi\/en\/ota-yhteytta\/\" \/>\n<meta property=\"og:locale\" content=\"en_GB\" \/>\n<meta property=\"og:type\" content=\"article\" \/>\n<meta property=\"og:title\" content=\"Tilaustaide sopii erinomaisesti, jos haluat teoksen omilla toiveilla\" \/>\n<meta property=\"og:description\" content=\"Tilaustaidetta kotiin ja yritykselle. Haluatko tietynlaisia struktuureja, v\u00e4rej\u00e4 tai hohtoa? Laita viesti, niin suunnitellaan unelmiesi teos!\" \/>\n<meta property=\"og:url\" content=\"https:\/\/siljart.fi\/en\/ota-yhteytta\/\" \/>\n<meta property=\"og:site_name\" content=\"Siljart\" \/>\n<meta property=\"article:publisher\" content=\"https:\/\/www.facebook.com\/Siljalitalo\/\" \/>\n<meta property=\"article:modified_time\" content=\"2026-03-11T08:44:29+00:00\" \/>\n<meta name=\"twitter:card\" content=\"summary_large_image\" \/>\n<meta name=\"twitter:label1\" content=\"Estimated reading time\" \/>\n\t<meta name=\"twitter:data1\" content=\"2 minutes\" \/>\n<script type=\"application\/ld+json\" class=\"yoast-schema-graph\">{\"@context\":\"https:\\\/\\\/schema.org\",\"@graph\":[{\"@type\":\"WebPage\",\"@id\":\"https:\\\/\\\/siljart.fi\\\/ota-yhteytta\\\/\",\"url\":\"https:\\\/\\\/siljart.fi\\\/ota-yhteytta\\\/\",\"name\":\"Tilaustaide sopii erinomaisesti, jos haluat teoksen omilla toiveilla\",\"isPartOf\":{\"@id\":\"https:\\\/\\\/siljart.fi\\\/#website\"},\"datePublished\":\"2020-10-08T13:12:11+00:00\",\"dateModified\":\"2026-03-11T08:44:29+00:00\",\"description\":\"Tilaustaidetta kotiin ja yritykselle. Haluatko tietynlaisia struktuureja, v\u00e4rej\u00e4 tai hohtoa? Laita viesti, niin suunnitellaan unelmiesi teos!\",\"breadcrumb\":{\"@id\":\"https:\\\/\\\/siljart.fi\\\/ota-yhteytta\\\/#breadcrumb\"},\"inLanguage\":\"en-GB\",\"potentialAction\":[{\"@type\":\"ReadAction\",\"target\":[\"https:\\\/\\\/siljart.fi\\\/ota-yhteytta\\\/\"]}]},{\"@type\":\"BreadcrumbList\",\"@id\":\"https:\\\/\\\/siljart.fi\\\/ota-yhteytta\\\/#breadcrumb\",\"itemListElement\":[{\"@type\":\"ListItem\",\"position\":1,\"name\":\"Etusivu\",\"item\":\"https:\\\/\\\/siljart.fi\\\/\"},{\"@type\":\"ListItem\",\"position\":2,\"name\":\"Ota yhteytt\u00e4\"}]},{\"@type\":\"WebSite\",\"@id\":\"https:\\\/\\\/siljart.fi\\\/#website\",\"url\":\"https:\\\/\\\/siljart.fi\\\/\",\"name\":\"Siljart\",\"description\":\"Abstraktia taidetta akustiikkalevylle sek&auml; kankaalle\",\"publisher\":{\"@id\":\"https:\\\/\\\/siljart.fi\\\/#organization\"},\"potentialAction\":[{\"@type\":\"SearchAction\",\"target\":{\"@type\":\"EntryPoint\",\"urlTemplate\":\"https:\\\/\\\/siljart.fi\\\/?s={search_term_string}\"},\"query-input\":{\"@type\":\"PropertyValueSpecification\",\"valueRequired\":true,\"valueName\":\"search_term_string\"}}],\"inLanguage\":\"en-GB\"},{\"@type\":\"Organization\",\"@id\":\"https:\\\/\\\/siljart.fi\\\/#organization\",\"name\":\"Siljart\",\"url\":\"https:\\\/\\\/siljart.fi\\\/\",\"logo\":{\"@type\":\"ImageObject\",\"inLanguage\":\"en-GB\",\"@id\":\"https:\\\/\\\/siljart.fi\\\/#\\\/schema\\\/logo\\\/image\\\/\",\"url\":\"https:\\\/\\\/siljart.fi\\\/wp-content\\\/uploads\\\/2020\\\/11\\\/siljart-logo.png\",\"contentUrl\":\"https:\\\/\\\/siljart.fi\\\/wp-content\\\/uploads\\\/2020\\\/11\\\/siljart-logo.png\",\"width\":300,\"height\":194,\"caption\":\"Siljart\"},\"image\":{\"@id\":\"https:\\\/\\\/siljart.fi\\\/#\\\/schema\\\/logo\\\/image\\\/\"},\"sameAs\":[\"https:\\\/\\\/www.facebook.com\\\/Siljalitalo\\\/\",\"https:\\\/\\\/www.instagram.com\\\/artby.siljart\\\/?hl=fi\",\"https:\\\/\\\/fi.pinterest.com\\\/siljaalitalo\\\/_created\\\/\"]}]}<\/script>\n<!-- \/ Yoast SEO plugin. -->","yoast_head_json":{"title":"Tilaustaide sopii erinomaisesti, jos haluat teoksen omilla toiveilla","description":"Tilaustaidetta kotiin ja yritykselle. Haluatko tietynlaisia struktuureja, v\u00e4rej\u00e4 tai hohtoa? Laita viesti, niin suunnitellaan unelmiesi teos!","robots":{"index":"index","follow":"follow","max-snippet":"max-snippet:-1","max-image-preview":"max-image-preview:large","max-video-preview":"max-video-preview:-1"},"canonical":"https:\/\/siljart.fi\/en\/ota-yhteytta\/","og_locale":"en_GB","og_type":"article","og_title":"Tilaustaide sopii erinomaisesti, jos haluat teoksen omilla toiveilla","og_description":"Tilaustaidetta kotiin ja yritykselle. Haluatko tietynlaisia struktuureja, v\u00e4rej\u00e4 tai hohtoa? Laita viesti, niin suunnitellaan unelmiesi teos!","og_url":"https:\/\/siljart.fi\/en\/ota-yhteytta\/","og_site_name":"Siljart","article_publisher":"https:\/\/www.facebook.com\/Siljalitalo\/","article_modified_time":"2026-03-11T08:44:29+00:00","twitter_card":"summary_large_image","twitter_misc":{"Estimated reading time":"2 minutes"},"schema":{"@context":"https:\/\/schema.org","@graph":[{"@type":"WebPage","@id":"https:\/\/siljart.fi\/ota-yhteytta\/","url":"https:\/\/siljart.fi\/ota-yhteytta\/","name":"Tilaustaide sopii erinomaisesti, jos haluat teoksen omilla toiveilla","isPartOf":{"@id":"https:\/\/siljart.fi\/#website"},"datePublished":"2020-10-08T13:12:11+00:00","dateModified":"2026-03-11T08:44:29+00:00","description":"Tilaustaidetta kotiin ja yritykselle. Haluatko tietynlaisia struktuureja, v\u00e4rej\u00e4 tai hohtoa? Laita viesti, niin suunnitellaan unelmiesi teos!","breadcrumb":{"@id":"https:\/\/siljart.fi\/ota-yhteytta\/#breadcrumb"},"inLanguage":"en-GB","potentialAction":[{"@type":"ReadAction","target":["https:\/\/siljart.fi\/ota-yhteytta\/"]}]},{"@type":"BreadcrumbList","@id":"https:\/\/siljart.fi\/ota-yhteytta\/#breadcrumb","itemListElement":[{"@type":"ListItem","position":1,"name":"Etusivu","item":"https:\/\/siljart.fi\/"},{"@type":"ListItem","position":2,"name":"Ota yhteytt\u00e4"}]},{"@type":"WebSite","@id":"https:\/\/siljart.fi\/#website","url":"https:\/\/siljart.fi\/","name":"Siljart","description":"Abstraktia taidetta akustiikkalevylle sek&auml; kankaalle","publisher":{"@id":"https:\/\/siljart.fi\/#organization"},"potentialAction":[{"@type":"SearchAction","target":{"@type":"EntryPoint","urlTemplate":"https:\/\/siljart.fi\/?s={search_term_string}"},"query-input":{"@type":"PropertyValueSpecification","valueRequired":true,"valueName":"search_term_string"}}],"inLanguage":"en-GB"},{"@type":"Organization","@id":"https:\/\/siljart.fi\/#organization","name":"Siljart","url":"https:\/\/siljart.fi\/","logo":{"@type":"ImageObject","inLanguage":"en-GB","@id":"https:\/\/siljart.fi\/#\/schema\/logo\/image\/","url":"https:\/\/siljart.fi\/wp-content\/uploads\/2020\/11\/siljart-logo.png","contentUrl":"https:\/\/siljart.fi\/wp-content\/uploads\/2020\/11\/siljart-logo.png","width":300,"height":194,"caption":"Siljart"},"image":{"@id":"https:\/\/siljart.fi\/#\/schema\/logo\/image\/"},"sameAs":["https:\/\/www.facebook.com\/Siljalitalo\/","https:\/\/www.instagram.com\/artby.siljart\/?hl=fi","https:\/\/fi.pinterest.com\/siljaalitalo\/_created\/"]}]}},"jetpack_sharing_enabled":true,"_links":{"self":[{"href":"https:\/\/siljart.fi\/en\/wp-json\/wp\/v2\/pages\/649","targetHints":{"allow":["GET"]}}],"collection":[{"href":"https:\/\/siljart.fi\/en\/wp-json\/wp\/v2\/pages"}],"about":[{"href":"https:\/\/siljart.fi\/en\/wp-json\/wp\/v2\/types\/page"}],"author":[{"embeddable":true,"href":"https:\/\/siljart.fi\/en\/wp-json\/wp\/v2\/users\/1"}],"replies":[{"embeddable":true,"href":"https:\/\/siljart.fi\/en\/wp-json\/wp\/v2\/comments?post=649"}],"version-history":[{"count":14,"href":"https:\/\/siljart.fi\/en\/wp-json\/wp\/v2\/pages\/649\/revisions"}],"predecessor-version":[{"id":10184,"href":"https:\/\/siljart.fi\/en\/wp-json\/wp\/v2\/pages\/649\/revisions\/10184"}],"wp:attachment":[{"href":"https:\/\/siljart.fi\/en\/wp-json\/wp\/v2\/media?parent=649"}],"curies":[{"name":"wp","href":"https:\/\/api.w.org\/{rel}","templated":true}]}}