{"id":641,"date":"2020-10-08T16:02:50","date_gmt":"2020-10-08T13:02:50","guid":{"rendered":"http:\/\/https:\/\/http:\/\/https:\/\/siljart.fi\/?page_id=641"},"modified":"2026-04-20T12:39:30","modified_gmt":"2026-04-20T09:39:30","slug":"galleria","status":"publish","type":"page","link":"https:\/\/siljart.fi\/en\/galleria\/","title":{"rendered":"Gallery"},"content":{"rendered":"<p>[et_pb_section fb_built=&#8221;1&#8243; _builder_version=&#8221;4.23.4&#8243; _module_preset=&#8221;default&#8221; background_color=&#8221;#D9CBC3&#8243; custom_margin=&#8221;0px|0px|0px|0px|false|false&#8221; custom_margin_tablet=&#8221;|0px||0px|false|false&#8221; custom_margin_phone=&#8221;|0px||0px|false|false&#8221; custom_margin_last_edited=&#8221;on|desktop&#8221; custom_padding=&#8221;8px|0px|23px|0px|false|false&#8221; locked=&#8221;off&#8221; global_colors_info=&#8221;{}&#8221;][et_pb_row _builder_version=&#8221;4.20.2&#8243; _module_preset=&#8221;default&#8221; custom_margin=&#8221;|auto|-26px|auto||&#8221; custom_margin_tablet=&#8221;&#8221; custom_margin_phone=&#8221;|||auto|false|false&#8221; custom_margin_last_edited=&#8221;on|phone&#8221; custom_padding=&#8221;|0px||0px|false|false&#8221; global_colors_info=&#8221;{}&#8221;][et_pb_column type=&#8221;4_4&#8243; _builder_version=&#8221;4.16&#8243; _module_preset=&#8221;default&#8221; global_colors_info=&#8221;{}&#8221;][et_pb_text _builder_version=&#8221;4.23.4&#8243; _module_preset=&#8221;default&#8221; header_font=&#8221;||||||||&#8221; text_orientation=&#8221;center&#8221; width_tablet=&#8221;100%&#8221; width_phone=&#8221;100%&#8221; width_last_edited=&#8221;on|tablet&#8221; custom_margin_tablet=&#8221;|0px||0px|false|false&#8221; custom_margin_phone=&#8221;|0px|0px|0px|false|false&#8221; custom_margin_last_edited=&#8221;on|phone&#8221; custom_padding=&#8221;|0px||0px|false|false&#8221; header_font_size_tablet=&#8221;28px&#8221; header_font_size_phone=&#8221;20px&#8221; header_font_size_last_edited=&#8221;on|phone&#8221; global_colors_info=&#8221;{}&#8221;]<\/p>\n<h1>Galleria<\/h1>\n<p>[\/et_pb_text][\/et_pb_column][\/et_pb_row][\/et_pb_section][et_pb_section fb_built=&#8221;1&#8243; custom_padding_last_edited=&#8221;on|phone&#8221; _builder_version=&#8221;4.23.4&#8243; _module_preset=&#8221;default&#8221; background_color=&#8221;#F3F2EF&#8221; width=&#8221;100%&#8221; min_height=&#8221;7011.8px&#8221; custom_margin=&#8221;0px|0px|0px|0px|false|false&#8221; custom_padding=&#8221;0px|0px|0px|0px|false|false&#8221; custom_padding_tablet=&#8221;0px|0px|0px|0px|false|false&#8221; custom_padding_phone=&#8221;0px|0px|0px|0px|false|false&#8221; global_colors_info=&#8221;{}&#8221;][et_pb_row use_custom_gutter=&#8221;on&#8221; gutter_width=&#8221;2&#8243; _builder_version=&#8221;4.20.0&#8243; _module_preset=&#8221;default&#8221; background_color=&#8221;RGBA(255,255,255,0)&#8221; width_tablet=&#8221;&#8221; width_phone=&#8221;&#8221; width_last_edited=&#8221;on|phone&#8221; max_width=&#8221;2560px&#8221; max_width_tablet=&#8221;&#8221; max_width_phone=&#8221;&#8221; max_width_last_edited=&#8221;on|desktop&#8221; custom_margin=&#8221;0px|auto|0px|auto|false|false&#8221; global_colors_info=&#8221;{}&#8221;][et_pb_column type=&#8221;4_4&#8243; _builder_version=&#8221;4.16&#8243; _module_preset=&#8221;default&#8221; global_colors_info=&#8221;{}&#8221;][et_pb_gallery gallery_ids=&#8221;10401,10173,10318,10330,10331,10308,10388,10319,10347,10346,10314,10300,10143,10322,10313,9066,10110,10326,9063,10381,10406,8903,8719,10373,7514,10358,10356,10357,10287,10389,8784,10142,10329,10395,10109,10283,10284,8680,8710,8587,8684,8326,10383,7582,10278,10279,10393,10394,8160,8138,8168,8156,8142,8586,10320,7516,10108,7517,8806,10402,7570,7559,10336,10337,10276,8075,8076,10407,6055,10361,7839,7837,7717,7838,7732,7730,5760,7819,7597,7510,7511,10365,6277,6109,6286,10285,7577,8711,6045,6054,6053,4502,8936,6049,6052,5614,7513,7512,6964,10301,3776,3763,10371,3771,3760,3624,3625,10341,2757,2724,2693,2761,10323,10303,2758,10372,10378,10380,7809,6186,10291,6805,10282,10280,10281,10288,10289,10290,10293,10294,10295,10296,10338,10310,10297,10298,10299,10304,10348,10392,5162,10306,10307,10309,10344,10342,10305,10384,10315,3858,10340,10316,10311,10312,4681,10368,2692,10302,10350,10349,10321,10325,10324,10369,10359,10333,8575,10327,10328,4206,10334,10364,10353,2713,10277,6331,10335,10354,10352,10351,10345,10360,10362,10363,6172,6173,10355,10367,2687,10375,7813,10377,10376,10386,10387,4145,10404,10400,7727,10390,10391,10398,10399,2762,3749,3750,2697,2696,10165,10166,2689,2749,6048,6171,6170,2677,1683,2716,3292,3442,2727,2674,2703,2760,2759,10405,2686,2685,2733,7560,7553,3193,2717,2719,2675,2714,2722,7130,3628,2742,2737,2736,1687,6278,1686,2725,2700,6050,8799,6051,1689,1691,1688,1690,2707,2744,2706,2710,2704&#8243; posts_number=&#8221;300&#8243; show_title_and_caption=&#8221;off&#8221; zoom_icon_color=&#8221;#ffffff&#8221; hover_overlay_color=&#8221;RGBA(255,255,255,0)&#8221; hover_icon=&#8221;&#xf06e;||fa||900&#8243; _builder_version=&#8221;4.27.6&#8243; _module_preset=&#8221;default&#8221; width_tablet=&#8221;&#8221; width_phone=&#8221;100%&#8221; width_last_edited=&#8221;on|phone&#8221; max_width=&#8221;100%&#8221; custom_margin=&#8221;0px|0px|0px|0px|false|false&#8221; custom_padding=&#8221;0px|0px|0px|0px|false|false&#8221; hover_enabled=&#8221;0&#8243; custom_css_gallery_item=&#8221;z-index:5;||transition-duration:.8s;&#8221; box_shadow_style_image=&#8221;preset1&#8243; box_shadow_horizontal_image=&#8221;14px&#8221; box_shadow_vertical_image=&#8221;14px&#8221; box_shadow_blur_image=&#8221;32px&#8221; global_colors_info=&#8221;{}&#8221; custom_css_gallery_item__hover_enabled=&#8221;on|desktop&#8221; custom_css_gallery_item__hover=&#8221;z-index:10; transform:scale(1.5);&#8221; sticky_enabled=&#8221;0&#8243;][\/et_pb_gallery][\/et_pb_column][\/et_pb_row][\/et_pb_section]<\/p>\n<span class=\"et_bloom_bottom_trigger\"><\/span>","protected":false},"excerpt":{"rendered":"<p>Gallery<\/p>","protected":false},"author":1,"featured_media":0,"parent":0,"menu_order":0,"comment_status":"closed","ping_status":"closed","template":"","meta":{"_et_pb_use_builder":"on","_et_pb_old_content":"","_et_gb_content_width":"","footnotes":""},"class_list":["post-641","page","type-page","status-publish","hentry"],"yoast_head":"<!-- This site is optimized with the Yoast SEO plugin v27.4 - https:\/\/yoast.com\/product\/yoast-seo-wordpress\/ -->\n<title>Abstraktin taiteen galleria. Galleriassa voit ihastella Siljart luomia teoksia.<\/title>\n<meta name=\"description\" content=\"Abstrakti taidegalleria. Voit l\u00f6yt\u00e4\u00e4 teoksen joka miellytt\u00e4\u00e4 silm\u00e4\u00e4si. Ota yhteytt\u00e4 ja aloitetaan sinun oman teoksesi suunnittelu.\" \/>\n<meta name=\"robots\" content=\"index, follow, max-snippet:-1, max-image-preview:large, max-video-preview:-1\" \/>\n<link rel=\"canonical\" href=\"https:\/\/siljart.fi\/en\/galleria\/\" \/>\n<meta property=\"og:locale\" content=\"en_GB\" \/>\n<meta property=\"og:type\" content=\"article\" \/>\n<meta property=\"og:title\" content=\"Abstraktin taiteen galleria. Galleriassa voit ihastella Siljart luomia teoksia.\" \/>\n<meta property=\"og:description\" content=\"Abstrakti taidegalleria. Voit l\u00f6yt\u00e4\u00e4 teoksen joka miellytt\u00e4\u00e4 silm\u00e4\u00e4si. Ota yhteytt\u00e4 ja aloitetaan sinun oman teoksesi suunnittelu.\" \/>\n<meta property=\"og:url\" content=\"https:\/\/siljart.fi\/en\/galleria\/\" \/>\n<meta property=\"og:site_name\" content=\"Siljart\" \/>\n<meta property=\"article:publisher\" content=\"https:\/\/www.facebook.com\/Siljalitalo\/\" \/>\n<meta property=\"article:modified_time\" content=\"2026-04-20T09:39:30+00:00\" \/>\n<meta name=\"twitter:card\" content=\"summary_large_image\" \/>\n<meta name=\"twitter:label1\" content=\"Estimated reading time\" \/>\n\t<meta name=\"twitter:data1\" content=\"1 minute\" \/>\n<script type=\"application\/ld+json\" class=\"yoast-schema-graph\">{\"@context\":\"https:\\\/\\\/schema.org\",\"@graph\":[{\"@type\":\"WebPage\",\"@id\":\"https:\\\/\\\/siljart.fi\\\/galleria\\\/\",\"url\":\"https:\\\/\\\/siljart.fi\\\/galleria\\\/\",\"name\":\"Abstraktin taiteen galleria. Galleriassa voit ihastella Siljart luomia teoksia.\",\"isPartOf\":{\"@id\":\"https:\\\/\\\/siljart.fi\\\/#website\"},\"datePublished\":\"2020-10-08T13:02:50+00:00\",\"dateModified\":\"2026-04-20T09:39:30+00:00\",\"description\":\"Abstrakti taidegalleria. Voit l\u00f6yt\u00e4\u00e4 teoksen joka miellytt\u00e4\u00e4 silm\u00e4\u00e4si. Ota yhteytt\u00e4 ja aloitetaan sinun oman teoksesi suunnittelu.\",\"breadcrumb\":{\"@id\":\"https:\\\/\\\/siljart.fi\\\/galleria\\\/#breadcrumb\"},\"inLanguage\":\"en-GB\",\"potentialAction\":[{\"@type\":\"ReadAction\",\"target\":[\"https:\\\/\\\/siljart.fi\\\/galleria\\\/\"]}]},{\"@type\":\"BreadcrumbList\",\"@id\":\"https:\\\/\\\/siljart.fi\\\/galleria\\\/#breadcrumb\",\"itemListElement\":[{\"@type\":\"ListItem\",\"position\":1,\"name\":\"Etusivu\",\"item\":\"https:\\\/\\\/siljart.fi\\\/\"},{\"@type\":\"ListItem\",\"position\":2,\"name\":\"Galleria\"}]},{\"@type\":\"WebSite\",\"@id\":\"https:\\\/\\\/siljart.fi\\\/#website\",\"url\":\"https:\\\/\\\/siljart.fi\\\/\",\"name\":\"Siljart\",\"description\":\"Abstraktia taidetta akustiikkalevylle sek&auml; kankaalle\",\"publisher\":{\"@id\":\"https:\\\/\\\/siljart.fi\\\/#organization\"},\"potentialAction\":[{\"@type\":\"SearchAction\",\"target\":{\"@type\":\"EntryPoint\",\"urlTemplate\":\"https:\\\/\\\/siljart.fi\\\/?s={search_term_string}\"},\"query-input\":{\"@type\":\"PropertyValueSpecification\",\"valueRequired\":true,\"valueName\":\"search_term_string\"}}],\"inLanguage\":\"en-GB\"},{\"@type\":\"Organization\",\"@id\":\"https:\\\/\\\/siljart.fi\\\/#organization\",\"name\":\"Siljart\",\"url\":\"https:\\\/\\\/siljart.fi\\\/\",\"logo\":{\"@type\":\"ImageObject\",\"inLanguage\":\"en-GB\",\"@id\":\"https:\\\/\\\/siljart.fi\\\/#\\\/schema\\\/logo\\\/image\\\/\",\"url\":\"https:\\\/\\\/siljart.fi\\\/wp-content\\\/uploads\\\/2020\\\/11\\\/siljart-logo.png\",\"contentUrl\":\"https:\\\/\\\/siljart.fi\\\/wp-content\\\/uploads\\\/2020\\\/11\\\/siljart-logo.png\",\"width\":300,\"height\":194,\"caption\":\"Siljart\"},\"image\":{\"@id\":\"https:\\\/\\\/siljart.fi\\\/#\\\/schema\\\/logo\\\/image\\\/\"},\"sameAs\":[\"https:\\\/\\\/www.facebook.com\\\/Siljalitalo\\\/\",\"https:\\\/\\\/www.instagram.com\\\/artby.siljart\\\/?hl=fi\",\"https:\\\/\\\/fi.pinterest.com\\\/siljaalitalo\\\/_created\\\/\"]}]}<\/script>\n<!-- \/ Yoast SEO plugin. -->","yoast_head_json":{"title":"Abstraktin taiteen galleria. Galleriassa voit ihastella Siljart luomia teoksia.","description":"Abstrakti taidegalleria. Voit l\u00f6yt\u00e4\u00e4 teoksen joka miellytt\u00e4\u00e4 silm\u00e4\u00e4si. Ota yhteytt\u00e4 ja aloitetaan sinun oman teoksesi suunnittelu.","robots":{"index":"index","follow":"follow","max-snippet":"max-snippet:-1","max-image-preview":"max-image-preview:large","max-video-preview":"max-video-preview:-1"},"canonical":"https:\/\/siljart.fi\/en\/galleria\/","og_locale":"en_GB","og_type":"article","og_title":"Abstraktin taiteen galleria. Galleriassa voit ihastella Siljart luomia teoksia.","og_description":"Abstrakti taidegalleria. Voit l\u00f6yt\u00e4\u00e4 teoksen joka miellytt\u00e4\u00e4 silm\u00e4\u00e4si. Ota yhteytt\u00e4 ja aloitetaan sinun oman teoksesi suunnittelu.","og_url":"https:\/\/siljart.fi\/en\/galleria\/","og_site_name":"Siljart","article_publisher":"https:\/\/www.facebook.com\/Siljalitalo\/","article_modified_time":"2026-04-20T09:39:30+00:00","twitter_card":"summary_large_image","twitter_misc":{"Estimated reading time":"1 minute"},"schema":{"@context":"https:\/\/schema.org","@graph":[{"@type":"WebPage","@id":"https:\/\/siljart.fi\/galleria\/","url":"https:\/\/siljart.fi\/galleria\/","name":"Abstraktin taiteen galleria. Galleriassa voit ihastella Siljart luomia teoksia.","isPartOf":{"@id":"https:\/\/siljart.fi\/#website"},"datePublished":"2020-10-08T13:02:50+00:00","dateModified":"2026-04-20T09:39:30+00:00","description":"Abstrakti taidegalleria. Voit l\u00f6yt\u00e4\u00e4 teoksen joka miellytt\u00e4\u00e4 silm\u00e4\u00e4si. Ota yhteytt\u00e4 ja aloitetaan sinun oman teoksesi suunnittelu.","breadcrumb":{"@id":"https:\/\/siljart.fi\/galleria\/#breadcrumb"},"inLanguage":"en-GB","potentialAction":[{"@type":"ReadAction","target":["https:\/\/siljart.fi\/galleria\/"]}]},{"@type":"BreadcrumbList","@id":"https:\/\/siljart.fi\/galleria\/#breadcrumb","itemListElement":[{"@type":"ListItem","position":1,"name":"Etusivu","item":"https:\/\/siljart.fi\/"},{"@type":"ListItem","position":2,"name":"Galleria"}]},{"@type":"WebSite","@id":"https:\/\/siljart.fi\/#website","url":"https:\/\/siljart.fi\/","name":"Siljart","description":"Abstraktia taidetta akustiikkalevylle sek&auml; kankaalle","publisher":{"@id":"https:\/\/siljart.fi\/#organization"},"potentialAction":[{"@type":"SearchAction","target":{"@type":"EntryPoint","urlTemplate":"https:\/\/siljart.fi\/?s={search_term_string}"},"query-input":{"@type":"PropertyValueSpecification","valueRequired":true,"valueName":"search_term_string"}}],"inLanguage":"en-GB"},{"@type":"Organization","@id":"https:\/\/siljart.fi\/#organization","name":"Siljart","url":"https:\/\/siljart.fi\/","logo":{"@type":"ImageObject","inLanguage":"en-GB","@id":"https:\/\/siljart.fi\/#\/schema\/logo\/image\/","url":"https:\/\/siljart.fi\/wp-content\/uploads\/2020\/11\/siljart-logo.png","contentUrl":"https:\/\/siljart.fi\/wp-content\/uploads\/2020\/11\/siljart-logo.png","width":300,"height":194,"caption":"Siljart"},"image":{"@id":"https:\/\/siljart.fi\/#\/schema\/logo\/image\/"},"sameAs":["https:\/\/www.facebook.com\/Siljalitalo\/","https:\/\/www.instagram.com\/artby.siljart\/?hl=fi","https:\/\/fi.pinterest.com\/siljaalitalo\/_created\/"]}]}},"jetpack_sharing_enabled":true,"_links":{"self":[{"href":"https:\/\/siljart.fi\/en\/wp-json\/wp\/v2\/pages\/641","targetHints":{"allow":["GET"]}}],"collection":[{"href":"https:\/\/siljart.fi\/en\/wp-json\/wp\/v2\/pages"}],"about":[{"href":"https:\/\/siljart.fi\/en\/wp-json\/wp\/v2\/types\/page"}],"author":[{"embeddable":true,"href":"https:\/\/siljart.fi\/en\/wp-json\/wp\/v2\/users\/1"}],"replies":[{"embeddable":true,"href":"https:\/\/siljart.fi\/en\/wp-json\/wp\/v2\/comments?post=641"}],"version-history":[{"count":64,"href":"https:\/\/siljart.fi\/en\/wp-json\/wp\/v2\/pages\/641\/revisions"}],"predecessor-version":[{"id":10425,"href":"https:\/\/siljart.fi\/en\/wp-json\/wp\/v2\/pages\/641\/revisions\/10425"}],"wp:attachment":[{"href":"https:\/\/siljart.fi\/en\/wp-json\/wp\/v2\/media?parent=641"}],"curies":[{"name":"wp","href":"https:\/\/api.w.org\/{rel}","templated":true}]}}