{"id":4150,"date":"2022-02-15T20:11:22","date_gmt":"2022-02-15T18:11:22","guid":{"rendered":"https:\/\/siljart.fi\/?page_id=4150"},"modified":"2026-03-11T11:09:21","modified_gmt":"2026-03-11T09:09:21","slug":"nayttelyt","status":"publish","type":"page","link":"https:\/\/siljart.fi\/en\/nayttelyt\/","title":{"rendered":"Exhibitions"},"content":{"rendered":"<p>[et_pb_section fb_built=&#8221;1&#8243; _builder_version=&#8221;4.23.4&#8243; _module_preset=&#8221;default&#8221; background_color=&#8221;#D9CBC3&#8243; custom_margin_tablet=&#8221;|0px||0px|false|false&#8221; custom_margin_phone=&#8221;|0px||0px|false|false&#8221; custom_margin_last_edited=&#8221;on|tablet&#8221; custom_padding=&#8221;8px|0px|23px|0px|false|false&#8221; locked=&#8221;off&#8221; global_colors_info=&#8221;{}&#8221;][et_pb_row _builder_version=&#8221;4.21.0&#8243; _module_preset=&#8221;default&#8221; custom_margin=&#8221;|auto|-26px|auto||&#8221; custom_margin_tablet=&#8221;|auto|-26px|auto||&#8221; custom_margin_phone=&#8221;|auto||auto|false|false&#8221; custom_margin_last_edited=&#8221;on|phone&#8221; custom_padding=&#8221;|0px||0px|false|false&#8221; global_colors_info=&#8221;{}&#8221;][et_pb_column type=&#8221;4_4&#8243; _builder_version=&#8221;4.16&#8243; _module_preset=&#8221;default&#8221; global_colors_info=&#8221;{}&#8221;][et_pb_text _builder_version=&#8221;4.23.4&#8243; _module_preset=&#8221;default&#8221; header_font=&#8221;||||||||&#8221; text_orientation=&#8221;center&#8221; width_tablet=&#8221;100%&#8221; width_phone=&#8221;100%&#8221; width_last_edited=&#8221;on|tablet&#8221; custom_margin_tablet=&#8221;|0px||0px|false|false&#8221; custom_margin_phone=&#8221;|0px|0px|0px|false|false&#8221; custom_margin_last_edited=&#8221;on|phone&#8221; custom_padding=&#8221;|0px||0px|false|false&#8221; header_font_size_tablet=&#8221;28px&#8221; header_font_size_phone=&#8221;18px&#8221; header_font_size_last_edited=&#8221;on|phone&#8221; global_colors_info=&#8221;{}&#8221;]<\/p>\n<h1>N\u00e4yttelyt ja tapahtumat<\/h1>\n<p>[\/et_pb_text][\/et_pb_column][\/et_pb_row][\/et_pb_section][et_pb_section fb_built=&#8221;1&#8243; custom_padding_last_edited=&#8221;on|phone&#8221; _builder_version=&#8221;4.23.4&#8243; _module_preset=&#8221;default&#8221; custom_padding=&#8221;0px||0px||false|false&#8221; custom_padding_tablet=&#8221;0px||0px||false|false&#8221; custom_padding_phone=&#8221;10px||0px||false|false&#8221; global_colors_info=&#8221;{}&#8221;][et_pb_row _builder_version=&#8221;4.27.0&#8243; _module_preset=&#8221;default&#8221; custom_padding=&#8221;22px||37px|||&#8221; global_colors_info=&#8221;{}&#8221;][et_pb_column type=&#8221;4_4&#8243; _builder_version=&#8221;4.17.3&#8243; _module_preset=&#8221;default&#8221; global_colors_info=&#8221;{}&#8221;][et_pb_text _builder_version=&#8221;4.27.6&#8243; _module_preset=&#8221;default&#8221; text_text_color=&#8221;#575756&#8243; text_font_size=&#8221;15px&#8221; header_text_align=&#8221;left&#8221; header_3_text_align=&#8221;left&#8221; header_3_font_size=&#8221;17px&#8221; header_4_text_align=&#8221;left&#8221; header_4_font_size=&#8221;14px&#8221; custom_margin=&#8221;|||180px|false|false&#8221; custom_margin_tablet=&#8221;15px|||100px|false|false&#8221; custom_margin_phone=&#8221;10px|-25px||0px|false|false&#8221; custom_margin_last_edited=&#8221;on|phone&#8221; hover_enabled=&#8221;0&#8243; text_text_color_tablet=&#8221;#575756&#8243; text_text_color_phone=&#8221;#575756&#8243; text_text_color_last_edited=&#8221;on|desktop&#8221; text_font_size_tablet=&#8221;13px&#8221; text_font_size_phone=&#8221;13px&#8221; text_font_size_last_edited=&#8221;on|desktop&#8221; text_line_height_tablet=&#8221;1.6em&#8221; text_line_height_phone=&#8221;1.6em&#8221; text_line_height_last_edited=&#8221;on|phone&#8221; header_font_size_tablet=&#8221;30px&#8221; header_font_size_phone=&#8221;30px&#8221; header_font_size_last_edited=&#8221;on|tablet&#8221; header_3_font_size_tablet=&#8221;15px&#8221; header_3_font_size_phone=&#8221;14px&#8221; header_3_font_size_last_edited=&#8221;on|phone&#8221; header_4_font_size_tablet=&#8221;14px&#8221; header_4_font_size_phone=&#8221;13px&#8221; header_4_font_size_last_edited=&#8221;on|phone&#8221; global_colors_info=&#8221;{}&#8221; text_text_color__hover_enabled=&#8221;on|hover&#8221; text_text_color__hover=&#8221;#D2BCAE&#8221; link_text_color__hover_enabled=&#8221;on|hover&#8221; link_text_color__hover=&#8221;#D9CBC3&#8243; content__hover_enabled=&#8221;off|desktop&#8221; content__hover=&#8221;<\/p>\n<h3><strong>Menneet:<\/strong><\/h3>\n<p><strong><\/strong><\/p>\n<h2><strong>2025<\/strong><\/h2>\n<p><a href=%22https:\/\/www.instagram.com\/huvilainen\/%22 data-et-target-link=%22_blank%22 rel=%22noopener%22>7\/2025 Oulun asuntomessut 2025, kohde Huvilainen<\/a><\/p>\n<p><a href=%22https:\/\/www.ravintolamajatalo.com\/%22 data-et-target-link=%22_blank%22 rel=%22noopener%22><strong>5\/25 <\/strong>Ravintola Maja\/Talo, Tampere, Suomi<\/a><\/p>\n<h2><strong>2024<\/strong><strong><\/strong><\/h2>\n<p><a href=%22https:\/\/www.facebook.com\/heimontupa%22 data-et-target-link=%22_blank%22 rel=%22noopener%22><strong>10\/24<\/strong> Hein\u00e4veden kultturikeskus avajaisryhm\u00e4n\u00e4yttely<\/a><\/p>\n<p><a href=%22https:\/\/www.artshopping-expo.com\/%22 data-et-target-link=%22_blank%22 rel=%22noopener%22><strong>10\/24 <\/strong><span style=%22color: #575756;%22> Carrousel du Louvre &#8211; taidemessut, Pariisi, Ranska<\/span><\/a><\/p>\n<p><a href=%22https:\/\/satakunnanmessut.fi\/hyvanolonmessut\/%22><strong>9\/2024<\/strong> Hyv\u00e4n olon messut, Agora-sali, Samk-kampus, Pori, Suomi<\/a><\/p>\n<p><a href=%22https:\/\/cacmijas.info\/%22 data-et-target-link=%22_blank%22 rel=%22noopener%22><strong>6\/2024 <\/strong>Ryhm\u00e4n\u00e4yttely, %22Dal\u00edn ja Picasson jalanj\u00e4ljiss\u00e4%22, CAC Mijas, Espanja<\/a><\/p>\n<p><a href=%22https:\/\/satakunnanmessut.fi\/kotipiha\/%22 data-et-target-link=%22_blank%22 rel=%22noopener%22><strong>4\/2024 <\/strong>Satakunnan Koti ja Piha &#8211; messut, Karhuhalli, Pori, Suomi<\/a><\/p>\n<p><a href=%22https:\/\/galleria.porintaiteilijaseura.fi\/avoin-nayttely-9-3-24-3-2024\/%22 data-et-target-link=%22_blank%22 rel=%22noopener%22><strong>103\/2024<\/strong> Ryhm\u00e4n\u00e4yttely, P-Galleria. Yrj\u00f6nkatu 3, 28100, Pori, Suomi<\/a><\/p>\n<p><a href=%22https:\/\/www.visitpori.fi\/?service-card=kaupunkiolohuone-ja-galleria-ars-pori%22 data-et-target-link=%22_blank%22 rel=%22noopener%22><strong>2\/2024<\/strong> Yksityisn\u00e4yttely %22Live again%22, Kaupunkiolohuone, Pori, Suomi<\/a><\/p>\n<h2><strong>2023<\/strong><\/h2>\n<p><a href=%22https:\/\/www.scandichotels.fi\/hotellit\/suomi\/helsinki\/marski-by-scandic\/tapahtumat-ja-aktiviteetit%22 data-et-target-link=%22_blank%22 rel=%22noopener%22><strong>10\/2023<\/strong> Yksityisn\u00e4yttely, %22When I started to live again%22, MARSKI By Scandic,<\/a><a href=%22https:\/\/www.scandichotels.fi\/hotellit\/suomi\/helsinki\/marski-by-scandic\/tapahtumat-ja-aktiviteetit%22 data-et-target-link=%22_blank%22 rel=%22noopener%22> Helsinki, Suomi<\/a><\/p>\n<h2><strong>2022<\/strong><\/h2>\n<p><a href=%22https:\/\/porikorttelit.fi\/designxpori\/%22 data-et-target-link=%22_blank%22 rel=%22noopener%22><strong>12\/2022<\/strong> Muotoilu\/design-tapahtuma %22Design X Pori%22, Pori, Suomi<\/a><\/p>\n<p><a href=%22https:\/\/www.fogga.fi\/yhdessa-uuteen-alkuun\/%22 data-et-target-link=%22_blank%22 rel=%22noopener%22><strong>4\/2022<\/strong> Ryhm\u00e4n\u00e4yttely, %22Maan muotoa ja v\u00e4ri\u00e4%22, Galleria Fogga, Helsinki, Suomi<\/a><\/p>\n<h4><\/h4>\n<h4><strong>Julkaisut ja Media:<\/strong><\/h4>\n<p><a href=%22https:\/\/www.vogue.co.uk\/%22 data-et-target-link=%22_blank%22 rel=%22noopener%22><strong>2023<\/strong> British Vogue galleria lehtijulkaisu<\/a><\/p>\n<\/p>\n<h4><strong>J\u00e4senyydet:<\/strong><\/h4>\n<p><a href=%22https:\/\/suomentaiteilijat.net\/%22 data-et-target-link=%22_blank%22 rel=%22noopener%22>Suomen taiteilijat R.Y<\/a><\/p>\n<p><a href=%22https:\/\/www.yrittajat.fi\/%22 data-et-target-link=%22_blank%22 rel=%22noopener%22>Suomen Yritt\u00e4j\u00e4t<\/a><\/p>\n<p>&#8221; sticky_enabled=&#8221;0&#8243;]<\/p>\n<h3><strong>Menneet:<\/strong><\/h3>\n<p><strong><\/strong><\/p>\n<h2><strong>2025<\/strong><\/h2>\n<p><a href=\"https:\/\/www.instagram.com\/huvilainen\/\" target=\"_blank\" rel=\"noopener\"><strong>7\/25<\/strong> Oulun asuntomessut 2025, kohde Huvilainen<\/a><\/p>\n<p><a href=\"https:\/\/www.ravintolamajatalo.com\/\" target=\"_blank\" rel=\"noopener\"><strong>5\/25 <\/strong>Ravintola Maja\/Talo, Tampere, Suomi<\/a><\/p>\n<h2><strong>2024<\/strong><strong><\/strong><\/h2>\n<p><a href=\"https:\/\/www.facebook.com\/heimontupa\" target=\"_blank\" rel=\"noopener\"><strong>10\/24<\/strong> Hein\u00e4veden kultturikeskus avajaisryhm\u00e4n\u00e4yttely<\/a><\/p>\n<p><a href=\"https:\/\/www.artshopping-expo.com\/\" target=\"_blank\" rel=\"noopener\"><strong>10\/24 <\/strong><span style=\"color: #575756;\">\u00a0Carrousel du Louvre &#8211; taidemessut, Pariisi, Ranska<\/span><\/a><\/p>\n<p><strong>9\/2024<\/strong> Hyv\u00e4n olon messut, Agora-sali, Samk-kampus, Pori, Suomi<\/p>\n<p><a href=\"https:\/\/cacmijas.info\/\" target=\"_blank\" rel=\"noopener\"><strong>6\/2024 <\/strong>Ryhm\u00e4n\u00e4yttely, &#8221;Dal\u00edn ja Picasson jalanj\u00e4ljiss\u00e4&#8221;, CAC Mijas, Espanja<\/a><\/p>\n<p><a href=\"https:\/\/satakunnanmessut.fi\/kotipiha\/\" target=\"_blank\" rel=\"noopener\"><strong>4\/2024 <\/strong>Satakunnan Koti ja Piha &#8211; messut, Pori, Suomi<\/a><\/p>\n<p><a href=\"https:\/\/galleria.porintaiteilijaseura.fi\/avoin-nayttely-9-3-24-3-2024\/\" target=\"_blank\" rel=\"noopener\"><strong>103\/2024<\/strong> Ryhm\u00e4n\u00e4yttely, P-Galleria. Pori, Suomi<\/a><\/p>\n<p><a href=\"https:\/\/www.visitpori.fi\/?service-card=kaupunkiolohuone-ja-galleria-ars-pori\" target=\"_blank\" rel=\"noopener\"><strong>2\/2024<\/strong> Yksityisn\u00e4yttely &#8221;Live again&#8221;, Kaupunkiolohuone, Pori, Suomi<\/a><\/p>\n<h2><strong>2023<\/strong><\/h2>\n<p><a href=\"https:\/\/www.scandichotels.fi\/hotellit\/suomi\/helsinki\/marski-by-scandic\/tapahtumat-ja-aktiviteetit\" target=\"_blank\" rel=\"noopener\"><strong>10\/2023<\/strong> Yksityisn\u00e4yttely, &#8221;When I started to live again&#8221;, MARSKI By Scandic,<\/a><a href=\"https:\/\/www.scandichotels.fi\/hotellit\/suomi\/helsinki\/marski-by-scandic\/tapahtumat-ja-aktiviteetit\" target=\"_blank\" rel=\"noopener\"> Helsinki, Suomi<\/a><\/p>\n<h2><strong>2022<\/strong><\/h2>\n<p><a href=\"https:\/\/porikorttelit.fi\/designxpori\/\" target=\"_blank\" rel=\"noopener\"><strong>12\/2022<\/strong> Muotoilu\/design-tapahtuma &#8221;Design X Pori&#8221;, Pori, Suomi<\/a><\/p>\n<p><a href=\"https:\/\/www.fogga.fi\/yhdessa-uuteen-alkuun\/\" target=\"_blank\" rel=\"noopener\"><strong>4\/2022<\/strong> Ryhm\u00e4n\u00e4yttely, &#8221;Maan muotoa ja v\u00e4ri\u00e4&#8221;, Galleria Fogga, Helsinki, Suomi<\/a><\/p>\n<h4><\/h4>\n<h4><strong>Julkaisut ja Media:<\/strong><\/h4>\n<p><a href=\"https:\/\/www.vogue.co.uk\/\" target=\"_blank\" rel=\"noopener\"><strong>2023<\/strong> British Vogue galleria lehtijulkaisu<\/a><\/p>\n<p>&nbsp;<\/p>\n<h4><strong>J\u00e4senyydet:<\/strong><\/h4>\n<p><a href=\"https:\/\/suomentaiteilijat.net\/\" target=\"_blank\" rel=\"noopener\">Suomen taiteilijat R.Y<\/a><\/p>\n<p><a href=\"https:\/\/www.yrittajat.fi\/\" target=\"_blank\" rel=\"noopener\">Suomen Yritt\u00e4j\u00e4t<\/a><\/p>\n<p>[\/et_pb_text][\/et_pb_column][\/et_pb_row][\/et_pb_section][et_pb_section fb_built=&#8221;1&#8243; _builder_version=&#8221;4.23.4&#8243; _module_preset=&#8221;default&#8221; custom_padding=&#8221;0px|||||&#8221; global_colors_info=&#8221;{}&#8221;][et_pb_row _builder_version=&#8221;4.23.4&#8243; _module_preset=&#8221;default&#8221; global_colors_info=&#8221;{}&#8221;][et_pb_column type=&#8221;4_4&#8243; _builder_version=&#8221;4.23.4&#8243; _module_preset=&#8221;default&#8221; global_colors_info=&#8221;{}&#8221;][et_pb_text _builder_version=&#8221;4.23.4&#8243; _module_preset=&#8221;default&#8221; header_6_text_align=&#8221;center&#8221; header_6_font_size=&#8221;19px&#8221; header_6_font_size_tablet=&#8221;18px&#8221; header_6_font_size_phone=&#8221;15px&#8221; header_6_font_size_last_edited=&#8221;on|phone&#8221; global_colors_info=&#8221;{}&#8221;]<\/p>\n<h6>As seen in<\/h6>\n<p>[\/et_pb_text][et_pb_image src=&#8221;https:\/\/siljart.fi\/wp-content\/uploads\/2023\/06\/VOGUE_logo_logotype.png&#8221; alt=&#8221;VOGUE_logo&#8221; title_text=&#8221;VOGUE_logo&#8221; url=&#8221;https:\/\/www.vogue.co.uk\/&#8221; url_new_window=&#8221;on&#8221; _builder_version=&#8221;4.23.4&#8243; _module_preset=&#8221;default&#8221; width=&#8221;13%&#8221; width_tablet=&#8221;15%&#8221; width_phone=&#8221;34%&#8221; width_last_edited=&#8221;on|tablet&#8221; module_alignment=&#8221;center&#8221; global_colors_info=&#8221;{}&#8221; min_height__hover_enabled=&#8221;off|desktop&#8221; width__hover_enabled=&#8221;on|desktop&#8221; width__hover=&#8221;13%&#8221;][\/et_pb_image][\/et_pb_column][\/et_pb_row][\/et_pb_section]<\/p>\n<span class=\"et_bloom_bottom_trigger\"><\/span>","protected":false},"excerpt":{"rendered":"<p>N\u00e4yttelyt ja tapahtumatMenneet: 2025 7\/25 Oulun asuntomessut 2025, kohde Huvilainen 5\/25 Ravintola Maja\/Talo, Tampere, Suomi 2024 10\/24 Hein\u00e4veden kultturikeskus avajaisryhm\u00e4n\u00e4yttely 10\/24 \u00a0Carrousel du Louvre &#8211; taidemessut, Pariisi, Ranska 9\/2024 Hyv\u00e4n olon messut, Agora-sali, Samk-kampus, Pori, Suomi 6\/2024 Ryhm\u00e4n\u00e4yttely, &#8221;Dal\u00edn ja Picasson jalanj\u00e4ljiss\u00e4&#8221;, CAC Mijas, Espanja 4\/2024 Satakunnan Koti ja Piha &#8211; messut, Pori, Suomi 103\/2024 [&hellip;]<\/p>\n","protected":false},"author":1,"featured_media":0,"parent":0,"menu_order":0,"comment_status":"closed","ping_status":"closed","template":"","meta":{"_et_pb_use_builder":"on","_et_pb_old_content":"","_et_gb_content_width":"","footnotes":""},"class_list":["post-4150","page","type-page","status-publish","hentry"],"yoast_head":"<!-- This site is optimized with the Yoast SEO plugin v27.4 - https:\/\/yoast.com\/product\/yoast-seo-wordpress\/ -->\n<title>N\u00e4yttelyt sivulla lis\u00e4tietoja n\u00e4yttelyist\u00e4 ja tapahtumista<\/title>\n<meta name=\"description\" content=\"N\u00e4yttelyt sivulla esill\u00e4 lis\u00e4tiedot meneill\u00e4\u00e4n olevista, tulevista ja menneist\u00e4 tapahtumista ja n\u00e4yttelyist\u00e4\" \/>\n<meta name=\"robots\" content=\"index, follow, max-snippet:-1, max-image-preview:large, max-video-preview:-1\" \/>\n<link rel=\"canonical\" href=\"https:\/\/siljart.fi\/en\/nayttelyt\/\" \/>\n<meta property=\"og:locale\" content=\"en_GB\" \/>\n<meta property=\"og:type\" content=\"article\" \/>\n<meta property=\"og:title\" content=\"N\u00e4yttelyt sivulla lis\u00e4tietoja n\u00e4yttelyist\u00e4 ja tapahtumista\" \/>\n<meta property=\"og:description\" content=\"N\u00e4yttelyt sivulla esill\u00e4 lis\u00e4tiedot meneill\u00e4\u00e4n olevista, tulevista ja menneist\u00e4 tapahtumista ja n\u00e4yttelyist\u00e4\" \/>\n<meta property=\"og:url\" content=\"https:\/\/siljart.fi\/en\/nayttelyt\/\" \/>\n<meta property=\"og:site_name\" content=\"Siljart\" \/>\n<meta property=\"article:publisher\" content=\"https:\/\/www.facebook.com\/Siljalitalo\/\" \/>\n<meta property=\"article:modified_time\" content=\"2026-03-11T09:09:21+00:00\" \/>\n<meta name=\"twitter:card\" content=\"summary_large_image\" \/>\n<meta name=\"twitter:label1\" content=\"Estimated reading time\" \/>\n\t<meta name=\"twitter:data1\" content=\"2 minutes\" \/>\n<script type=\"application\/ld+json\" class=\"yoast-schema-graph\">{\"@context\":\"https:\\\/\\\/schema.org\",\"@graph\":[{\"@type\":\"WebPage\",\"@id\":\"https:\\\/\\\/siljart.fi\\\/nayttelyt\\\/\",\"url\":\"https:\\\/\\\/siljart.fi\\\/nayttelyt\\\/\",\"name\":\"N\u00e4yttelyt sivulla lis\u00e4tietoja n\u00e4yttelyist\u00e4 ja tapahtumista\",\"isPartOf\":{\"@id\":\"https:\\\/\\\/siljart.fi\\\/#website\"},\"datePublished\":\"2022-02-15T18:11:22+00:00\",\"dateModified\":\"2026-03-11T09:09:21+00:00\",\"description\":\"N\u00e4yttelyt sivulla esill\u00e4 lis\u00e4tiedot meneill\u00e4\u00e4n olevista, tulevista ja menneist\u00e4 tapahtumista ja n\u00e4yttelyist\u00e4\",\"breadcrumb\":{\"@id\":\"https:\\\/\\\/siljart.fi\\\/nayttelyt\\\/#breadcrumb\"},\"inLanguage\":\"en-GB\",\"potentialAction\":[{\"@type\":\"ReadAction\",\"target\":[\"https:\\\/\\\/siljart.fi\\\/nayttelyt\\\/\"]}]},{\"@type\":\"BreadcrumbList\",\"@id\":\"https:\\\/\\\/siljart.fi\\\/nayttelyt\\\/#breadcrumb\",\"itemListElement\":[{\"@type\":\"ListItem\",\"position\":1,\"name\":\"Etusivu\",\"item\":\"https:\\\/\\\/siljart.fi\\\/\"},{\"@type\":\"ListItem\",\"position\":2,\"name\":\"N\u00e4yttelyt\"}]},{\"@type\":\"WebSite\",\"@id\":\"https:\\\/\\\/siljart.fi\\\/#website\",\"url\":\"https:\\\/\\\/siljart.fi\\\/\",\"name\":\"Siljart\",\"description\":\"Abstraktia taidetta akustiikkalevylle sek&auml; kankaalle\",\"publisher\":{\"@id\":\"https:\\\/\\\/siljart.fi\\\/#organization\"},\"potentialAction\":[{\"@type\":\"SearchAction\",\"target\":{\"@type\":\"EntryPoint\",\"urlTemplate\":\"https:\\\/\\\/siljart.fi\\\/?s={search_term_string}\"},\"query-input\":{\"@type\":\"PropertyValueSpecification\",\"valueRequired\":true,\"valueName\":\"search_term_string\"}}],\"inLanguage\":\"en-GB\"},{\"@type\":\"Organization\",\"@id\":\"https:\\\/\\\/siljart.fi\\\/#organization\",\"name\":\"Siljart\",\"url\":\"https:\\\/\\\/siljart.fi\\\/\",\"logo\":{\"@type\":\"ImageObject\",\"inLanguage\":\"en-GB\",\"@id\":\"https:\\\/\\\/siljart.fi\\\/#\\\/schema\\\/logo\\\/image\\\/\",\"url\":\"https:\\\/\\\/siljart.fi\\\/wp-content\\\/uploads\\\/2020\\\/11\\\/siljart-logo.png\",\"contentUrl\":\"https:\\\/\\\/siljart.fi\\\/wp-content\\\/uploads\\\/2020\\\/11\\\/siljart-logo.png\",\"width\":300,\"height\":194,\"caption\":\"Siljart\"},\"image\":{\"@id\":\"https:\\\/\\\/siljart.fi\\\/#\\\/schema\\\/logo\\\/image\\\/\"},\"sameAs\":[\"https:\\\/\\\/www.facebook.com\\\/Siljalitalo\\\/\",\"https:\\\/\\\/www.instagram.com\\\/artby.siljart\\\/?hl=fi\",\"https:\\\/\\\/fi.pinterest.com\\\/siljaalitalo\\\/_created\\\/\"]}]}<\/script>\n<!-- \/ Yoast SEO plugin. -->","yoast_head_json":{"title":"N\u00e4yttelyt sivulla lis\u00e4tietoja n\u00e4yttelyist\u00e4 ja tapahtumista","description":"N\u00e4yttelyt sivulla esill\u00e4 lis\u00e4tiedot meneill\u00e4\u00e4n olevista, tulevista ja menneist\u00e4 tapahtumista ja n\u00e4yttelyist\u00e4","robots":{"index":"index","follow":"follow","max-snippet":"max-snippet:-1","max-image-preview":"max-image-preview:large","max-video-preview":"max-video-preview:-1"},"canonical":"https:\/\/siljart.fi\/en\/nayttelyt\/","og_locale":"en_GB","og_type":"article","og_title":"N\u00e4yttelyt sivulla lis\u00e4tietoja n\u00e4yttelyist\u00e4 ja tapahtumista","og_description":"N\u00e4yttelyt sivulla esill\u00e4 lis\u00e4tiedot meneill\u00e4\u00e4n olevista, tulevista ja menneist\u00e4 tapahtumista ja n\u00e4yttelyist\u00e4","og_url":"https:\/\/siljart.fi\/en\/nayttelyt\/","og_site_name":"Siljart","article_publisher":"https:\/\/www.facebook.com\/Siljalitalo\/","article_modified_time":"2026-03-11T09:09:21+00:00","twitter_card":"summary_large_image","twitter_misc":{"Estimated reading time":"2 minutes"},"schema":{"@context":"https:\/\/schema.org","@graph":[{"@type":"WebPage","@id":"https:\/\/siljart.fi\/nayttelyt\/","url":"https:\/\/siljart.fi\/nayttelyt\/","name":"N\u00e4yttelyt sivulla lis\u00e4tietoja n\u00e4yttelyist\u00e4 ja tapahtumista","isPartOf":{"@id":"https:\/\/siljart.fi\/#website"},"datePublished":"2022-02-15T18:11:22+00:00","dateModified":"2026-03-11T09:09:21+00:00","description":"N\u00e4yttelyt sivulla esill\u00e4 lis\u00e4tiedot meneill\u00e4\u00e4n olevista, tulevista ja menneist\u00e4 tapahtumista ja n\u00e4yttelyist\u00e4","breadcrumb":{"@id":"https:\/\/siljart.fi\/nayttelyt\/#breadcrumb"},"inLanguage":"en-GB","potentialAction":[{"@type":"ReadAction","target":["https:\/\/siljart.fi\/nayttelyt\/"]}]},{"@type":"BreadcrumbList","@id":"https:\/\/siljart.fi\/nayttelyt\/#breadcrumb","itemListElement":[{"@type":"ListItem","position":1,"name":"Etusivu","item":"https:\/\/siljart.fi\/"},{"@type":"ListItem","position":2,"name":"N\u00e4yttelyt"}]},{"@type":"WebSite","@id":"https:\/\/siljart.fi\/#website","url":"https:\/\/siljart.fi\/","name":"Siljart","description":"Abstraktia taidetta akustiikkalevylle sek&auml; kankaalle","publisher":{"@id":"https:\/\/siljart.fi\/#organization"},"potentialAction":[{"@type":"SearchAction","target":{"@type":"EntryPoint","urlTemplate":"https:\/\/siljart.fi\/?s={search_term_string}"},"query-input":{"@type":"PropertyValueSpecification","valueRequired":true,"valueName":"search_term_string"}}],"inLanguage":"en-GB"},{"@type":"Organization","@id":"https:\/\/siljart.fi\/#organization","name":"Siljart","url":"https:\/\/siljart.fi\/","logo":{"@type":"ImageObject","inLanguage":"en-GB","@id":"https:\/\/siljart.fi\/#\/schema\/logo\/image\/","url":"https:\/\/siljart.fi\/wp-content\/uploads\/2020\/11\/siljart-logo.png","contentUrl":"https:\/\/siljart.fi\/wp-content\/uploads\/2020\/11\/siljart-logo.png","width":300,"height":194,"caption":"Siljart"},"image":{"@id":"https:\/\/siljart.fi\/#\/schema\/logo\/image\/"},"sameAs":["https:\/\/www.facebook.com\/Siljalitalo\/","https:\/\/www.instagram.com\/artby.siljart\/?hl=fi","https:\/\/fi.pinterest.com\/siljaalitalo\/_created\/"]}]}},"jetpack_sharing_enabled":true,"_links":{"self":[{"href":"https:\/\/siljart.fi\/en\/wp-json\/wp\/v2\/pages\/4150","targetHints":{"allow":["GET"]}}],"collection":[{"href":"https:\/\/siljart.fi\/en\/wp-json\/wp\/v2\/pages"}],"about":[{"href":"https:\/\/siljart.fi\/en\/wp-json\/wp\/v2\/types\/page"}],"author":[{"embeddable":true,"href":"https:\/\/siljart.fi\/en\/wp-json\/wp\/v2\/users\/1"}],"replies":[{"embeddable":true,"href":"https:\/\/siljart.fi\/en\/wp-json\/wp\/v2\/comments?post=4150"}],"version-history":[{"count":193,"href":"https:\/\/siljart.fi\/en\/wp-json\/wp\/v2\/pages\/4150\/revisions"}],"predecessor-version":[{"id":10258,"href":"https:\/\/siljart.fi\/en\/wp-json\/wp\/v2\/pages\/4150\/revisions\/10258"}],"wp:attachment":[{"href":"https:\/\/siljart.fi\/en\/wp-json\/wp\/v2\/media?parent=4150"}],"curies":[{"name":"wp","href":"https:\/\/api.w.org\/{rel}","templated":true}]}}