{"id":1197,"date":"2020-10-27T22:35:26","date_gmt":"2020-10-27T20:35:26","guid":{"rendered":"http:\/\/https:\/\/http:\/\/https:\/\/siljart.fi\/?page_id=1197"},"modified":"2026-03-11T10:44:41","modified_gmt":"2026-03-11T08:44:41","slug":"tietosuojaseloste","status":"publish","type":"page","link":"https:\/\/siljart.fi\/en\/tietosuojaseloste\/","title":{"rendered":"Privacy Policy"},"content":{"rendered":"<p>[et_pb_section fb_built=&#8221;1&#8243; _builder_version=&#8221;4.16&#8243; _module_preset=&#8221;default&#8221; global_colors_info=&#8221;{}&#8221;][et_pb_row _builder_version=&#8221;4.16&#8243; _module_preset=&#8221;default&#8221; global_colors_info=&#8221;{}&#8221;][et_pb_column type=&#8221;4_4&#8243; _builder_version=&#8221;4.16&#8243; _module_preset=&#8221;default&#8221; global_colors_info=&#8221;{}&#8221;][et_pb_text _builder_version=&#8221;4.20.0&#8243; _module_preset=&#8221;default&#8221; hover_enabled=&#8221;0&#8243; global_colors_info=&#8221;{}&#8221; header_3_font_size_last_edited=&#8221;on|phone&#8221; header_3_font_size=&#8221;18px&#8221; header_3_font=&#8221;|600|||||||&#8221; sticky_enabled=&#8221;0&#8243; header_3_font_size_tablet=&#8221;16px&#8221; header_3_font_size_phone=&#8221;16px&#8221; text_font_size_last_edited=&#8221;on|phone&#8221; text_font_size=&#8221;16px&#8221; text_font_size_phone=&#8221;15px&#8221; text_font_size_tablet=&#8221;16px&#8221;]<\/p>\n<h3>Tietosuojaseloste<\/h3>\n<h3>(p\u00e4ivitetty 23.02.2023)<\/h3>\n<h3 id=\"rekisterinpit\u00e4j\u00e4-ja-sen-yhteystiedot\">Rekisterinpit\u00e4j\u00e4 ja sen yhteystiedot<\/h3>\n<p>Siljart (y-tunnus: 2984775-8)<\/p>\n<p>Silja Alitalo<br \/>Vaistomaantie 46<br \/>28660 PORI<br \/><a href=\"mailto:info@yritysoy.com\">info@siljart.fi<\/a><\/p>\n<h3 id=\"mit\u00e4-tietoja-minusta-ker\u00e4t\u00e4\u00e4n?\">Mit\u00e4 tietoja minusta ker\u00e4t\u00e4\u00e4n?<\/h3>\n<p>Asiakasrekisteriin tallennetaan asiakkaan\u00a0<em>etunimi, sukunimi, katuosoite, postinumero, postitoimipaikka, maa, s\u00e4hk\u00f6postiosoite, puhelinnumero, asioidessa k\u00e4ytetty kieli, asioidessa k\u00e4ytetty valuutta<\/em>. Yritysasiakkaalta tallennetaan lis\u00e4ksi\u00a0<em>yrityksen nimi, y-tunnus ja alv-tunnus<\/em>.<\/p>\n<p>Lis\u00e4ksi verkkokaupan tilaustietoihin tallennetaan asiakkaan\u00a0<em>tilauksen yhteydess\u00e4 antamat tiedot, kuten tilauksen tuotesis\u00e4lt\u00f6, maksutapa ja toimitustapa<\/em>.<\/p>\n<h3 id=\"mihin-henkil\u00f6tietoja-k\u00e4ytet\u00e4\u00e4n?\">Mihin henkil\u00f6tietoja k\u00e4ytet\u00e4\u00e4n?<\/h3>\n<p>Henkil\u00f6tietoja k\u00e4ytet\u00e4\u00e4n:<\/p>\n<ul>\n<li>Asiakassuhteen hoitamiseen<\/li>\n<li>Tilauksen toimitukseen ja k\u00e4sittelyyn, sek\u00e4 arkistointiin<\/li>\n<li>Tilastollisiin tarkoituksiin<\/li>\n<li>Markkinointitarkoituksiin<\/li>\n<\/ul>\n<p>Henkil\u00f6tietojen k\u00e4sittelyn oikeusperusteena on sopimus, suostumus tai oikeutettu etu.<\/p>\n<p>Henkil\u00f6tietojen k\u00e4sittelyss\u00e4 on huomioitu 25.5.2018 alkaen noudatettavan EU:n tietosuoja-asetuksen asettamat vaatimukset.<\/p>\n<h3 id=\"kuinka-kauan-henkil\u00f6tietojani-s\u00e4ilytet\u00e4\u00e4n?\">Kuinka kauan henkil\u00f6tietojani s\u00e4ilytet\u00e4\u00e4n?<\/h3>\n<p>S\u00e4ilyt\u00e4mme henkil\u00f6tietojasi niin kauan, kuin on tarpeellista rekisterin k\u00e4ytt\u00f6tarkoitusten toteuttamiseksi.<\/p>\n<p>Lis\u00e4ksi joitain tietoja voidaan s\u00e4ilytt\u00e4\u00e4 kauemmin niilt\u00e4 osin kuin se on tarpeen laissa asetettujen velvollisuuksien, kuten kirjanpitoa ja kuluttajakauppaa koskevien vastuiden hoitamiseksi.<\/p>\n<h3 id=\"tietojen-luovutus-kolmansille-osapuolille\">Tietojen luovutus kolmansille osapuolille<\/h3>\n<p>Luovutamme henkil\u00f6tietoja logistiikka ja maksupalvelu yhteisty\u00f6kumppaneille, verkkokauppamme toiminnan mahdollistamiseksi.<\/p>\n<h3 id=\"asiakkaan-oikeudet-asiakkaana-sinulla-on-seuraavat-oikeudet\">Asiakkaan oikeudet Asiakkaana sinulla on seuraavat oikeudet:<\/h3>\n<ul>\n<li>Tarkistusoikeus<\/li>\n<li>Oikaisuoikeus<\/li>\n<li>Oikeus peruuttaa suostumus<\/li>\n<li>Poisto-oikeus<\/li>\n<\/ul>\n<p>[\/et_pb_text][\/et_pb_column][\/et_pb_row][\/et_pb_section]<\/p>\n<span class=\"et_bloom_bottom_trigger\"><\/span>","protected":false},"excerpt":{"rendered":"<p>Tietosuojaseloste (p\u00e4ivitetty 23.02.2023) Rekisterinpit\u00e4j\u00e4 ja sen yhteystiedot Siljart (y-tunnus: 2984775-8) Silja AlitaloVaistomaantie 4628660 PORIinfo@siljart.fi Mit\u00e4 tietoja minusta ker\u00e4t\u00e4\u00e4n? Asiakasrekisteriin tallennetaan asiakkaan\u00a0etunimi, sukunimi, katuosoite, postinumero, postitoimipaikka, maa, s\u00e4hk\u00f6postiosoite, puhelinnumero, asioidessa k\u00e4ytetty kieli, asioidessa k\u00e4ytetty valuutta. Yritysasiakkaalta tallennetaan lis\u00e4ksi\u00a0yrityksen nimi, y-tunnus ja alv-tunnus. Lis\u00e4ksi verkkokaupan tilaustietoihin tallennetaan asiakkaan\u00a0tilauksen yhteydess\u00e4 antamat tiedot, kuten tilauksen tuotesis\u00e4lt\u00f6, maksutapa ja toimitustapa. [&hellip;]<\/p>\n","protected":false},"author":1,"featured_media":0,"parent":0,"menu_order":0,"comment_status":"closed","ping_status":"closed","template":"","meta":{"_et_pb_use_builder":"on","_et_pb_old_content":"","_et_gb_content_width":"","footnotes":""},"class_list":["post-1197","page","type-page","status-publish","hentry"],"yoast_head":"<!-- This site is optimized with the Yoast SEO plugin v27.4 - https:\/\/yoast.com\/product\/yoast-seo-wordpress\/ -->\n<title>Tietosuojaseloste &#8211; Siljart<\/title>\n<meta name=\"robots\" content=\"index, follow, max-snippet:-1, max-image-preview:large, max-video-preview:-1\" \/>\n<link rel=\"canonical\" href=\"https:\/\/siljart.fi\/en\/tietosuojaseloste\/\" \/>\n<meta property=\"og:locale\" content=\"en_GB\" \/>\n<meta property=\"og:type\" content=\"article\" \/>\n<meta property=\"og:title\" content=\"Tietosuojaseloste &#8211; Siljart\" \/>\n<meta property=\"og:description\" content=\"Tietosuojaseloste (p\u00e4ivitetty 23.02.2023) Rekisterinpit\u00e4j\u00e4 ja sen yhteystiedot Siljart (y-tunnus: 2984775-8) Silja AlitaloVaistomaantie 4628660 PORIinfo@siljart.fi Mit\u00e4 tietoja minusta ker\u00e4t\u00e4\u00e4n? Asiakasrekisteriin tallennetaan asiakkaan\u00a0etunimi, sukunimi, katuosoite, postinumero, postitoimipaikka, maa, s\u00e4hk\u00f6postiosoite, puhelinnumero, asioidessa k\u00e4ytetty kieli, asioidessa k\u00e4ytetty valuutta. Yritysasiakkaalta tallennetaan lis\u00e4ksi\u00a0yrityksen nimi, y-tunnus ja alv-tunnus. Lis\u00e4ksi verkkokaupan tilaustietoihin tallennetaan asiakkaan\u00a0tilauksen yhteydess\u00e4 antamat tiedot, kuten tilauksen tuotesis\u00e4lt\u00f6, maksutapa ja toimitustapa. [&hellip;]\" \/>\n<meta property=\"og:url\" content=\"https:\/\/siljart.fi\/en\/tietosuojaseloste\/\" \/>\n<meta property=\"og:site_name\" content=\"Siljart\" \/>\n<meta property=\"article:publisher\" content=\"https:\/\/www.facebook.com\/Siljalitalo\/\" \/>\n<meta property=\"article:modified_time\" content=\"2026-03-11T08:44:41+00:00\" \/>\n<meta name=\"twitter:card\" content=\"summary_large_image\" \/>\n<meta name=\"twitter:label1\" content=\"Estimated reading time\" \/>\n\t<meta name=\"twitter:data1\" content=\"1 minute\" \/>\n<script type=\"application\/ld+json\" class=\"yoast-schema-graph\">{\"@context\":\"https:\\\/\\\/schema.org\",\"@graph\":[{\"@type\":\"WebPage\",\"@id\":\"https:\\\/\\\/siljart.fi\\\/tietosuojaseloste\\\/\",\"url\":\"https:\\\/\\\/siljart.fi\\\/tietosuojaseloste\\\/\",\"name\":\"Tietosuojaseloste &#8211; Siljart\",\"isPartOf\":{\"@id\":\"https:\\\/\\\/siljart.fi\\\/#website\"},\"datePublished\":\"2020-10-27T20:35:26+00:00\",\"dateModified\":\"2026-03-11T08:44:41+00:00\",\"breadcrumb\":{\"@id\":\"https:\\\/\\\/siljart.fi\\\/tietosuojaseloste\\\/#breadcrumb\"},\"inLanguage\":\"en-GB\",\"potentialAction\":[{\"@type\":\"ReadAction\",\"target\":[\"https:\\\/\\\/siljart.fi\\\/tietosuojaseloste\\\/\"]}]},{\"@type\":\"BreadcrumbList\",\"@id\":\"https:\\\/\\\/siljart.fi\\\/tietosuojaseloste\\\/#breadcrumb\",\"itemListElement\":[{\"@type\":\"ListItem\",\"position\":1,\"name\":\"Etusivu\",\"item\":\"https:\\\/\\\/siljart.fi\\\/\"},{\"@type\":\"ListItem\",\"position\":2,\"name\":\"Tietosuojaseloste\"}]},{\"@type\":\"WebSite\",\"@id\":\"https:\\\/\\\/siljart.fi\\\/#website\",\"url\":\"https:\\\/\\\/siljart.fi\\\/\",\"name\":\"Siljart\",\"description\":\"Abstraktia taidetta akustiikkalevylle sek&auml; kankaalle\",\"publisher\":{\"@id\":\"https:\\\/\\\/siljart.fi\\\/#organization\"},\"potentialAction\":[{\"@type\":\"SearchAction\",\"target\":{\"@type\":\"EntryPoint\",\"urlTemplate\":\"https:\\\/\\\/siljart.fi\\\/?s={search_term_string}\"},\"query-input\":{\"@type\":\"PropertyValueSpecification\",\"valueRequired\":true,\"valueName\":\"search_term_string\"}}],\"inLanguage\":\"en-GB\"},{\"@type\":\"Organization\",\"@id\":\"https:\\\/\\\/siljart.fi\\\/#organization\",\"name\":\"Siljart\",\"url\":\"https:\\\/\\\/siljart.fi\\\/\",\"logo\":{\"@type\":\"ImageObject\",\"inLanguage\":\"en-GB\",\"@id\":\"https:\\\/\\\/siljart.fi\\\/#\\\/schema\\\/logo\\\/image\\\/\",\"url\":\"https:\\\/\\\/siljart.fi\\\/wp-content\\\/uploads\\\/2020\\\/11\\\/siljart-logo.png\",\"contentUrl\":\"https:\\\/\\\/siljart.fi\\\/wp-content\\\/uploads\\\/2020\\\/11\\\/siljart-logo.png\",\"width\":300,\"height\":194,\"caption\":\"Siljart\"},\"image\":{\"@id\":\"https:\\\/\\\/siljart.fi\\\/#\\\/schema\\\/logo\\\/image\\\/\"},\"sameAs\":[\"https:\\\/\\\/www.facebook.com\\\/Siljalitalo\\\/\",\"https:\\\/\\\/www.instagram.com\\\/artby.siljart\\\/?hl=fi\",\"https:\\\/\\\/fi.pinterest.com\\\/siljaalitalo\\\/_created\\\/\"]}]}<\/script>\n<!-- \/ Yoast SEO plugin. -->","yoast_head_json":{"title":"Tietosuojaseloste &#8211; Siljart","robots":{"index":"index","follow":"follow","max-snippet":"max-snippet:-1","max-image-preview":"max-image-preview:large","max-video-preview":"max-video-preview:-1"},"canonical":"https:\/\/siljart.fi\/en\/tietosuojaseloste\/","og_locale":"en_GB","og_type":"article","og_title":"Tietosuojaseloste &#8211; Siljart","og_description":"Tietosuojaseloste (p\u00e4ivitetty 23.02.2023) Rekisterinpit\u00e4j\u00e4 ja sen yhteystiedot Siljart (y-tunnus: 2984775-8) Silja AlitaloVaistomaantie 4628660 PORIinfo@siljart.fi Mit\u00e4 tietoja minusta ker\u00e4t\u00e4\u00e4n? Asiakasrekisteriin tallennetaan asiakkaan\u00a0etunimi, sukunimi, katuosoite, postinumero, postitoimipaikka, maa, s\u00e4hk\u00f6postiosoite, puhelinnumero, asioidessa k\u00e4ytetty kieli, asioidessa k\u00e4ytetty valuutta. Yritysasiakkaalta tallennetaan lis\u00e4ksi\u00a0yrityksen nimi, y-tunnus ja alv-tunnus. Lis\u00e4ksi verkkokaupan tilaustietoihin tallennetaan asiakkaan\u00a0tilauksen yhteydess\u00e4 antamat tiedot, kuten tilauksen tuotesis\u00e4lt\u00f6, maksutapa ja toimitustapa. [&hellip;]","og_url":"https:\/\/siljart.fi\/en\/tietosuojaseloste\/","og_site_name":"Siljart","article_publisher":"https:\/\/www.facebook.com\/Siljalitalo\/","article_modified_time":"2026-03-11T08:44:41+00:00","twitter_card":"summary_large_image","twitter_misc":{"Estimated reading time":"1 minute"},"schema":{"@context":"https:\/\/schema.org","@graph":[{"@type":"WebPage","@id":"https:\/\/siljart.fi\/tietosuojaseloste\/","url":"https:\/\/siljart.fi\/tietosuojaseloste\/","name":"Tietosuojaseloste &#8211; Siljart","isPartOf":{"@id":"https:\/\/siljart.fi\/#website"},"datePublished":"2020-10-27T20:35:26+00:00","dateModified":"2026-03-11T08:44:41+00:00","breadcrumb":{"@id":"https:\/\/siljart.fi\/tietosuojaseloste\/#breadcrumb"},"inLanguage":"en-GB","potentialAction":[{"@type":"ReadAction","target":["https:\/\/siljart.fi\/tietosuojaseloste\/"]}]},{"@type":"BreadcrumbList","@id":"https:\/\/siljart.fi\/tietosuojaseloste\/#breadcrumb","itemListElement":[{"@type":"ListItem","position":1,"name":"Etusivu","item":"https:\/\/siljart.fi\/"},{"@type":"ListItem","position":2,"name":"Tietosuojaseloste"}]},{"@type":"WebSite","@id":"https:\/\/siljart.fi\/#website","url":"https:\/\/siljart.fi\/","name":"Siljart","description":"Abstraktia taidetta akustiikkalevylle sek&auml; kankaalle","publisher":{"@id":"https:\/\/siljart.fi\/#organization"},"potentialAction":[{"@type":"SearchAction","target":{"@type":"EntryPoint","urlTemplate":"https:\/\/siljart.fi\/?s={search_term_string}"},"query-input":{"@type":"PropertyValueSpecification","valueRequired":true,"valueName":"search_term_string"}}],"inLanguage":"en-GB"},{"@type":"Organization","@id":"https:\/\/siljart.fi\/#organization","name":"Siljart","url":"https:\/\/siljart.fi\/","logo":{"@type":"ImageObject","inLanguage":"en-GB","@id":"https:\/\/siljart.fi\/#\/schema\/logo\/image\/","url":"https:\/\/siljart.fi\/wp-content\/uploads\/2020\/11\/siljart-logo.png","contentUrl":"https:\/\/siljart.fi\/wp-content\/uploads\/2020\/11\/siljart-logo.png","width":300,"height":194,"caption":"Siljart"},"image":{"@id":"https:\/\/siljart.fi\/#\/schema\/logo\/image\/"},"sameAs":["https:\/\/www.facebook.com\/Siljalitalo\/","https:\/\/www.instagram.com\/artby.siljart\/?hl=fi","https:\/\/fi.pinterest.com\/siljaalitalo\/_created\/"]}]}},"jetpack_sharing_enabled":true,"_links":{"self":[{"href":"https:\/\/siljart.fi\/en\/wp-json\/wp\/v2\/pages\/1197","targetHints":{"allow":["GET"]}}],"collection":[{"href":"https:\/\/siljart.fi\/en\/wp-json\/wp\/v2\/pages"}],"about":[{"href":"https:\/\/siljart.fi\/en\/wp-json\/wp\/v2\/types\/page"}],"author":[{"embeddable":true,"href":"https:\/\/siljart.fi\/en\/wp-json\/wp\/v2\/users\/1"}],"replies":[{"embeddable":true,"href":"https:\/\/siljart.fi\/en\/wp-json\/wp\/v2\/comments?post=1197"}],"version-history":[{"count":1,"href":"https:\/\/siljart.fi\/en\/wp-json\/wp\/v2\/pages\/1197\/revisions"}],"predecessor-version":[{"id":6751,"href":"https:\/\/siljart.fi\/en\/wp-json\/wp\/v2\/pages\/1197\/revisions\/6751"}],"wp:attachment":[{"href":"https:\/\/siljart.fi\/en\/wp-json\/wp\/v2\/media?parent=1197"}],"curies":[{"name":"wp","href":"https:\/\/api.w.org\/{rel}","templated":true}]}}